{"id":29820,"date":"2026-02-25T08:53:53","date_gmt":"2026-02-25T08:53:53","guid":{"rendered":"https:\/\/108giahoa.com\/?post_type=product&#038;p=29820"},"modified":"2026-02-26T02:49:09","modified_gmt":"2026-02-26T02:49:09","slug":"may-lanh-inverter-panasonic-1-0hp-3-0hp","status":"publish","type":"product","link":"https:\/\/108giahoa.com\/?product=may-lanh-inverter-panasonic-1-0hp-3-0hp","title":{"rendered":"M\u00e1y L\u1ea1nh Inverter Panasonic"},"content":{"rendered":"<h3 data-end=\"1413\" data-start=\"1396\">\u0110i\u1ec3m n\u1ed5i b\u1eadt:<\/h3>\n<ul data-end=\"1554\" data-start=\"1414\">\n<li data-end=\"1484\" data-start=\"1414\">\n<p data-end=\"1484\" data-start=\"1416\">C\u00f4ng ngh\u1ec7\u00a0<strong data-end=\"1438\" data-start=\"1426\">Nanoe\u2122 X<\/strong>\u00a0gi\u00fap di\u1ec7t khu\u1ea9n, kh\u1eed m\u00f9i, l\u1ecdc b\u1ee5i m\u1ecbn PM2.5<\/p>\n<\/li>\n<li data-end=\"1512\" data-start=\"1485\">\n<p data-end=\"1512\" data-start=\"1487\">Inverter ti\u1ebft ki\u1ec7m \u0111i\u1ec7n<\/p>\n<\/li>\n<li data-end=\"1554\" data-start=\"1513\">\n<p data-end=\"1554\" data-start=\"1515\">L\u00e0m l\u1ea1nh nhanh, duy tr\u00ec \u0111\u1ed9 \u1ea9m d\u1ec5 ch\u1ecbu<\/p>\n<\/li>\n<\/ul>\n<p data-end=\"1643\" data-start=\"1556\">\ud83d\udc49 Ph\u00f9 h\u1ee3p: Nh\u00e0 c\u00f3 tr\u1ebb nh\u1ecf, ng\u01b0\u1eddi l\u1edbn tu\u1ed5i ho\u1eb7c gia \u0111\u00ecnh quan t\u00e2m ch\u1ea5t l\u01b0\u1ee3ng kh\u00f4ng kh\u00ed.<\/p>\n","protected":false},"excerpt":{"rendered":"<p>\u0110i\u1ec3m n\u1ed5i b\u1eadt: C\u00f4ng ngh\u1ec7\u00a0Nanoe\u2122 X\u00a0gi\u00fap di\u1ec7t khu\u1ea9n, kh\u1eed m\u00f9i, l\u1ecdc b\u1ee5i m\u1ecbn PM2.5 Inverter ti\u1ebft ki\u1ec7m \u0111i\u1ec7n L\u00e0m l\u1ea1nh<\/p>\n","protected":false},"featured_media":29821,"comment_status":"open","ping_status":"closed","template":"","meta":[],"product_brand":[145],"product_cat":[143],"product_tag":[],"class_list":{"0":"post-29820","1":"product","2":"type-product","3":"status-publish","4":"has-post-thumbnail","6":"product_brand-panasonic","7":"product_cat-may-lanh","9":"first","10":"instock","11":"shipping-taxable","12":"product-type-simple"},"_links":{"self":[{"href":"https:\/\/108giahoa.com\/index.php?rest_route=\/wp\/v2\/product\/29820","targetHints":{"allow":["GET"]}}],"collection":[{"href":"https:\/\/108giahoa.com\/index.php?rest_route=\/wp\/v2\/product"}],"about":[{"href":"https:\/\/108giahoa.com\/index.php?rest_route=\/wp\/v2\/types\/product"}],"replies":[{"embeddable":true,"href":"https:\/\/108giahoa.com\/index.php?rest_route=%2Fwp%2Fv2%2Fcomments&post=29820"}],"version-history":[{"count":2,"href":"https:\/\/108giahoa.com\/index.php?rest_route=\/wp\/v2\/product\/29820\/revisions"}],"predecessor-version":[{"id":29957,"href":"https:\/\/108giahoa.com\/index.php?rest_route=\/wp\/v2\/product\/29820\/revisions\/29957"}],"wp:featuredmedia":[{"embeddable":true,"href":"https:\/\/108giahoa.com\/index.php?rest_route=\/wp\/v2\/media\/29821"}],"wp:attachment":[{"href":"https:\/\/108giahoa.com\/index.php?rest_route=%2Fwp%2Fv2%2Fmedia&parent=29820"}],"wp:term":[{"taxonomy":"product_brand","embeddable":true,"href":"https:\/\/108giahoa.com\/index.php?rest_route=%2Fwp%2Fv2%2Fproduct_brand&post=29820"},{"taxonomy":"product_cat","embeddable":true,"href":"https:\/\/108giahoa.com\/index.php?rest_route=%2Fwp%2Fv2%2Fproduct_cat&post=29820"},{"taxonomy":"product_tag","embeddable":true,"href":"https:\/\/108giahoa.com\/index.php?rest_route=%2Fwp%2Fv2%2Fproduct_tag&post=29820"}],"curies":[{"name":"wp","href":"https:\/\/api.w.org\/{rel}","templated":true}]}}