{"id":29826,"date":"2026-02-25T08:58:51","date_gmt":"2026-02-25T08:58:51","guid":{"rendered":"https:\/\/108giahoa.com\/?post_type=product&#038;p=29826"},"modified":"2026-02-26T02:48:44","modified_gmt":"2026-02-26T02:48:44","slug":"may-lanh-inverter-casper-1-0hp-3-0hp","status":"publish","type":"product","link":"https:\/\/108giahoa.com\/?product=may-lanh-inverter-casper-1-0hp-3-0hp","title":{"rendered":"M\u00e1y l\u1ea1nh Inverter Casper"},"content":{"rendered":"<h3 data-end=\"2241\" data-start=\"2221\">V\u00ec sao \u0111\u00e1ng mua?<\/h3>\n<ul data-end=\"2364\" data-start=\"2242\">\n<li data-end=\"2272\" data-start=\"2242\">\n<p data-end=\"2272\" data-start=\"2244\">Gi\u00e1 t\u1ed1t<\/p>\n<\/li>\n<li data-end=\"2303\" data-start=\"2273\">\n<p data-end=\"2303\" data-start=\"2275\">C\u00f3 Inverter ti\u1ebft ki\u1ec7m \u0111i\u1ec7n<\/p>\n<\/li>\n<li data-end=\"2330\" data-start=\"2304\">\n<p data-end=\"2330\" data-start=\"2306\">L\u00e0m l\u1ea1nh nhanh (Turbo)<\/p>\n<\/li>\n<li data-end=\"2364\" data-start=\"2331\">\n<p data-end=\"2364\" data-start=\"2333\">Ph\u00f9 h\u1ee3p ph\u00f2ng tr\u1ecd, c\u0103n h\u1ed9 nh\u1ecf<\/p>\n<\/li>\n<\/ul>\n<p data-end=\"2415\" data-start=\"2366\">\ud83d\udc49 Ph\u00f9 h\u1ee3p: Sinh vi\u00ean, ph\u00f2ng tr\u1ecd, ng\u00e2n s\u00e1ch th\u1ea5p.<\/p>\n","protected":false},"excerpt":{"rendered":"<p>V\u00ec sao \u0111\u00e1ng mua? Gi\u00e1 t\u1ed1t C\u00f3 Inverter ti\u1ebft ki\u1ec7m \u0111i\u1ec7n L\u00e0m l\u1ea1nh nhanh (Turbo) Ph\u00f9 h\u1ee3p ph\u00f2ng tr\u1ecd, c\u0103n<\/p>\n","protected":false},"featured_media":29827,"comment_status":"open","ping_status":"closed","template":"","meta":[],"product_brand":[147],"product_cat":[143],"product_tag":[],"class_list":{"0":"post-29826","1":"product","2":"type-product","3":"status-publish","4":"has-post-thumbnail","6":"product_brand-casper","7":"product_cat-may-lanh","9":"first","10":"instock","11":"shipping-taxable","12":"product-type-simple"},"_links":{"self":[{"href":"https:\/\/108giahoa.com\/index.php?rest_route=\/wp\/v2\/product\/29826","targetHints":{"allow":["GET"]}}],"collection":[{"href":"https:\/\/108giahoa.com\/index.php?rest_route=\/wp\/v2\/product"}],"about":[{"href":"https:\/\/108giahoa.com\/index.php?rest_route=\/wp\/v2\/types\/product"}],"replies":[{"embeddable":true,"href":"https:\/\/108giahoa.com\/index.php?rest_route=%2Fwp%2Fv2%2Fcomments&post=29826"}],"version-history":[{"count":2,"href":"https:\/\/108giahoa.com\/index.php?rest_route=\/wp\/v2\/product\/29826\/revisions"}],"predecessor-version":[{"id":29955,"href":"https:\/\/108giahoa.com\/index.php?rest_route=\/wp\/v2\/product\/29826\/revisions\/29955"}],"wp:featuredmedia":[{"embeddable":true,"href":"https:\/\/108giahoa.com\/index.php?rest_route=\/wp\/v2\/media\/29827"}],"wp:attachment":[{"href":"https:\/\/108giahoa.com\/index.php?rest_route=%2Fwp%2Fv2%2Fmedia&parent=29826"}],"wp:term":[{"taxonomy":"product_brand","embeddable":true,"href":"https:\/\/108giahoa.com\/index.php?rest_route=%2Fwp%2Fv2%2Fproduct_brand&post=29826"},{"taxonomy":"product_cat","embeddable":true,"href":"https:\/\/108giahoa.com\/index.php?rest_route=%2Fwp%2Fv2%2Fproduct_cat&post=29826"},{"taxonomy":"product_tag","embeddable":true,"href":"https:\/\/108giahoa.com\/index.php?rest_route=%2Fwp%2Fv2%2Fproduct_tag&post=29826"}],"curies":[{"name":"wp","href":"https:\/\/api.w.org\/{rel}","templated":true}]}}