{"id":29832,"date":"2026-02-25T09:08:59","date_gmt":"2026-02-25T09:08:59","guid":{"rendered":"https:\/\/108giahoa.com\/?post_type=product&#038;p=29832"},"modified":"2026-02-25T09:08:59","modified_gmt":"2026-02-25T09:08:59","slug":"may-lanh-inverter-mitsubishi-heavy","status":"publish","type":"product","link":"https:\/\/108giahoa.com\/?product=may-lanh-inverter-mitsubishi-heavy","title":{"rendered":"M\u00e1y l\u1ea1nh inverter Mitsubishi Heavy"},"content":{"rendered":"<h3 data-start=\"732\" data-end=\"773\">Hi\u1ec7u su\u1ea5t l\u00e0m l\u1ea1nh nhanh v\u00e0 \u1ed5n \u0111\u1ecbnh<\/h3>\n<p data-start=\"774\" data-end=\"1058\">M\u00e1y l\u1ea1nh Mitsubishi Heavy \u0111\u01b0\u1ee3c trang b\u1ecb c\u00f4ng ngh\u1ec7 l\u00e0m l\u1ea1nh ti\u00ean ti\u1ebfn, c\u00f3 kh\u1ea3 n\u0103ng \u0111\u01b0a kh\u00f4ng kh\u00ed m\u00e1t \u0111\u1ebfn m\u1ecdi ng\u00f3c ng\u00e1ch trong ph\u00f2ng ch\u1ec9 trong th\u1eddi gian ng\u1eafn. Nh\u1edd thi\u1ebft k\u1ebf c\u00e1nh qu\u1ea1t gi\u00f3 r\u1ed9ng, lu\u1ed3ng kh\u00ed l\u1ea1nh t\u1ecfa \u0111\u1ec1u, gi\u00fap kh\u00f4ng gian lu\u00f4n d\u1ec5 ch\u1ecbu m\u00e0 kh\u00f4ng t\u1ea1o c\u1ea3m gi\u00e1c l\u1ea1nh bu\u1ed1t c\u1ee5c b\u1ed9.<\/p>\n<h3 data-start=\"1060\" data-end=\"1089\">\u0110\u1ed9 b\u1ec1n cao, \u00edt h\u1ecfng v\u1eb7t<\/h3>\n<p data-start=\"1090\" data-end=\"1381\">M\u1ed9t trong nh\u1eefng l\u00fd do khi\u1ebfn nhi\u1ec1u kh\u00e1ch h\u00e0ng tin d\u00f9ng Mitsubishi Heavy ch\u00ednh l\u00e0 \u0111\u1ed9 b\u1ec1n. C\u00e1c linh ki\u1ec7n \u0111\u01b0\u1ee3c s\u1ea3n xu\u1ea5t theo ti\u00eau chu\u1ea9n kh\u1eaft khe c\u1ee7a Nh\u1eadt B\u1ea3n, c\u00f3 kh\u1ea3 n\u0103ng ho\u1ea1t \u0111\u1ed9ng \u1ed5n \u0111\u1ecbnh trong nhi\u1ec1u n\u0103m. M\u00e1y ch\u1ecbu \u0111\u01b0\u1ee3c \u0111i\u1ec1u ki\u1ec7n th\u1eddi ti\u1ebft kh\u1eafc nghi\u1ec7t, k\u1ec3 c\u1ea3 m\u00f4i tr\u01b0\u1eddng n\u00f3ng \u1ea9m nh\u01b0 \u1edf Vi\u1ec7t Nam.<\/p>\n<h3 data-start=\"1383\" data-end=\"1417\">Ti\u1ebft ki\u1ec7m \u0111i\u1ec7n n\u0103ng hi\u1ec7u qu\u1ea3<\/h3>\n<p data-start=\"1418\" data-end=\"1641\">Nhi\u1ec1u d\u00f2ng m\u00e1y l\u1ea1nh Mitsubishi Heavy \u0111\u01b0\u1ee3c t\u00edch h\u1ee3p c\u00f4ng ngh\u1ec7 bi\u1ebfn t\u1ea7n inverter, gi\u00fap m\u00e1y v\u1eadn h\u00e0nh \u00eam \u00e1i v\u00e0 ti\u1ebft ki\u1ec7m \u0111i\u1ec7n n\u0103ng \u0111\u00e1ng k\u1ec3. Ng\u01b0\u1eddi d\u00f9ng c\u00f3 th\u1ec3 s\u1eed d\u1ee5ng l\u00e2u d\u00e0i m\u00e0 kh\u00f4ng qu\u00e1 lo l\u1eafng v\u1ec1 chi ph\u00ed h\u00f3a \u0111\u01a1n h\u00e0ng th\u00e1ng.<\/p>\n<h3 data-start=\"1643\" data-end=\"1663\">V\u1eadn h\u00e0nh \u00eam \u00e1i<\/h3>\n<p data-start=\"1664\" data-end=\"1894\">M\u00e1y l\u1ea1nh Mitsubishi Heavy \u0111\u01b0\u1ee3c thi\u1ebft k\u1ebf \u0111\u1ec3 gi\u1ea3m thi\u1ec3u t\u1ed1i \u0111a ti\u1ebfng \u1ed3n. C\u1ea3 d\u00e0n n\u00f3ng v\u00e0 d\u00e0n l\u1ea1nh \u0111\u1ec1u ho\u1ea1t \u0111\u1ed9ng kh\u00e1 \u00eam, mang \u0111\u1ebfn kh\u00f4ng gian y\u00ean t\u0129nh, ph\u00f9 h\u1ee3p cho ph\u00f2ng ng\u1ee7, v\u0103n ph\u00f2ng l\u00e0m vi\u1ec7c hay nh\u1eefng khu v\u1ef1c c\u1ea7n s\u1ef1 t\u1eadp trung cao.<\/p>\n<h3 data-start=\"1896\" data-end=\"1929\">\u0110a d\u1ea1ng c\u00f4ng su\u1ea5t v\u00e0 m\u1eabu m\u00e3<\/h3>\n<p data-start=\"1930\" data-end=\"2162\">Th\u01b0\u01a1ng hi\u1ec7u n\u00e0y cung c\u1ea5p nhi\u1ec1u d\u00f2ng s\u1ea3n ph\u1ea9m v\u1edbi c\u00f4ng su\u1ea5t kh\u00e1c nhau, t\u1eeb lo\u1ea1i 1HP d\u00e0nh cho ph\u00f2ng nh\u1ecf cho \u0111\u1ebfn c\u00e1c d\u00f2ng c\u00f4ng su\u1ea5t l\u1edbn d\u00f9ng cho kh\u00f4ng gian r\u1ed9ng. Ki\u1ec3u d\u00e1ng c\u0169ng \u0111a d\u1ea1ng, hi\u1ec7n \u0111\u1ea1i, ph\u00f9 h\u1ee3p v\u1edbi nhi\u1ec1u phong c\u00e1ch n\u1ed9i th\u1ea5t.<\/p>\n","protected":false},"excerpt":{"rendered":"<p>Hi\u1ec7u su\u1ea5t l\u00e0m l\u1ea1nh nhanh v\u00e0 \u1ed5n \u0111\u1ecbnh M\u00e1y l\u1ea1nh Mitsubishi Heavy \u0111\u01b0\u1ee3c trang b\u1ecb c\u00f4ng ngh\u1ec7 l\u00e0m l\u1ea1nh ti\u00ean<\/p>\n","protected":false},"featured_media":29833,"comment_status":"open","ping_status":"closed","template":"","meta":[],"product_brand":[149],"product_cat":[143],"product_tag":[],"class_list":{"0":"post-29832","1":"product","2":"type-product","3":"status-publish","4":"has-post-thumbnail","6":"product_brand-mitsubishi","7":"product_cat-may-lanh","9":"first","10":"instock","11":"shipping-taxable","12":"product-type-simple"},"_links":{"self":[{"href":"https:\/\/108giahoa.com\/index.php?rest_route=\/wp\/v2\/product\/29832","targetHints":{"allow":["GET"]}}],"collection":[{"href":"https:\/\/108giahoa.com\/index.php?rest_route=\/wp\/v2\/product"}],"about":[{"href":"https:\/\/108giahoa.com\/index.php?rest_route=\/wp\/v2\/types\/product"}],"replies":[{"embeddable":true,"href":"https:\/\/108giahoa.com\/index.php?rest_route=%2Fwp%2Fv2%2Fcomments&post=29832"}],"version-history":[{"count":1,"href":"https:\/\/108giahoa.com\/index.php?rest_route=\/wp\/v2\/product\/29832\/revisions"}],"predecessor-version":[{"id":29834,"href":"https:\/\/108giahoa.com\/index.php?rest_route=\/wp\/v2\/product\/29832\/revisions\/29834"}],"wp:featuredmedia":[{"embeddable":true,"href":"https:\/\/108giahoa.com\/index.php?rest_route=\/wp\/v2\/media\/29833"}],"wp:attachment":[{"href":"https:\/\/108giahoa.com\/index.php?rest_route=%2Fwp%2Fv2%2Fmedia&parent=29832"}],"wp:term":[{"taxonomy":"product_brand","embeddable":true,"href":"https:\/\/108giahoa.com\/index.php?rest_route=%2Fwp%2Fv2%2Fproduct_brand&post=29832"},{"taxonomy":"product_cat","embeddable":true,"href":"https:\/\/108giahoa.com\/index.php?rest_route=%2Fwp%2Fv2%2Fproduct_cat&post=29832"},{"taxonomy":"product_tag","embeddable":true,"href":"https:\/\/108giahoa.com\/index.php?rest_route=%2Fwp%2Fv2%2Fproduct_tag&post=29832"}],"curies":[{"name":"wp","href":"https:\/\/api.w.org\/{rel}","templated":true}]}}