{"id":29900,"date":"2026-02-26T01:58:23","date_gmt":"2026-02-26T01:58:23","guid":{"rendered":"https:\/\/108giahoa.com\/?post_type=product&#038;p=29900"},"modified":"2026-02-26T01:58:24","modified_gmt":"2026-02-26T01:58:24","slug":"bo-lap-ghep-mo-hinh-ki-thuat-lop-4-hs","status":"publish","type":"product","link":"https:\/\/108giahoa.com\/?product=bo-lap-ghep-mo-hinh-ki-thuat-lop-4-hs","title":{"rendered":"B\u1ed8 L\u1eaeP GH\u00c9P M\u00d4 H\u00ccNH K\u0128 THU\u1eacT L\u1edaP 4 (HS)"},"content":{"rendered":"","protected":false},"excerpt":{"rendered":"","protected":false},"featured_media":29901,"comment_status":"open","ping_status":"closed","template":"","meta":[],"product_brand":[153],"product_cat":[150],"product_tag":[],"class_list":{"0":"post-29900","1":"product","2":"type-product","3":"status-publish","4":"has-post-thumbnail","6":"product_brand-tieu-hoc","7":"product_cat-thiet-bi-day-hoc","9":"first","10":"instock","11":"shipping-taxable","12":"product-type-simple"},"_links":{"self":[{"href":"https:\/\/108giahoa.com\/index.php?rest_route=\/wp\/v2\/product\/29900","targetHints":{"allow":["GET"]}}],"collection":[{"href":"https:\/\/108giahoa.com\/index.php?rest_route=\/wp\/v2\/product"}],"about":[{"href":"https:\/\/108giahoa.com\/index.php?rest_route=\/wp\/v2\/types\/product"}],"replies":[{"embeddable":true,"href":"https:\/\/108giahoa.com\/index.php?rest_route=%2Fwp%2Fv2%2Fcomments&post=29900"}],"version-history":[{"count":1,"href":"https:\/\/108giahoa.com\/index.php?rest_route=\/wp\/v2\/product\/29900\/revisions"}],"predecessor-version":[{"id":29902,"href":"https:\/\/108giahoa.com\/index.php?rest_route=\/wp\/v2\/product\/29900\/revisions\/29902"}],"wp:featuredmedia":[{"embeddable":true,"href":"https:\/\/108giahoa.com\/index.php?rest_route=\/wp\/v2\/media\/29901"}],"wp:attachment":[{"href":"https:\/\/108giahoa.com\/index.php?rest_route=%2Fwp%2Fv2%2Fmedia&parent=29900"}],"wp:term":[{"taxonomy":"product_brand","embeddable":true,"href":"https:\/\/108giahoa.com\/index.php?rest_route=%2Fwp%2Fv2%2Fproduct_brand&post=29900"},{"taxonomy":"product_cat","embeddable":true,"href":"https:\/\/108giahoa.com\/index.php?rest_route=%2Fwp%2Fv2%2Fproduct_cat&post=29900"},{"taxonomy":"product_tag","embeddable":true,"href":"https:\/\/108giahoa.com\/index.php?rest_route=%2Fwp%2Fv2%2Fproduct_tag&post=29900"}],"curies":[{"name":"wp","href":"https:\/\/api.w.org\/{rel}","templated":true}]}}