{"id":29903,"date":"2026-02-26T01:59:44","date_gmt":"2026-02-26T01:59:44","guid":{"rendered":"https:\/\/108giahoa.com\/?post_type=product&#038;p=29903"},"modified":"2026-02-26T01:59:44","modified_gmt":"2026-02-26T01:59:44","slug":"bo-lap-ghep-mo-hinh-ki-thuat-lop-5-hs","status":"publish","type":"product","link":"https:\/\/108giahoa.com\/?product=bo-lap-ghep-mo-hinh-ki-thuat-lop-5-hs","title":{"rendered":"B\u1ed8 L\u1eaeP GH\u00c9P M\u00d4 H\u00ccNH K\u0128 THU\u1eacT L\u1edaP 5 (HS)"},"content":{"rendered":"","protected":false},"excerpt":{"rendered":"","protected":false},"featured_media":29904,"comment_status":"open","ping_status":"closed","template":"","meta":[],"product_brand":[153],"product_cat":[150],"product_tag":[],"class_list":{"0":"post-29903","1":"product","2":"type-product","3":"status-publish","4":"has-post-thumbnail","6":"product_brand-tieu-hoc","7":"product_cat-thiet-bi-day-hoc","9":"first","10":"instock","11":"shipping-taxable","12":"product-type-simple"},"_links":{"self":[{"href":"https:\/\/108giahoa.com\/index.php?rest_route=\/wp\/v2\/product\/29903","targetHints":{"allow":["GET"]}}],"collection":[{"href":"https:\/\/108giahoa.com\/index.php?rest_route=\/wp\/v2\/product"}],"about":[{"href":"https:\/\/108giahoa.com\/index.php?rest_route=\/wp\/v2\/types\/product"}],"replies":[{"embeddable":true,"href":"https:\/\/108giahoa.com\/index.php?rest_route=%2Fwp%2Fv2%2Fcomments&post=29903"}],"version-history":[{"count":1,"href":"https:\/\/108giahoa.com\/index.php?rest_route=\/wp\/v2\/product\/29903\/revisions"}],"predecessor-version":[{"id":29905,"href":"https:\/\/108giahoa.com\/index.php?rest_route=\/wp\/v2\/product\/29903\/revisions\/29905"}],"wp:featuredmedia":[{"embeddable":true,"href":"https:\/\/108giahoa.com\/index.php?rest_route=\/wp\/v2\/media\/29904"}],"wp:attachment":[{"href":"https:\/\/108giahoa.com\/index.php?rest_route=%2Fwp%2Fv2%2Fmedia&parent=29903"}],"wp:term":[{"taxonomy":"product_brand","embeddable":true,"href":"https:\/\/108giahoa.com\/index.php?rest_route=%2Fwp%2Fv2%2Fproduct_brand&post=29903"},{"taxonomy":"product_cat","embeddable":true,"href":"https:\/\/108giahoa.com\/index.php?rest_route=%2Fwp%2Fv2%2Fproduct_cat&post=29903"},{"taxonomy":"product_tag","embeddable":true,"href":"https:\/\/108giahoa.com\/index.php?rest_route=%2Fwp%2Fv2%2Fproduct_tag&post=29903"}],"curies":[{"name":"wp","href":"https:\/\/api.w.org\/{rel}","templated":true}]}}