{"id":29906,"date":"2026-02-26T02:07:19","date_gmt":"2026-02-26T02:07:19","guid":{"rendered":"https:\/\/108giahoa.com\/?post_type=product&#038;p=29906"},"modified":"2026-02-26T02:07:20","modified_gmt":"2026-02-26T02:07:20","slug":"mo-hinh-phan-tu-dang-dac","status":"publish","type":"product","link":"https:\/\/108giahoa.com\/?product=mo-hinh-phan-tu-dang-dac","title":{"rendered":"M\u00d4 H\u00ccNH PH\u00c2N T\u1eec D\u1ea0NG \u0110\u1eb6C"},"content":{"rendered":"","protected":false},"excerpt":{"rendered":"","protected":false},"featured_media":29907,"comment_status":"open","ping_status":"closed","template":"","meta":[],"product_brand":[154],"product_cat":[150],"product_tag":[],"class_list":{"0":"post-29906","1":"product","2":"type-product","3":"status-publish","4":"has-post-thumbnail","6":"product_brand-thcs","7":"product_cat-thiet-bi-day-hoc","9":"first","10":"instock","11":"shipping-taxable","12":"product-type-simple"},"_links":{"self":[{"href":"https:\/\/108giahoa.com\/index.php?rest_route=\/wp\/v2\/product\/29906","targetHints":{"allow":["GET"]}}],"collection":[{"href":"https:\/\/108giahoa.com\/index.php?rest_route=\/wp\/v2\/product"}],"about":[{"href":"https:\/\/108giahoa.com\/index.php?rest_route=\/wp\/v2\/types\/product"}],"replies":[{"embeddable":true,"href":"https:\/\/108giahoa.com\/index.php?rest_route=%2Fwp%2Fv2%2Fcomments&post=29906"}],"version-history":[{"count":1,"href":"https:\/\/108giahoa.com\/index.php?rest_route=\/wp\/v2\/product\/29906\/revisions"}],"predecessor-version":[{"id":29908,"href":"https:\/\/108giahoa.com\/index.php?rest_route=\/wp\/v2\/product\/29906\/revisions\/29908"}],"wp:featuredmedia":[{"embeddable":true,"href":"https:\/\/108giahoa.com\/index.php?rest_route=\/wp\/v2\/media\/29907"}],"wp:attachment":[{"href":"https:\/\/108giahoa.com\/index.php?rest_route=%2Fwp%2Fv2%2Fmedia&parent=29906"}],"wp:term":[{"taxonomy":"product_brand","embeddable":true,"href":"https:\/\/108giahoa.com\/index.php?rest_route=%2Fwp%2Fv2%2Fproduct_brand&post=29906"},{"taxonomy":"product_cat","embeddable":true,"href":"https:\/\/108giahoa.com\/index.php?rest_route=%2Fwp%2Fv2%2Fproduct_cat&post=29906"},{"taxonomy":"product_tag","embeddable":true,"href":"https:\/\/108giahoa.com\/index.php?rest_route=%2Fwp%2Fv2%2Fproduct_tag&post=29906"}],"curies":[{"name":"wp","href":"https:\/\/api.w.org\/{rel}","templated":true}]}}