{"id":29933,"date":"2026-02-26T02:34:19","date_gmt":"2026-02-26T02:34:19","guid":{"rendered":"https:\/\/108giahoa.com\/?post_type=product&#038;p=29933"},"modified":"2026-02-26T02:34:20","modified_gmt":"2026-02-26T02:34:20","slug":"mo-hinh-phan-tu-dang-rong","status":"publish","type":"product","link":"https:\/\/108giahoa.com\/?product=mo-hinh-phan-tu-dang-rong","title":{"rendered":"M\u00d4 H\u00ccNH PH\u00c2N T\u1eec D\u1ea0NG R\u1ed6NG"},"content":{"rendered":"","protected":false},"excerpt":{"rendered":"","protected":false},"featured_media":29934,"comment_status":"open","ping_status":"closed","template":"","meta":[],"product_brand":[154],"product_cat":[150],"product_tag":[],"class_list":{"0":"post-29933","1":"product","2":"type-product","3":"status-publish","4":"has-post-thumbnail","6":"product_brand-thcs","7":"product_cat-thiet-bi-day-hoc","9":"first","10":"instock","11":"shipping-taxable","12":"product-type-simple"},"_links":{"self":[{"href":"https:\/\/108giahoa.com\/index.php?rest_route=\/wp\/v2\/product\/29933","targetHints":{"allow":["GET"]}}],"collection":[{"href":"https:\/\/108giahoa.com\/index.php?rest_route=\/wp\/v2\/product"}],"about":[{"href":"https:\/\/108giahoa.com\/index.php?rest_route=\/wp\/v2\/types\/product"}],"replies":[{"embeddable":true,"href":"https:\/\/108giahoa.com\/index.php?rest_route=%2Fwp%2Fv2%2Fcomments&post=29933"}],"version-history":[{"count":1,"href":"https:\/\/108giahoa.com\/index.php?rest_route=\/wp\/v2\/product\/29933\/revisions"}],"predecessor-version":[{"id":29935,"href":"https:\/\/108giahoa.com\/index.php?rest_route=\/wp\/v2\/product\/29933\/revisions\/29935"}],"wp:featuredmedia":[{"embeddable":true,"href":"https:\/\/108giahoa.com\/index.php?rest_route=\/wp\/v2\/media\/29934"}],"wp:attachment":[{"href":"https:\/\/108giahoa.com\/index.php?rest_route=%2Fwp%2Fv2%2Fmedia&parent=29933"}],"wp:term":[{"taxonomy":"product_brand","embeddable":true,"href":"https:\/\/108giahoa.com\/index.php?rest_route=%2Fwp%2Fv2%2Fproduct_brand&post=29933"},{"taxonomy":"product_cat","embeddable":true,"href":"https:\/\/108giahoa.com\/index.php?rest_route=%2Fwp%2Fv2%2Fproduct_cat&post=29933"},{"taxonomy":"product_tag","embeddable":true,"href":"https:\/\/108giahoa.com\/index.php?rest_route=%2Fwp%2Fv2%2Fproduct_tag&post=29933"}],"curies":[{"name":"wp","href":"https:\/\/api.w.org\/{rel}","templated":true}]}}