{"id":30038,"date":"2026-02-27T08:29:20","date_gmt":"2026-02-27T08:29:20","guid":{"rendered":"https:\/\/108giahoa.com\/?post_type=product&#038;p=30038"},"modified":"2026-02-27T08:29:20","modified_gmt":"2026-02-27T08:29:20","slug":"bo-luu-dien-ups-offline-cyberpower-bu600e-360w-600va","status":"publish","type":"product","link":"https:\/\/108giahoa.com\/?product=bo-luu-dien-ups-offline-cyberpower-bu600e-360w-600va","title":{"rendered":"B\u1ed9 L\u01b0u \u0110i\u1ec7n UPS Offline CyberPower BU600E (360W-600VA)"},"content":{"rendered":"<ul>\n<li><span class=\"item \">C\u00f4ng su\u1ea5t: 600VA\/360W<\/span><\/li>\n<li><span class=\"item \"><i class=\"fa fa-check-circle\"><\/i>\u00a0K\u00edch th\u01b0\u1edbc: 158&#215;91.5x240mm<\/span><span class=\"item \"><i class=\"fa fa-check-circle\"><\/i>\u00a0<\/span><\/li>\n<li><span class=\"item \">Tr\u1ecdng l\u01b0\u1ee3ng: 3.9kg<\/span><\/li>\n<li><span class=\"item \"><i class=\"fa fa-check-circle\"><\/i>T\u1ea3i 60W: 30 ph\u00fat<\/span><\/li>\n<li><span class=\"item hide d-block\"><i class=\"fa fa-check-circle\"><\/i>T\u1ea3i 90W: 18 ph\u00fat<\/span><\/li>\n<li><span class=\"item hide d-block\"><i class=\"fa fa-check-circle\"><\/i><strong>Th\u00f4ng s\u1ed1 \u0111\u1ea7u v\u00e0o:<\/strong><\/span><strong><span class=\"item hide d-block\"><i class=\"fa fa-check-circle\"><\/i>\u00a0<\/span><\/strong><\/li>\n<li><span class=\"item hide d-block\">\u0110i\u1ec7n \u00e1p \u0111\u1ecbnh m\u1ee9c: 220\/230\/240VAC<\/span><span class=\"item hide d-block\"><i class=\"fa fa-check-circle\"><\/i>\u00a0<\/span><\/li>\n<li><span class=\"item hide d-block\">D\u1ea3i \u0111i\u1ec7n \u00e1p v\u00e0o: 165-280VAC<\/span><span class=\"item hide d-block\"><i class=\"fa fa-check-circle\"><\/i>\u00a0<\/span><\/li>\n<li><span class=\"item hide d-block\">T\u1ea7n s\u1ed1: 50\u00b1 5Hz\/60Hz \u00b1 5Hz<\/span><span class=\"item hide d-block\"><i class=\"fa fa-check-circle\"><\/i>\u00a0<\/span><\/li>\n<li><strong><span class=\"item hide d-block\">Th\u00f4ng s\u1ed1 \u0111\u1ea7u ra:<\/span><span class=\"item hide d-block\"><i class=\"fa fa-check-circle\"><\/i>\u00a0<\/span><\/strong><\/li>\n<li><span class=\"item hide d-block\">\u0110i\u1ec7n \u00e1p \u0111\u1ea7u ra: 230VAC \u00b1 10%<\/span><span class=\"item hide d-block\"><i class=\"fa fa-check-circle\"><\/i>\u00a0<\/span><\/li>\n<li><span class=\"item hide d-block\">T\u1ea7n s\u1ed1: 50Hz \u00b1 1%\/60Hz \u00b1 1%<\/span><span class=\"item hide d-block\"><i class=\"fa fa-check-circle\"><\/i>\u00a0<\/span><\/li>\n<li><span class=\"item hide d-block\">Th\u1eddi gian chuy\u1ec3n m\u1ea1ch: 4ms<\/span><span class=\"item hide d-block\"><i class=\"fa fa-check-circle\"><\/i>\u00a0<\/span><\/li>\n<li><span class=\"item hide d-block\">D\u1ea1ng s\u00f3ng: s\u00f3ng h\u00ecnh sin m\u00f4 ph\u1ecfng<\/span><\/li>\n<li><span class=\"item hide d-block\">C\u1ea3nh b\u00e1o: \u00c2m thanh + LED<\/span><\/li>\n<li><span class=\"item hide d-block\">Form: Brick<\/span><\/li>\n<\/ul>\n","protected":false},"excerpt":{"rendered":"<p>C\u00f4ng su\u1ea5t: 600VA\/360W \u00a0K\u00edch th\u01b0\u1edbc: 158&#215;91.5x240mm\u00a0 Tr\u1ecdng l\u01b0\u1ee3ng: 3.9kg T\u1ea3i 60W: 30 ph\u00fat T\u1ea3i 90W: 18 ph\u00fat Th\u00f4ng s\u1ed1 \u0111\u1ea7u<\/p>\n","protected":false},"featured_media":30039,"comment_status":"open","ping_status":"closed","template":"","meta":[],"product_brand":[163],"product_cat":[91],"product_tag":[],"class_list":{"0":"post-30038","1":"product","2":"type-product","3":"status-publish","4":"has-post-thumbnail","6":"product_brand-ups-luu-dien","7":"product_cat-thiet-bi-cntt","9":"first","10":"instock","11":"shipping-taxable","12":"product-type-simple"},"_links":{"self":[{"href":"https:\/\/108giahoa.com\/index.php?rest_route=\/wp\/v2\/product\/30038","targetHints":{"allow":["GET"]}}],"collection":[{"href":"https:\/\/108giahoa.com\/index.php?rest_route=\/wp\/v2\/product"}],"about":[{"href":"https:\/\/108giahoa.com\/index.php?rest_route=\/wp\/v2\/types\/product"}],"replies":[{"embeddable":true,"href":"https:\/\/108giahoa.com\/index.php?rest_route=%2Fwp%2Fv2%2Fcomments&post=30038"}],"version-history":[{"count":1,"href":"https:\/\/108giahoa.com\/index.php?rest_route=\/wp\/v2\/product\/30038\/revisions"}],"predecessor-version":[{"id":30040,"href":"https:\/\/108giahoa.com\/index.php?rest_route=\/wp\/v2\/product\/30038\/revisions\/30040"}],"wp:featuredmedia":[{"embeddable":true,"href":"https:\/\/108giahoa.com\/index.php?rest_route=\/wp\/v2\/media\/30039"}],"wp:attachment":[{"href":"https:\/\/108giahoa.com\/index.php?rest_route=%2Fwp%2Fv2%2Fmedia&parent=30038"}],"wp:term":[{"taxonomy":"product_brand","embeddable":true,"href":"https:\/\/108giahoa.com\/index.php?rest_route=%2Fwp%2Fv2%2Fproduct_brand&post=30038"},{"taxonomy":"product_cat","embeddable":true,"href":"https:\/\/108giahoa.com\/index.php?rest_route=%2Fwp%2Fv2%2Fproduct_cat&post=30038"},{"taxonomy":"product_tag","embeddable":true,"href":"https:\/\/108giahoa.com\/index.php?rest_route=%2Fwp%2Fv2%2Fproduct_tag&post=30038"}],"curies":[{"name":"wp","href":"https:\/\/api.w.org\/{rel}","templated":true}]}}