{"id":30041,"date":"2026-02-27T08:33:59","date_gmt":"2026-02-27T08:33:59","guid":{"rendered":"https:\/\/108giahoa.com\/?post_type=product&#038;p=30041"},"modified":"2026-02-27T08:33:59","modified_gmt":"2026-02-27T08:33:59","slug":"bo-luu-dien-cyber-power-ols2000e","status":"publish","type":"product","link":"https:\/\/108giahoa.com\/?product=bo-luu-dien-cyber-power-ols2000e","title":{"rendered":"B\u1ed9 l\u01b0u \u0111i\u1ec7n Cyber Power OLS2000E"},"content":{"rendered":"<ul>\n<li><strong><span class=\"item \">Cyber Power OLS2000E<\/span><\/strong><\/li>\n<li><span class=\"item \">C\u00f4ng su\u1ea5t b\u1ed9 l\u01b0u \u0111i\u1ec7n: 2000VA\/ 1800W<\/span><\/li>\n<li><span class=\"item \">C\u00f4ng ngh\u1ec7: Online (Double Conversion)<\/span><\/li>\n<li><span class=\"item \">H\u1ec7 s\u1ed1 c\u00f4ng su\u1ea5t: 0.8<\/span><\/li>\n<li><span class=\"item hide d-block\">\u0110i\u1ec7n \u00e1p ng\u00f5 v\u00e0o: 190-280VAC<\/span><\/li>\n<li><span class=\"item hide d-block\">T\u1ea7n s\u1ed1 ng\u00f5 v\u00e0o: 40-70 Hz<\/span><\/li>\n<li><span class=\"item hide d-block\">\u0110i\u1ec7n \u00e1p ng\u00f5 ra: 208, 220, 230, 240VAC (Configurable)<\/span><\/li>\n<li><span class=\"item hide d-block\">T\u1ea7n s\u1ed1 ng\u00f5 ra: 50Hz\/ 60Hz \u00b1 0.5%<\/span><\/li>\n<li><span class=\"item hide d-block\">D\u1ea1ng s\u00f3ng ng\u00f5 ra: S\u00f3ng sin chu\u1ea9n<\/span><\/li>\n<li><span class=\"item hide d-block\">\u1eaec quy: 12V\/ 7AH<\/span><\/li>\n<li><span class=\"item hide d-block\">Th\u1eddi gian s\u1ea1c: 5 gi\u1edd<\/span><\/li>\n<li><span class=\"item hide d-block\">Thay th\u1ebf pin n\u00f3ng<\/span><\/li>\n<li><span class=\"item hide d-block\">Ma\u0300n hi\u0300nh hi\u00ea\u0323n thi\u0323 LCD va\u0300 LED<\/span><\/li>\n<li><span class=\"item hide d-block\">B\u1ea3o v\u1ec7 ch\u1ed1ng s\u00e9t lan truy\u1ec1n: RJ11\/RJ45 (One In\/ One Out)<\/span><\/li>\n<li><span class=\"item hide d-block\">EPO (Emergency Power Off): Ng\u1eaft ngu\u1ed3n ng\u00f5 ra kh\u1ea9n c\u1ea5p<\/span><\/li>\n<li><span class=\"item hide d-block\">C\u00f4\u0309ng k\u00ea\u0301t n\u00f4\u0301i: RS232, USB<\/span><\/li>\n<li><span class=\"item hide d-block\">SNMP\/ HTTP Remote Management Capability (Optional)<\/span><\/li>\n<li><span class=\"item hide d-block\">Ph\u1ea7n m\u1ec1m: PowerPanel\u00aeBusiness Edition<\/span><\/li>\n<li><span class=\"item hide d-block\">Ki\u1ec3u d\u00e1ng: Tower<\/span><\/li>\n<\/ul>\n","protected":false},"excerpt":{"rendered":"<p>Cyber Power OLS2000E C\u00f4ng su\u1ea5t b\u1ed9 l\u01b0u \u0111i\u1ec7n: 2000VA\/ 1800W C\u00f4ng ngh\u1ec7: Online (Double Conversion) H\u1ec7 s\u1ed1 c\u00f4ng su\u1ea5t: 0.8<\/p>\n","protected":false},"featured_media":30042,"comment_status":"open","ping_status":"closed","template":"","meta":[],"product_brand":[163],"product_cat":[91],"product_tag":[],"class_list":{"0":"post-30041","1":"product","2":"type-product","3":"status-publish","4":"has-post-thumbnail","6":"product_brand-ups-luu-dien","7":"product_cat-thiet-bi-cntt","9":"first","10":"instock","11":"shipping-taxable","12":"product-type-simple"},"_links":{"self":[{"href":"https:\/\/108giahoa.com\/index.php?rest_route=\/wp\/v2\/product\/30041","targetHints":{"allow":["GET"]}}],"collection":[{"href":"https:\/\/108giahoa.com\/index.php?rest_route=\/wp\/v2\/product"}],"about":[{"href":"https:\/\/108giahoa.com\/index.php?rest_route=\/wp\/v2\/types\/product"}],"replies":[{"embeddable":true,"href":"https:\/\/108giahoa.com\/index.php?rest_route=%2Fwp%2Fv2%2Fcomments&post=30041"}],"version-history":[{"count":1,"href":"https:\/\/108giahoa.com\/index.php?rest_route=\/wp\/v2\/product\/30041\/revisions"}],"predecessor-version":[{"id":30043,"href":"https:\/\/108giahoa.com\/index.php?rest_route=\/wp\/v2\/product\/30041\/revisions\/30043"}],"wp:featuredmedia":[{"embeddable":true,"href":"https:\/\/108giahoa.com\/index.php?rest_route=\/wp\/v2\/media\/30042"}],"wp:attachment":[{"href":"https:\/\/108giahoa.com\/index.php?rest_route=%2Fwp%2Fv2%2Fmedia&parent=30041"}],"wp:term":[{"taxonomy":"product_brand","embeddable":true,"href":"https:\/\/108giahoa.com\/index.php?rest_route=%2Fwp%2Fv2%2Fproduct_brand&post=30041"},{"taxonomy":"product_cat","embeddable":true,"href":"https:\/\/108giahoa.com\/index.php?rest_route=%2Fwp%2Fv2%2Fproduct_cat&post=30041"},{"taxonomy":"product_tag","embeddable":true,"href":"https:\/\/108giahoa.com\/index.php?rest_route=%2Fwp%2Fv2%2Fproduct_tag&post=30041"}],"curies":[{"name":"wp","href":"https:\/\/api.w.org\/{rel}","templated":true}]}}