{"id":30057,"date":"2026-02-27T08:49:39","date_gmt":"2026-02-27T08:49:39","guid":{"rendered":"https:\/\/108giahoa.com\/?post_type=product&#038;p=30057"},"modified":"2026-02-27T08:49:40","modified_gmt":"2026-02-27T08:49:40","slug":"bo-luu-dien-ups-apc-2000va-230v-lcd-smc2000i","status":"publish","type":"product","link":"https:\/\/108giahoa.com\/?product=bo-luu-dien-ups-apc-2000va-230v-lcd-smc2000i","title":{"rendered":"B\u1ed9 l\u01b0u \u0111i\u1ec7n UPS APC 2000VA 230V LCD (SMC2000I)"},"content":{"rendered":"<ul>\n<li><strong><span class=\"item \">APC Smart-UPS C (SMC2000I)<\/span><\/strong><\/li>\n<li><span class=\"item \"><i class=\"fa fa-check-circle\"><\/i>&#8211; C\u00f4ng su\u1ea5t: 2000VA \/ 1300W<\/span><\/li>\n<li><span class=\"item \"><i class=\"fa fa-check-circle\"><\/i>&#8211; \u0110i\u1ec7n \u00e1p: 230V<\/span><\/li>\n<li><span class=\"item \"><i class=\"fa fa-check-circle\"><\/i>&#8211; Lo\u1ea1i \u1eaec quy: \u1eaec quy axit ch\u00ec k\u00edn kh\u00ed<\/span><\/li>\n<li><span class=\"item hide d-block\"><i class=\"fa fa-check-circle\"><\/i>&#8211; C\u1ed5ng giao ti\u1ebfp: USB<\/span><\/li>\n<li><span class=\"item hide d-block\"><i class=\"fa fa-check-circle\"><\/i>&#8211; K\u00edch th\u01b0\u1edbc : 21.6 x 17.0 x 44.0 cm<\/span><\/li>\n<li><span class=\"item hide d-block\"><i class=\"fa fa-check-circle\"><\/i>&#8211; Tr\u1ecdng l\u01b0\u1ee3ng: 27.5<\/span><\/li>\n<\/ul>\n","protected":false},"excerpt":{"rendered":"<p>APC Smart-UPS C (SMC2000I) &#8211; C\u00f4ng su\u1ea5t: 2000VA \/ 1300W &#8211; \u0110i\u1ec7n \u00e1p: 230V &#8211; Lo\u1ea1i \u1eaec quy: \u1eaec quy<\/p>\n","protected":false},"featured_media":30058,"comment_status":"open","ping_status":"closed","template":"","meta":[],"product_brand":[163],"product_cat":[91],"product_tag":[],"class_list":{"0":"post-30057","1":"product","2":"type-product","3":"status-publish","4":"has-post-thumbnail","6":"product_brand-ups-luu-dien","7":"product_cat-thiet-bi-cntt","9":"first","10":"instock","11":"shipping-taxable","12":"product-type-simple"},"_links":{"self":[{"href":"https:\/\/108giahoa.com\/index.php?rest_route=\/wp\/v2\/product\/30057","targetHints":{"allow":["GET"]}}],"collection":[{"href":"https:\/\/108giahoa.com\/index.php?rest_route=\/wp\/v2\/product"}],"about":[{"href":"https:\/\/108giahoa.com\/index.php?rest_route=\/wp\/v2\/types\/product"}],"replies":[{"embeddable":true,"href":"https:\/\/108giahoa.com\/index.php?rest_route=%2Fwp%2Fv2%2Fcomments&post=30057"}],"version-history":[{"count":1,"href":"https:\/\/108giahoa.com\/index.php?rest_route=\/wp\/v2\/product\/30057\/revisions"}],"predecessor-version":[{"id":30059,"href":"https:\/\/108giahoa.com\/index.php?rest_route=\/wp\/v2\/product\/30057\/revisions\/30059"}],"wp:featuredmedia":[{"embeddable":true,"href":"https:\/\/108giahoa.com\/index.php?rest_route=\/wp\/v2\/media\/30058"}],"wp:attachment":[{"href":"https:\/\/108giahoa.com\/index.php?rest_route=%2Fwp%2Fv2%2Fmedia&parent=30057"}],"wp:term":[{"taxonomy":"product_brand","embeddable":true,"href":"https:\/\/108giahoa.com\/index.php?rest_route=%2Fwp%2Fv2%2Fproduct_brand&post=30057"},{"taxonomy":"product_cat","embeddable":true,"href":"https:\/\/108giahoa.com\/index.php?rest_route=%2Fwp%2Fv2%2Fproduct_cat&post=30057"},{"taxonomy":"product_tag","embeddable":true,"href":"https:\/\/108giahoa.com\/index.php?rest_route=%2Fwp%2Fv2%2Fproduct_tag&post=30057"}],"curies":[{"name":"wp","href":"https:\/\/api.w.org\/{rel}","templated":true}]}}