{"id":30063,"date":"2026-02-27T08:55:57","date_gmt":"2026-02-27T08:55:57","guid":{"rendered":"https:\/\/108giahoa.com\/?post_type=product&#038;p=30063"},"modified":"2026-02-27T08:55:57","modified_gmt":"2026-02-27T08:55:57","slug":"bo-luu-dien-apc-smart-ups-srt-6000va-230v-srt6kxli","status":"publish","type":"product","link":"https:\/\/108giahoa.com\/?product=bo-luu-dien-apc-smart-ups-srt-6000va-230v-srt6kxli","title":{"rendered":"B\u1ed9 l\u01b0u \u0111i\u1ec7n APC Smart-UPS SRT 6000VA 230V -SRT6KXLI"},"content":{"rendered":"<ul>\n<li><span class=\"item \">C\u00f4ng su\u1ea5t (Power Capacity): 6000VA\/ 6000W.<\/span><\/li>\n<li><span class=\"item \"><i class=\"fa fa-check-circle\"><\/i>C\u00f4ng ngh\u1ec7 (Technology): Double-conversion online.<\/span><\/li>\n<li><span class=\"item \"><i class=\"fa fa-check-circle\"><\/i>Ngu\u1ed3n \u0111i\u1ec7n ng\u00f5 ra: 230VAC.<\/span><\/li>\n<li><span class=\"item \"><i class=\"fa fa-check-circle\"><\/i>T\u1ea7n s\u1ed1 ng\u00f5 ra: 50\/60Hz \u00b1 3Hz.<\/span><\/li>\n<li><span class=\"item hide d-block\"><i class=\"fa fa-check-circle\"><\/i>T\u1ea7n s\u1ed1 ng\u00f5 v\u00e0o: 40 \u2013 70Hz (Auto sensing).<\/span><\/li>\n<li><span class=\"item hide d-block\"><i class=\"fa fa-check-circle\"><\/i>Th\u1eddi gian s\u1ea1c: 1.5 gi\u1edd.<\/span><\/li>\n<li><span class=\"item hide d-block\"><i class=\"fa fa-check-circle\"><\/i>D\u1ea1ng s\u00f3ng: S\u00f3ng sin.<\/span><\/li>\n<li><span class=\"item hide d-block\"><i class=\"fa fa-check-circle\"><\/i>K\u1ebft n\u1ed1i ng\u00f5 ra: (6) IEC320 C13, (4) IEC320 C19.<\/span><\/li>\n<li><span class=\"item hide d-block\"><i class=\"fa fa-check-circle\"><\/i>Lo\u1ea1i pin: \u1eaec quy s\u1eed d\u1ee5ng dung d\u1ecbch \u0111i\u1ec7n ph\u00e2n axit l\u1ecfng ch\u1ed1ng r\u00f2 r\u1ec9 kh\u00f4ng y\u00eau c\u1ea7u b\u1ea3o tr\u00ec.<\/span><\/li>\n<li><span class=\"item hide d-block\"><i class=\"fa fa-check-circle\"><\/i>\u1eaec quy (Battery Volt-Amp-Hour Capacity): 902 (VAH).<\/span><\/li>\n<li><span class=\"item hide d-block\"><i class=\"fa fa-check-circle\"><\/i>Pin thay th\u1ebf: APCRBC140.<\/span><\/li>\n<li><span class=\"item hide d-block\"><i class=\"fa fa-check-circle\"><\/i>Pin ngo\u00e0i: SRT192BP\/SRT192RMBP.<\/span><\/li>\n<li><span class=\"item hide d-block\"><i class=\"fa fa-check-circle\"><\/i>Th\u1eddi gian sao l\u01b0u \u0111i\u1ec3n h\u00ecnh \u1edf 1\/2 t\u1ea3i: 8.7 ph\u00fat.<\/span><\/li>\n<li><span class=\"item hide d-block\"><i class=\"fa fa-check-circle\"><\/i>Th\u1eddi gian sao l\u01b0u \u0111i\u1ec3n h\u00ecnh khi \u0111\u1ea7y t\u1ea3i: 2.5 ph\u00fat.<\/span><\/li>\n<li><span class=\"item hide d-block\"><i class=\"fa fa-check-circle\"><\/i>B\u1ea3ng \u0111i\u1ec1u khi\u1ec3n: \u0110\u1ed9 ph\u00e2n gi\u1ea3i cao m\u00e0n h\u00ecnh LCD \u0111\u1ed3 h\u1ecda.<\/span><\/li>\n<li><span class=\"item hide d-block\"><i class=\"fa fa-check-circle\"><\/i>Qu\u1ea3n l\u00fd m\u1ea1ng nh\u00fang v\u1edbi gi\u00e1m s\u00e1t m\u00f4i tr\u01b0\u1eddng trong \u0111\u00f3 bao g\u1ed3m m\u1ed9t c\u1ed5ng RJ-45 v\u1edbi hi\u1ec3n th\u1ecb tr\u1ea1ng th\u00e1i \u0111\u00e8n LED.<\/span><span class=\"item hide d-block\"><i class=\"fa fa-check-circle\"><\/i>Kh\u1ea9n c\u1ea5p \u0111i\u1ec7n t\u1eaft (EPO): C\u00f3 (th\u01b0\u1eddng m\u1edf, NO\/ th\u01b0\u1eddng \u0111\u00f3ng, k\u1ebft n\u1ed1i NC).<\/span><\/li>\n<li><span class=\"item hide d-block\"><i class=\"fa fa-check-circle\"><\/i>C\u1ed5ng k\u1ebft n\u1ed1i: RJ45, 10\/100Base-T, RJ-45 Serial, Smart-Slot, USB.<\/span><\/li>\n<li><span class=\"item hide d-block\"><i class=\"fa fa-check-circle\"><\/i>Th\u00edch h\u1ee3p s\u1eed d\u1ee5ng cho c\u00e1c thi\u1ebft b\u1ecb nh\u01b0: M\u00e1y vi t\u00ednh, m\u00e1y in, Wifi, m\u00e1y ch\u1ea5m c\u00f4ng, m\u00e1y t\u00ednh ti\u1ec1n, t\u1ed5ng \u0111\u00e0i \u0111i\u1ec7n tho\u1ea1i, m\u00e1y Fax, c\u1eeda t\u1eeb, thi\u1ebft b\u1ecb vi\u1ec5n th\u00f4ng, thi\u1ebft b\u1ecb m\u1ea1ng, camera,\u2026<\/span><\/li>\n<li><span class=\"item hide d-block\"><i class=\"fa fa-check-circle\"><\/i>K\u00edch th\u01b0\u1edbc: 432 x 174 x 719 mm.<\/span><\/li>\n<li><span class=\"item hide d-block\"><i class=\"fa fa-check-circle\"><\/i>Tr\u1ecdng l\u01b0\u1ee3ng: 60kg.<\/span><\/li>\n<\/ul>\n","protected":false},"excerpt":{"rendered":"<p>C\u00f4ng su\u1ea5t (Power Capacity): 6000VA\/ 6000W. C\u00f4ng ngh\u1ec7 (Technology): Double-conversion online. Ngu\u1ed3n \u0111i\u1ec7n ng\u00f5 ra: 230VAC. T\u1ea7n s\u1ed1 ng\u00f5 ra:<\/p>\n","protected":false},"featured_media":30065,"comment_status":"open","ping_status":"closed","template":"","meta":[],"product_brand":[163],"product_cat":[91],"product_tag":[],"class_list":{"0":"post-30063","1":"product","2":"type-product","3":"status-publish","4":"has-post-thumbnail","6":"product_brand-ups-luu-dien","7":"product_cat-thiet-bi-cntt","9":"first","10":"instock","11":"shipping-taxable","12":"product-type-simple"},"_links":{"self":[{"href":"https:\/\/108giahoa.com\/index.php?rest_route=\/wp\/v2\/product\/30063","targetHints":{"allow":["GET"]}}],"collection":[{"href":"https:\/\/108giahoa.com\/index.php?rest_route=\/wp\/v2\/product"}],"about":[{"href":"https:\/\/108giahoa.com\/index.php?rest_route=\/wp\/v2\/types\/product"}],"replies":[{"embeddable":true,"href":"https:\/\/108giahoa.com\/index.php?rest_route=%2Fwp%2Fv2%2Fcomments&post=30063"}],"version-history":[{"count":1,"href":"https:\/\/108giahoa.com\/index.php?rest_route=\/wp\/v2\/product\/30063\/revisions"}],"predecessor-version":[{"id":30066,"href":"https:\/\/108giahoa.com\/index.php?rest_route=\/wp\/v2\/product\/30063\/revisions\/30066"}],"wp:featuredmedia":[{"embeddable":true,"href":"https:\/\/108giahoa.com\/index.php?rest_route=\/wp\/v2\/media\/30065"}],"wp:attachment":[{"href":"https:\/\/108giahoa.com\/index.php?rest_route=%2Fwp%2Fv2%2Fmedia&parent=30063"}],"wp:term":[{"taxonomy":"product_brand","embeddable":true,"href":"https:\/\/108giahoa.com\/index.php?rest_route=%2Fwp%2Fv2%2Fproduct_brand&post=30063"},{"taxonomy":"product_cat","embeddable":true,"href":"https:\/\/108giahoa.com\/index.php?rest_route=%2Fwp%2Fv2%2Fproduct_cat&post=30063"},{"taxonomy":"product_tag","embeddable":true,"href":"https:\/\/108giahoa.com\/index.php?rest_route=%2Fwp%2Fv2%2Fproduct_tag&post=30063"}],"curies":[{"name":"wp","href":"https:\/\/api.w.org\/{rel}","templated":true}]}}