{"id":30090,"date":"2026-02-27T10:02:00","date_gmt":"2026-02-27T10:02:00","guid":{"rendered":"https:\/\/108giahoa.com\/?post_type=product&#038;p=30090"},"modified":"2026-02-27T10:02:00","modified_gmt":"2026-02-27T10:02:00","slug":"ban-phim-khong-day-logitech-k270","status":"publish","type":"product","link":"https:\/\/108giahoa.com\/?product=ban-phim-khong-day-logitech-k270","title":{"rendered":"B\u00e0n ph\u00edm kh\u00f4ng d\u00e2y Logitech K270"},"content":{"rendered":"","protected":false},"excerpt":{"rendered":"","protected":false},"featured_media":30088,"comment_status":"open","ping_status":"closed","template":"","meta":[],"product_brand":[166],"product_cat":[123],"product_tag":[],"class_list":{"0":"post-30090","1":"product","2":"type-product","3":"status-publish","4":"has-post-thumbnail","6":"product_brand-ban-phim-vi-tinh","7":"product_cat-linh-kien-tin-hoc","9":"first","10":"instock","11":"shipping-taxable","12":"product-type-simple"},"_links":{"self":[{"href":"https:\/\/108giahoa.com\/index.php?rest_route=\/wp\/v2\/product\/30090","targetHints":{"allow":["GET"]}}],"collection":[{"href":"https:\/\/108giahoa.com\/index.php?rest_route=\/wp\/v2\/product"}],"about":[{"href":"https:\/\/108giahoa.com\/index.php?rest_route=\/wp\/v2\/types\/product"}],"replies":[{"embeddable":true,"href":"https:\/\/108giahoa.com\/index.php?rest_route=%2Fwp%2Fv2%2Fcomments&post=30090"}],"version-history":[{"count":1,"href":"https:\/\/108giahoa.com\/index.php?rest_route=\/wp\/v2\/product\/30090\/revisions"}],"predecessor-version":[{"id":30092,"href":"https:\/\/108giahoa.com\/index.php?rest_route=\/wp\/v2\/product\/30090\/revisions\/30092"}],"wp:featuredmedia":[{"embeddable":true,"href":"https:\/\/108giahoa.com\/index.php?rest_route=\/wp\/v2\/media\/30088"}],"wp:attachment":[{"href":"https:\/\/108giahoa.com\/index.php?rest_route=%2Fwp%2Fv2%2Fmedia&parent=30090"}],"wp:term":[{"taxonomy":"product_brand","embeddable":true,"href":"https:\/\/108giahoa.com\/index.php?rest_route=%2Fwp%2Fv2%2Fproduct_brand&post=30090"},{"taxonomy":"product_cat","embeddable":true,"href":"https:\/\/108giahoa.com\/index.php?rest_route=%2Fwp%2Fv2%2Fproduct_cat&post=30090"},{"taxonomy":"product_tag","embeddable":true,"href":"https:\/\/108giahoa.com\/index.php?rest_route=%2Fwp%2Fv2%2Fproduct_tag&post=30090"}],"curies":[{"name":"wp","href":"https:\/\/api.w.org\/{rel}","templated":true}]}}