{"id":30148,"date":"2026-02-28T03:30:26","date_gmt":"2026-02-28T03:30:26","guid":{"rendered":"https:\/\/108giahoa.com\/?post_type=product&#038;p=30148"},"modified":"2026-02-28T03:30:27","modified_gmt":"2026-02-28T03:30:27","slug":"ban-may-tinh-go-2","status":"publish","type":"product","link":"https:\/\/108giahoa.com\/?product=ban-may-tinh-go-2","title":{"rendered":"B\u00c0N M\u00c1Y T\u00cdNH G\u1ed6"},"content":{"rendered":"","protected":false},"excerpt":{"rendered":"","protected":false},"featured_media":30149,"comment_status":"open","ping_status":"closed","template":"","meta":[],"product_brand":[168],"product_cat":[77],"product_tag":[],"class_list":{"0":"post-30148","1":"product","2":"type-product","3":"status-publish","4":"has-post-thumbnail","6":"product_brand-ban-may-tinh","7":"product_cat-noi-that-van-phong-truong-hoc","9":"first","10":"instock","11":"shipping-taxable","12":"product-type-simple"},"_links":{"self":[{"href":"https:\/\/108giahoa.com\/index.php?rest_route=\/wp\/v2\/product\/30148","targetHints":{"allow":["GET"]}}],"collection":[{"href":"https:\/\/108giahoa.com\/index.php?rest_route=\/wp\/v2\/product"}],"about":[{"href":"https:\/\/108giahoa.com\/index.php?rest_route=\/wp\/v2\/types\/product"}],"replies":[{"embeddable":true,"href":"https:\/\/108giahoa.com\/index.php?rest_route=%2Fwp%2Fv2%2Fcomments&post=30148"}],"version-history":[{"count":1,"href":"https:\/\/108giahoa.com\/index.php?rest_route=\/wp\/v2\/product\/30148\/revisions"}],"predecessor-version":[{"id":30150,"href":"https:\/\/108giahoa.com\/index.php?rest_route=\/wp\/v2\/product\/30148\/revisions\/30150"}],"wp:featuredmedia":[{"embeddable":true,"href":"https:\/\/108giahoa.com\/index.php?rest_route=\/wp\/v2\/media\/30149"}],"wp:attachment":[{"href":"https:\/\/108giahoa.com\/index.php?rest_route=%2Fwp%2Fv2%2Fmedia&parent=30148"}],"wp:term":[{"taxonomy":"product_brand","embeddable":true,"href":"https:\/\/108giahoa.com\/index.php?rest_route=%2Fwp%2Fv2%2Fproduct_brand&post=30148"},{"taxonomy":"product_cat","embeddable":true,"href":"https:\/\/108giahoa.com\/index.php?rest_route=%2Fwp%2Fv2%2Fproduct_cat&post=30148"},{"taxonomy":"product_tag","embeddable":true,"href":"https:\/\/108giahoa.com\/index.php?rest_route=%2Fwp%2Fv2%2Fproduct_tag&post=30148"}],"curies":[{"name":"wp","href":"https:\/\/api.w.org\/{rel}","templated":true}]}}