{"id":30163,"date":"2026-02-28T03:42:25","date_gmt":"2026-02-28T03:42:25","guid":{"rendered":"https:\/\/108giahoa.com\/?post_type=product&#038;p=30163"},"modified":"2026-02-28T03:42:26","modified_gmt":"2026-02-28T03:42:26","slug":"ban-may-tinh-hs","status":"publish","type":"product","link":"https:\/\/108giahoa.com\/?product=ban-may-tinh-hs","title":{"rendered":"B\u00c0N M\u00c1Y T\u00cdNH HS"},"content":{"rendered":"","protected":false},"excerpt":{"rendered":"","protected":false},"featured_media":30164,"comment_status":"open","ping_status":"closed","template":"","meta":[],"product_brand":[168],"product_cat":[77],"product_tag":[],"class_list":{"0":"post-30163","1":"product","2":"type-product","3":"status-publish","4":"has-post-thumbnail","6":"product_brand-ban-may-tinh","7":"product_cat-noi-that-van-phong-truong-hoc","9":"first","10":"instock","11":"shipping-taxable","12":"product-type-simple"},"_links":{"self":[{"href":"https:\/\/108giahoa.com\/index.php?rest_route=\/wp\/v2\/product\/30163","targetHints":{"allow":["GET"]}}],"collection":[{"href":"https:\/\/108giahoa.com\/index.php?rest_route=\/wp\/v2\/product"}],"about":[{"href":"https:\/\/108giahoa.com\/index.php?rest_route=\/wp\/v2\/types\/product"}],"replies":[{"embeddable":true,"href":"https:\/\/108giahoa.com\/index.php?rest_route=%2Fwp%2Fv2%2Fcomments&post=30163"}],"version-history":[{"count":1,"href":"https:\/\/108giahoa.com\/index.php?rest_route=\/wp\/v2\/product\/30163\/revisions"}],"predecessor-version":[{"id":30165,"href":"https:\/\/108giahoa.com\/index.php?rest_route=\/wp\/v2\/product\/30163\/revisions\/30165"}],"wp:featuredmedia":[{"embeddable":true,"href":"https:\/\/108giahoa.com\/index.php?rest_route=\/wp\/v2\/media\/30164"}],"wp:attachment":[{"href":"https:\/\/108giahoa.com\/index.php?rest_route=%2Fwp%2Fv2%2Fmedia&parent=30163"}],"wp:term":[{"taxonomy":"product_brand","embeddable":true,"href":"https:\/\/108giahoa.com\/index.php?rest_route=%2Fwp%2Fv2%2Fproduct_brand&post=30163"},{"taxonomy":"product_cat","embeddable":true,"href":"https:\/\/108giahoa.com\/index.php?rest_route=%2Fwp%2Fv2%2Fproduct_cat&post=30163"},{"taxonomy":"product_tag","embeddable":true,"href":"https:\/\/108giahoa.com\/index.php?rest_route=%2Fwp%2Fv2%2Fproduct_tag&post=30163"}],"curies":[{"name":"wp","href":"https:\/\/api.w.org\/{rel}","templated":true}]}}