{"id":30195,"date":"2026-02-28T04:10:32","date_gmt":"2026-02-28T04:10:32","guid":{"rendered":"https:\/\/108giahoa.com\/?post_type=product&#038;p=30195"},"modified":"2026-02-28T04:10:32","modified_gmt":"2026-02-28T04:10:32","slug":"tu-do-dung-ca-nhan-15-canh","status":"publish","type":"product","link":"https:\/\/108giahoa.com\/?product=tu-do-dung-ca-nhan-15-canh","title":{"rendered":"T\u1ee6 \u0110\u1ed2 D\u00d9NG C\u00c1 NH\u00c2N 15 C\u00c1NH"},"content":{"rendered":"","protected":false},"excerpt":{"rendered":"","protected":false},"featured_media":30196,"comment_status":"open","ping_status":"closed","template":"","meta":[],"product_brand":[172],"product_cat":[77],"product_tag":[],"class_list":{"0":"post-30195","1":"product","2":"type-product","3":"status-publish","4":"has-post-thumbnail","6":"product_brand-tu-cac-loai","7":"product_cat-noi-that-van-phong-truong-hoc","9":"first","10":"instock","11":"shipping-taxable","12":"product-type-simple"},"_links":{"self":[{"href":"https:\/\/108giahoa.com\/index.php?rest_route=\/wp\/v2\/product\/30195","targetHints":{"allow":["GET"]}}],"collection":[{"href":"https:\/\/108giahoa.com\/index.php?rest_route=\/wp\/v2\/product"}],"about":[{"href":"https:\/\/108giahoa.com\/index.php?rest_route=\/wp\/v2\/types\/product"}],"replies":[{"embeddable":true,"href":"https:\/\/108giahoa.com\/index.php?rest_route=%2Fwp%2Fv2%2Fcomments&post=30195"}],"version-history":[{"count":1,"href":"https:\/\/108giahoa.com\/index.php?rest_route=\/wp\/v2\/product\/30195\/revisions"}],"predecessor-version":[{"id":30197,"href":"https:\/\/108giahoa.com\/index.php?rest_route=\/wp\/v2\/product\/30195\/revisions\/30197"}],"wp:featuredmedia":[{"embeddable":true,"href":"https:\/\/108giahoa.com\/index.php?rest_route=\/wp\/v2\/media\/30196"}],"wp:attachment":[{"href":"https:\/\/108giahoa.com\/index.php?rest_route=%2Fwp%2Fv2%2Fmedia&parent=30195"}],"wp:term":[{"taxonomy":"product_brand","embeddable":true,"href":"https:\/\/108giahoa.com\/index.php?rest_route=%2Fwp%2Fv2%2Fproduct_brand&post=30195"},{"taxonomy":"product_cat","embeddable":true,"href":"https:\/\/108giahoa.com\/index.php?rest_route=%2Fwp%2Fv2%2Fproduct_cat&post=30195"},{"taxonomy":"product_tag","embeddable":true,"href":"https:\/\/108giahoa.com\/index.php?rest_route=%2Fwp%2Fv2%2Fproduct_tag&post=30195"}],"curies":[{"name":"wp","href":"https:\/\/api.w.org\/{rel}","templated":true}]}}