{"id":30228,"date":"2026-03-02T06:50:08","date_gmt":"2026-03-02T06:50:08","guid":{"rendered":"https:\/\/108giahoa.com\/?post_type=product&#038;p=30228"},"modified":"2026-03-10T07:55:56","modified_gmt":"2026-03-10T07:55:56","slug":"bo-chuong-cua-khong-day-ezviz-cs-dp2c-a0-6e2wpfbs","status":"publish","type":"product","link":"https:\/\/108giahoa.com\/?product=bo-chuong-cua-khong-day-ezviz-cs-dp2c-a0-6e2wpfbs","title":{"rendered":"B\u1ed9 Chu\u00f4ng C\u1eeda Kh\u00f4ng D\u00e2y EZVIZ CS-DP2C-A0-6E2WPFBS"},"content":{"rendered":"<table width=\"737\">\n<tbody>\n<tr>\n<td width=\"737\"><strong>Chu\u00f4ng c\u1eeda v\u00e0 m\u00e0n h\u00ecnh wifi kh\u00f4ng d\u00e2y s\u1eed d\u1ee5ng pin s\u1ea1c DP2C<\/strong><\/td>\n<\/tr>\n<tr>\n<td width=\"737\">\u25cf M\u00e0n h\u00ecnh m\u00e0u 4.3\u2019\u2019<\/td>\n<\/tr>\n<tr>\n<td width=\"737\">\u25cf Camera chu\u00f4ng c\u1eeda 1080P HD g\u00f3c \u1ed1ng k\u00ednh r\u1ed9ng.<\/td>\n<\/tr>\n<tr>\n<td width=\"737\">\u25cf Pin s\u1ea1c 4600mAh<\/td>\n<\/tr>\n<tr>\n<td width=\"737\">\u25cf H\u1ed7 tr\u1ee3 khe th\u1ebb nh\u1edb Micro SD card (Max. 512G)<\/td>\n<\/tr>\n<tr>\n<td width=\"737\">\u25cf H\u1ed7 tr\u1ee3 c\u1ea3m bi\u1ebfn PIR ph\u00e1t hi\u1ec7n ng\u01b0\u1eddi.<\/td>\n<\/tr>\n<tr>\n<td width=\"737\">\u25cf T\u1ef1 \u0111\u1ed9ng g\u1eedi th\u00f4ng b\u00e1o \u0111\u1ebfn Ezviz app khi c\u00f3 kh\u00e1ch gh\u00e9 th\u0103m.<\/td>\n<\/tr>\n<tr>\n<td width=\"737\">\u25cf H\u1ed7 tr\u1ee3 n\u00fat nh\u1ea5n chu\u00f4ng nh\u01b0 chu\u00f4ng c\u1eeda b\u00ecnh th\u01b0\u1eddng<\/td>\n<\/tr>\n<tr>\n<td width=\"737\">\u25cf H\u1ed7 tr\u1ee3 Micro v\u00e0 loa \u0111\u00e0m tho\u1ea1i 2 chi\u1ec1u<\/td>\n<\/tr>\n<tr>\n<td width=\"737\">\u25cf H\u1ed7 tr\u1ee3 2.4G Wi-Fi.<\/td>\n<\/tr>\n<tr>\n<td width=\"737\">\u25cf H\u1ed7 tr\u1ee3 \u0111\u00e8n h\u1ed3ng ngo\u1ea1i<\/td>\n<\/tr>\n<tr>\n<td width=\"737\">\u25cf H\u1ed7 tr\u1ee3 xem tr\u1ef1c ti\u1ebfp ho\u1eb7c xem l\u1ea1i t\u1eeb xa b\u1eb1ng Ezviz APP.<\/td>\n<\/tr>\n<\/tbody>\n<\/table>\n","protected":false},"excerpt":{"rendered":"<p>Chu\u00f4ng c\u1eeda v\u00e0 m\u00e0n h\u00ecnh wifi kh\u00f4ng d\u00e2y s\u1eed d\u1ee5ng pin s\u1ea1c DP2C \u25cf M\u00e0n h\u00ecnh m\u00e0u 4.3\u2019\u2019 \u25cf Camera<\/p>\n","protected":false},"featured_media":30308,"comment_status":"open","ping_status":"closed","template":"","meta":[],"product_brand":[173],"product_cat":[91],"product_tag":[],"class_list":{"0":"post-30228","1":"product","2":"type-product","3":"status-publish","4":"has-post-thumbnail","6":"product_brand-bo-chuong-cua","7":"product_cat-thiet-bi-cntt","9":"first","10":"instock","11":"shipping-taxable","12":"product-type-simple"},"_links":{"self":[{"href":"https:\/\/108giahoa.com\/index.php?rest_route=\/wp\/v2\/product\/30228","targetHints":{"allow":["GET"]}}],"collection":[{"href":"https:\/\/108giahoa.com\/index.php?rest_route=\/wp\/v2\/product"}],"about":[{"href":"https:\/\/108giahoa.com\/index.php?rest_route=\/wp\/v2\/types\/product"}],"replies":[{"embeddable":true,"href":"https:\/\/108giahoa.com\/index.php?rest_route=%2Fwp%2Fv2%2Fcomments&post=30228"}],"version-history":[{"count":1,"href":"https:\/\/108giahoa.com\/index.php?rest_route=\/wp\/v2\/product\/30228\/revisions"}],"predecessor-version":[{"id":30230,"href":"https:\/\/108giahoa.com\/index.php?rest_route=\/wp\/v2\/product\/30228\/revisions\/30230"}],"wp:featuredmedia":[{"embeddable":true,"href":"https:\/\/108giahoa.com\/index.php?rest_route=\/wp\/v2\/media\/30308"}],"wp:attachment":[{"href":"https:\/\/108giahoa.com\/index.php?rest_route=%2Fwp%2Fv2%2Fmedia&parent=30228"}],"wp:term":[{"taxonomy":"product_brand","embeddable":true,"href":"https:\/\/108giahoa.com\/index.php?rest_route=%2Fwp%2Fv2%2Fproduct_brand&post=30228"},{"taxonomy":"product_cat","embeddable":true,"href":"https:\/\/108giahoa.com\/index.php?rest_route=%2Fwp%2Fv2%2Fproduct_cat&post=30228"},{"taxonomy":"product_tag","embeddable":true,"href":"https:\/\/108giahoa.com\/index.php?rest_route=%2Fwp%2Fv2%2Fproduct_tag&post=30228"}],"curies":[{"name":"wp","href":"https:\/\/api.w.org\/{rel}","templated":true}]}}