{"id":30234,"date":"2026-03-02T07:02:56","date_gmt":"2026-03-02T07:02:56","guid":{"rendered":"https:\/\/108giahoa.com\/?post_type=product&#038;p=30234"},"modified":"2026-03-10T07:54:18","modified_gmt":"2026-03-10T07:54:18","slug":"chuong-cua-co-hinh-wifi-khong-day-ezviz-cs-hp7","status":"publish","type":"product","link":"https:\/\/108giahoa.com\/?product=chuong-cua-co-hinh-wifi-khong-day-ezviz-cs-hp7","title":{"rendered":"Chu\u00f4ng C\u1eeda C\u00f3 H\u00ecnh wifi kh\u00f4ng d\u00e2y EZVIZ CS-HP7"},"content":{"rendered":"<table width=\"737\">\n<tbody>\n<tr>\n<td width=\"737\"><strong>Chu\u00f4ng c\u1eeda v\u00e0 m\u00e0n h\u00ecnh wifi kh\u00f4ng d\u00e2y<\/strong><\/td>\n<\/tr>\n<tr>\n<td width=\"737\">\u25cf M\u00e0n h\u00ecnh m\u00e0u c\u1ea3m \u1ee9ng 7-Inch<\/td>\n<\/tr>\n<tr>\n<td width=\"737\">\u25cf Camera chu\u00f4ng c\u1eeda \u0110\u1ed9 ph\u00e2n gi\u1ea3i 2K<\/td>\n<\/tr>\n<tr>\n<td width=\"737\">\u25cf K\u1ebft n\u1ed1i kh\u00f3a t\u1eeb M\u1edf kh\u00f3a C\u1ed5ng\/C\u1eeda t\u1eeb xa<\/td>\n<\/tr>\n<tr>\n<td width=\"737\">\u25cf M\u1edf kh\u00f3a c\u1eeda b\u1eb1ng th\u1ebb t\u1eeb RFID th\u00f4ng minh<\/td>\n<\/tr>\n<tr>\n<td width=\"737\">\u25cf H\u1ed7 tr\u1ee3 khe th\u1ebb nh\u1edb Micro SD card (Max. 512 GB)<\/td>\n<\/tr>\n<tr>\n<td width=\"737\">\u25cf T\u1ef1 \u0111\u1ed9ng g\u1eedi th\u00f4ng b\u00e1o \u0111\u1ebfn Ezviz app khi c\u00f3 kh\u00e1ch gh\u00e9 th\u0103m.<\/td>\n<\/tr>\n<tr>\n<td width=\"737\">\u25cf H\u1ed7 tr\u1ee3 n\u00fat nh\u1ea5n chu\u00f4ng nh\u01b0 chu\u00f4ng c\u1eeda b\u00ecnh th\u01b0\u1eddng<\/td>\n<\/tr>\n<tr>\n<td width=\"737\">\u25cf H\u1ed7 tr\u1ee3 Micro v\u00e0 loa \u0111\u00e0m tho\u1ea1i 2 chi\u1ec1u<\/td>\n<\/tr>\n<tr>\n<td width=\"737\">\u25cf H\u1ed7 tr\u1ee3 Wi-Fi b\u0103ng t\u1ea7n k\u00e9p 2,4\/5 GHz<\/td>\n<\/tr>\n<tr>\n<td width=\"737\">\u25cf H\u1ed7 tr\u1ee3 xem tr\u1ef1c ti\u1ebfp ho\u1eb7c xem l\u1ea1i t\u1eeb xa b\u1eb1ng Ezviz APP.<\/td>\n<\/tr>\n<\/tbody>\n<\/table>\n","protected":false},"excerpt":{"rendered":"<p>Chu\u00f4ng c\u1eeda v\u00e0 m\u00e0n h\u00ecnh wifi kh\u00f4ng d\u00e2y \u25cf M\u00e0n h\u00ecnh m\u00e0u c\u1ea3m \u1ee9ng 7-Inch \u25cf Camera chu\u00f4ng c\u1eeda \u0110\u1ed9<\/p>\n","protected":false},"featured_media":30307,"comment_status":"open","ping_status":"closed","template":"","meta":[],"product_brand":[173],"product_cat":[91],"product_tag":[],"class_list":{"0":"post-30234","1":"product","2":"type-product","3":"status-publish","4":"has-post-thumbnail","6":"product_brand-bo-chuong-cua","7":"product_cat-thiet-bi-cntt","9":"first","10":"instock","11":"shipping-taxable","12":"product-type-simple"},"_links":{"self":[{"href":"https:\/\/108giahoa.com\/index.php?rest_route=\/wp\/v2\/product\/30234","targetHints":{"allow":["GET"]}}],"collection":[{"href":"https:\/\/108giahoa.com\/index.php?rest_route=\/wp\/v2\/product"}],"about":[{"href":"https:\/\/108giahoa.com\/index.php?rest_route=\/wp\/v2\/types\/product"}],"replies":[{"embeddable":true,"href":"https:\/\/108giahoa.com\/index.php?rest_route=%2Fwp%2Fv2%2Fcomments&post=30234"}],"version-history":[{"count":1,"href":"https:\/\/108giahoa.com\/index.php?rest_route=\/wp\/v2\/product\/30234\/revisions"}],"predecessor-version":[{"id":30236,"href":"https:\/\/108giahoa.com\/index.php?rest_route=\/wp\/v2\/product\/30234\/revisions\/30236"}],"wp:featuredmedia":[{"embeddable":true,"href":"https:\/\/108giahoa.com\/index.php?rest_route=\/wp\/v2\/media\/30307"}],"wp:attachment":[{"href":"https:\/\/108giahoa.com\/index.php?rest_route=%2Fwp%2Fv2%2Fmedia&parent=30234"}],"wp:term":[{"taxonomy":"product_brand","embeddable":true,"href":"https:\/\/108giahoa.com\/index.php?rest_route=%2Fwp%2Fv2%2Fproduct_brand&post=30234"},{"taxonomy":"product_cat","embeddable":true,"href":"https:\/\/108giahoa.com\/index.php?rest_route=%2Fwp%2Fv2%2Fproduct_cat&post=30234"},{"taxonomy":"product_tag","embeddable":true,"href":"https:\/\/108giahoa.com\/index.php?rest_route=%2Fwp%2Fv2%2Fproduct_tag&post=30234"}],"curies":[{"name":"wp","href":"https:\/\/api.w.org\/{rel}","templated":true}]}}