{"id":30274,"date":"2026-03-03T02:44:25","date_gmt":"2026-03-03T02:44:25","guid":{"rendered":"https:\/\/108giahoa.com\/?post_type=product&#038;p=30274"},"modified":"2026-03-03T02:44:26","modified_gmt":"2026-03-03T02:44:26","slug":"30274","status":"publish","type":"product","link":"https:\/\/108giahoa.com\/?product=30274","title":{"rendered":""},"content":{"rendered":"<p><strong>Camera IP WiFi Full color dome 4.0MP<\/strong><br \/>\n. \u0110\u1ed9 ph\u00e2n gi\u1ea3i 4 Megapixel c\u1ea3m bi\u1ebfn CMOS k\u00edch th\u01b0\u1edbc 1\/3\u201d<br \/>\n. 25\/30fps@2560 \u00d71440. Chu\u1ea9n n\u00e9n h\u00ecnh \u1ea3nh H265+<br \/>\n. Ch\u1ebf \u0111\u1ed9 ng\u00e0y \u0111\u00eam (ICR), Ch\u1ed1ng ng\u01b0\u1ee3c s\u00e1ng DWDR, t\u1ef1 \u0111\u1ed9ng c\u00e2n b\u1eb1ng tr\u1eafng (AWB), t\u1ef1 \u0111\u1ed9ng b\u00f9 t\u00edn hi\u1ec7u \u1ea3nh (AGC), ch\u1ed1ng ng\u01b0\u1ee3c s\u00e1ng(BLC), ch\u1ed1ng nhi\u1ec5u (3D-DNR).<br \/>\n<strong>. T\u1ea7m xa \u0111\u00e8n LED \u00e1nh s\u00e1ng \u1ea5m thu h\u00ecnh c\u00f3 m\u00e0u 30m<\/strong><br \/>\n<strong>. Ch\u1ee9c n\u0103ng th\u00f4ng minh: H\u1ed7 tr\u1ee3 ph\u00e1t hi\u1ec7n chuy\u1ec3n \u0111\u1ed9ng, ph\u00e1t hi\u1ec7n con ng\u01b0\u1eddi.<\/strong><br \/>\n. \u1ed0ng k\u00ednh c\u1ed1 \u0111\u1ecbnh 2.8mm (g\u00f3c nh\u00ecn 98\u00b0)<br \/>\n. T\u00edch h\u1ee3p Mic<br \/>\n.<strong> H\u1ed7 tr\u1ee3 khe c\u1eafm th\u1ebb nh\u1edb l\u00ean \u0111\u1ebfn 256GB<\/strong><br \/>\n. <strong>H\u1ed7 tr\u1ee3 giao di\u1ec7n web, T\u00ean mi\u1ec1n mi\u1ec5n ph\u00ed SmartDDNS.TV v\u00e0 Auto Register 1.0<\/strong><br \/>\n. Ngu\u1ed3n c\u1ea5p 12VDC<br \/>\n.<strong> K\u1ebft n\u1ed1i WiFi b\u0103ng t\u1ea7n 2.4GHz<\/strong><br \/>\n. H\u1ed7 tr\u1ee3 ONVIF<br \/>\n. Nhi\u1ec7t \u0111\u1ed9 ho\u1ea1t \u0111\u1ed9ng : -40\u00b0 C ~ +60\u00b0 C.<br \/>\n. Ch\u1ea5t li\u1ec7u nh\u1ef1a + kim lo\u1ea1i, Chu\u1ea9n ch\u1ed1ng n\u01b0\u1edbc IP67<br \/>\n. T\u1eb7ng k\u00e8m ngu\u1ed3n 12VDC trong h\u1ed9p, c\u00f3 \u0111\u1ebf l\u1eafp \u0111\u1eb7t nhanh<\/p>\n","protected":false},"excerpt":{"rendered":"<p>Camera IP WiFi Full color dome 4.0MP . \u0110\u1ed9 ph\u00e2n gi\u1ea3i 4 Megapixel c\u1ea3m bi\u1ebfn CMOS k\u00edch th\u01b0\u1edbc 1\/3\u201d .<\/p>\n","protected":false},"featured_media":30275,"comment_status":"open","ping_status":"closed","template":"","meta":[],"product_brand":[174],"product_cat":[92],"product_tag":[],"class_list":{"0":"post-30274","1":"product","2":"type-product","3":"status-publish","4":"has-post-thumbnail","6":"product_brand-dahua","7":"product_cat-camera-quan-sat","9":"first","10":"instock","11":"shipping-taxable","12":"product-type-simple"},"_links":{"self":[{"href":"https:\/\/108giahoa.com\/index.php?rest_route=\/wp\/v2\/product\/30274","targetHints":{"allow":["GET"]}}],"collection":[{"href":"https:\/\/108giahoa.com\/index.php?rest_route=\/wp\/v2\/product"}],"about":[{"href":"https:\/\/108giahoa.com\/index.php?rest_route=\/wp\/v2\/types\/product"}],"replies":[{"embeddable":true,"href":"https:\/\/108giahoa.com\/index.php?rest_route=%2Fwp%2Fv2%2Fcomments&post=30274"}],"version-history":[{"count":1,"href":"https:\/\/108giahoa.com\/index.php?rest_route=\/wp\/v2\/product\/30274\/revisions"}],"predecessor-version":[{"id":30276,"href":"https:\/\/108giahoa.com\/index.php?rest_route=\/wp\/v2\/product\/30274\/revisions\/30276"}],"wp:featuredmedia":[{"embeddable":true,"href":"https:\/\/108giahoa.com\/index.php?rest_route=\/wp\/v2\/media\/30275"}],"wp:attachment":[{"href":"https:\/\/108giahoa.com\/index.php?rest_route=%2Fwp%2Fv2%2Fmedia&parent=30274"}],"wp:term":[{"taxonomy":"product_brand","embeddable":true,"href":"https:\/\/108giahoa.com\/index.php?rest_route=%2Fwp%2Fv2%2Fproduct_brand&post=30274"},{"taxonomy":"product_cat","embeddable":true,"href":"https:\/\/108giahoa.com\/index.php?rest_route=%2Fwp%2Fv2%2Fproduct_cat&post=30274"},{"taxonomy":"product_tag","embeddable":true,"href":"https:\/\/108giahoa.com\/index.php?rest_route=%2Fwp%2Fv2%2Fproduct_tag&post=30274"}],"curies":[{"name":"wp","href":"https:\/\/api.w.org\/{rel}","templated":true}]}}