{"id":30861,"date":"2026-03-21T01:08:07","date_gmt":"2026-03-21T01:08:07","guid":{"rendered":"https:\/\/108giahoa.com\/?post_type=product&#038;p=30861"},"modified":"2026-03-21T01:15:54","modified_gmt":"2026-03-21T01:15:54","slug":"may-in-brother-hl-l2366dw-in-den-trang-don-nang","status":"publish","type":"product","link":"https:\/\/108giahoa.com\/?product=may-in-brother-hl-l2366dw-in-den-trang-don-nang","title":{"rendered":"M\u00e1y in Brother HL-L2366DW &#8211; (IN 2 M\u1eb6T \/IN M\u1ea0NG DAY\/WIFI)"},"content":{"rendered":"<p>&#8211; M\u00e0n h\u00ecnh 16 k\u00fd t\u1ef1 x 1 d\u00f2ng LCD.<\/p>\n<p>&#8211; T\u1ed1c \u0111\u1ed9 in 30 trang\/ph\u00fat(A4).<\/p>\n<p>&#8211; Kh\u1ed5 gi\u1ea5y t\u1ed1i \u0111a : A4.<\/p>\n<p>&#8211; \u0110\u1ed9 ph\u00e2n gi\u1ea3i : 600 x 600 dpi, ch\u1ea5t l\u01b0\u1ee3ng HQ1200 (2400 x 600 dpi).<\/p>\n<p>&#8211; B\u1ed9 nh\u1edb : 32 MB.<\/p>\n<p>&#8211; Khay gi\u1ea5y 250 t\u1edd.<\/p>\n<p>&#8211; Khay \u0111a n\u0103ng : 1 t\u1edd.<\/p>\n<p>&#8211; Khay gi\u1ea5y ra : 100 t\u1edd.<\/p>\n<p>&#8211; Lo\u1ea1i gi\u1ea5y:\u00a0Plain Paper, Thin Paper, Recycled Paper.<\/p>\n<p>&#8211; \u0110\u1ed9 d\u00e0y gi\u1ea5y:\u00a060 to 163gsm.<\/p>\n<p>&#8211; In hai m\u1eb7t t\u1ef1 \u0111\u1ed9ng (Duplex).<\/p>\n<p>&#8211; In qua m\u1ea1ng Lan c\u00f3 d\u00e2y v\u00e0 kh\u00f4ng d\u00e2y WiFi.<\/p>\n<p>&#8211; In t\u1eeb thi\u1ebft b\u1ecb di \u0111\u1ed9ng:Brother iPrint&amp;Scan, AirPrint, Google Cloud Print.<\/p>\n<p>&#8211; Ti\u1ebft ki\u1ec7m m\u01b0c v\u1edbi ch\u1ebf \u0111\u1ed9 Toner Save Mode.<\/p>\n<p>&#8211; C\u00f4ng ngh\u1ec7 ch\u1ed1ng k\u1eb9t gi\u1ea5y.<\/p>\n<p>&#8211; Gi\u00e1 v\u1eadt t\u01b0 ch\u00ednh h\u00e3ng r\u1ea5t\u00a0 th\u1ea5p.<\/p>\n<p>&#8211; Ch\u1ebf \u0111\u1ed9 ti\u1ebft ki\u1ec7m \u0111i\u1ec7n 0.5W (ch\u1ebf \u0111\u1ed9 ng\u1ee7).<\/p>\n<p>&#8211; S\u1eed d\u1ee5ng : M\u1ef1c TN-2385 (2.600 trang A4), Drum DR-2385\u00a0 (12.000 trang A4).<\/p>\n<p>&#8211; Giao ti\u1ebfp: USB Full Speed 2.0, 10Base-T\/100Base-TX, IEEE 802.11b\/g\/n (Infrastructure Mode\/Ad-hoc Mode) IEEE 802.11 g\/n (Wi-fi Direct).<\/p>\n<p>&#8211; H\u1ec7 \u0111i\u1ec1u h\u00e0nh h\u1ed7 tr\u1ee3:<\/p>\n<p><u>Windows:<\/u>\u00a0Windows\u00ae XP Home Edition, XP Professional Edition, XP Professional x64 Edition, Server 2003, Server 2003 x64 Edition, Vista, Server 2008, Server 2008 R2, 7, 8, 8.1, Server 2012, Server 2012 R2.<\/p>\n<p><u>Mac:<\/u>\u00a0macOS X v10.7.5, 10.8.x, 10.9.x (Download only).<\/p>\n<p><u>Linux:<\/u>\u00a0CUPS, LPD\/LPRng (x86\/x64 environment).<\/p>\n<p>&#8211; K\u00edch th\u01b0\u1edbc : 360 x 356 x 183 mm.<\/p>\n<p>&#8211; Tr\u1ecdng l\u01b0\u1ee3ng : ~7.9 Kg.<\/p>\n","protected":false},"excerpt":{"rendered":"<p>&#8211; M\u00e0n h\u00ecnh 16 k\u00fd t\u1ef1 x 1 d\u00f2ng LCD. &#8211; T\u1ed1c \u0111\u1ed9 in 30 trang\/ph\u00fat(A4). &#8211; Kh\u1ed5 gi\u1ea5y t\u1ed1i<\/p>\n","protected":false},"featured_media":30862,"comment_status":"open","ping_status":"closed","template":"","meta":[],"product_brand":[110],"product_cat":[91],"product_tag":[],"class_list":{"0":"post-30861","1":"product","2":"type-product","3":"status-publish","4":"has-post-thumbnail","6":"product_brand-may-in-trang-den","7":"product_cat-thiet-bi-cntt","9":"first","10":"instock","11":"shipping-taxable","12":"product-type-simple"},"_links":{"self":[{"href":"https:\/\/108giahoa.com\/index.php?rest_route=\/wp\/v2\/product\/30861","targetHints":{"allow":["GET"]}}],"collection":[{"href":"https:\/\/108giahoa.com\/index.php?rest_route=\/wp\/v2\/product"}],"about":[{"href":"https:\/\/108giahoa.com\/index.php?rest_route=\/wp\/v2\/types\/product"}],"replies":[{"embeddable":true,"href":"https:\/\/108giahoa.com\/index.php?rest_route=%2Fwp%2Fv2%2Fcomments&post=30861"}],"version-history":[{"count":3,"href":"https:\/\/108giahoa.com\/index.php?rest_route=\/wp\/v2\/product\/30861\/revisions"}],"predecessor-version":[{"id":30869,"href":"https:\/\/108giahoa.com\/index.php?rest_route=\/wp\/v2\/product\/30861\/revisions\/30869"}],"wp:featuredmedia":[{"embeddable":true,"href":"https:\/\/108giahoa.com\/index.php?rest_route=\/wp\/v2\/media\/30862"}],"wp:attachment":[{"href":"https:\/\/108giahoa.com\/index.php?rest_route=%2Fwp%2Fv2%2Fmedia&parent=30861"}],"wp:term":[{"taxonomy":"product_brand","embeddable":true,"href":"https:\/\/108giahoa.com\/index.php?rest_route=%2Fwp%2Fv2%2Fproduct_brand&post=30861"},{"taxonomy":"product_cat","embeddable":true,"href":"https:\/\/108giahoa.com\/index.php?rest_route=%2Fwp%2Fv2%2Fproduct_cat&post=30861"},{"taxonomy":"product_tag","embeddable":true,"href":"https:\/\/108giahoa.com\/index.php?rest_route=%2Fwp%2Fv2%2Fproduct_tag&post=30861"}],"curies":[{"name":"wp","href":"https:\/\/api.w.org\/{rel}","templated":true}]}}