{"id":30938,"date":"2026-03-21T02:48:05","date_gmt":"2026-03-21T02:48:05","guid":{"rendered":"https:\/\/108giahoa.com\/?post_type=product&#038;p=30938"},"modified":"2026-03-21T02:48:05","modified_gmt":"2026-03-21T02:48:05","slug":"may-in-all-in-one-hp-deskjet-ia-3835-f5r96b","status":"publish","type":"product","link":"https:\/\/108giahoa.com\/?product=may-in-all-in-one-hp-deskjet-ia-3835-f5r96b","title":{"rendered":"M\u00e1y in All in One HP DeskJet IA 3835 (F5R96B)"},"content":{"rendered":"<table border=\"1\" width=\"100%\">\n<tbody>\n<tr>\n<td width=\"206\">S\u1ea3n ph\u1ea9m<\/td>\n<td width=\"581\"><a href=\"https:\/\/www.anphatpc.com.vn\/may-in_dm1102.html\">M\u00e1y in<\/a><\/td>\n<\/tr>\n<tr>\n<td width=\"206\">H\u00e3ng s\u1ea3n xu\u1ea5t<\/td>\n<td width=\"581\"><a href=\"https:\/\/www.anphatpc.com.vn\/may-in-hp_dm1122.html\">HP<\/a><\/td>\n<\/tr>\n<tr>\n<td width=\"206\">Model<\/td>\n<td width=\"581\"><strong>M\u00e1y in All in One HP DeskJet IA 3835 (F5R96B)<\/strong><\/td>\n<\/tr>\n<tr>\n<td width=\"206\">Ch\u1ee9c n\u0103ng<\/td>\n<td width=\"581\">In phun m\u00e0u, Copy, Scan, Fax<\/td>\n<\/tr>\n<tr>\n<td width=\"206\">\u0110\u1ed9 ph\u00e2n gi\u1ea3i<\/td>\n<td width=\"581\">1200 x 1200 dpi\u00a0 (\u0111en tr\u1eafng), 4800 x 1200 dpi (m\u00e0u)<\/td>\n<\/tr>\n<tr>\n<td width=\"206\">Kh\u1ed5 gi\u1ea5y<\/td>\n<td width=\"581\">A4<\/td>\n<\/tr>\n<tr>\n<td width=\"206\">K\u1ebft n\u1ed1i<\/td>\n<td width=\"581\"><a href=\"https:\/\/www.anphatpc.com.vn\/may-in_dm1102.html?filter=%2C2153%2C\">USB 2.0<\/a>,\u00a0Wifi<\/td>\n<\/tr>\n<tr>\n<td width=\"206\">T\u1ed1c \u0111\u1ed9 in trang \u0111\u1ea7u ti\u00ean<\/td>\n<td width=\"581\">14 gi\u00e2y<\/td>\n<\/tr>\n<tr>\n<td width=\"206\">T\u1ed1c \u0111\u1ed9 in<\/td>\n<td width=\"581\">16 trang\/ph\u00fat (m\u00e0u), 20 trang\/ph\u00fat (\u0111en tr\u1eafng)<\/td>\n<\/tr>\n<tr>\n<td width=\"206\">B\u1ed9 nh\u1edb ti\u00eau chu\u1ea9n<\/td>\n<td width=\"581\">64 MB<\/td>\n<\/tr>\n<tr>\n<td width=\"206\">H\u1ed9p m\u1ef1c thay th\u1ebf<\/td>\n<td width=\"581\">HP 680 Black Ink Cartridge<\/p>\n<p>HP 680 Tri-color Ink Cartridge<\/td>\n<\/tr>\n<tr>\n<td width=\"206\">K\u00edch th\u01b0\u1edbc<\/td>\n<td width=\"581\">450 x 364 x 217 mm (ch\u1ec9 m\u00e1y)<\/p>\n<p>450 x 573 x 271 \u00a0mm (c\u1ea3 h\u1ed9p)<\/td>\n<\/tr>\n<tr>\n<td width=\"206\">Tr\u1ecdng l\u01b0\u1ee3ng<\/td>\n<td width=\"581\">5.61 kg (ch\u1ec9 m\u00e1y)<br \/>\n7.18 kg (c\u1ea3 h\u1ed9p)<\/td>\n<\/tr>\n<\/tbody>\n<\/table>\n","protected":false},"excerpt":{"rendered":"<ul>\n<li><span class=\"item \">HP DeskJet IA 3835 All-in-One Printer<\/span><\/li>\n<li><span class=\"item \">Lo\u1ea1i m\u00e1y in : M\u00e1y in m\u00e0u \u0111a ch\u1ee9c n\u0103ng (In, Copy, Scan, Fax)<\/span><\/li>\n<li><span class=\"item \">Kh\u1ed5 gi\u1ea5y t\u1ed1i \u0111a : A4<\/span><\/li>\n<li><span class=\"item \">\u0110\u1ed9 ph\u00e2n gi\u1ea3i : 1200 x 1200 dpi (\u0111en tr\u1eafng), 4800 x 1200 dpi (m\u00e0u)<\/span><\/li>\n<li><span class=\"item hide d-block\">K\u1ebft n\u1ed1i: USB, Wifi<\/span><\/li>\n<li><span class=\"item hide d-block\">T\u1ed1c \u0111\u1ed9 in \u0111en tr\u1eafng: 20 trang \/ph\u00fat<\/span><\/li>\n<li><span class=\"item hide d-block\">T\u1ed1c \u0111\u1ed9 in m\u00e0u: 16 trang \/ph\u00fat<\/span><\/li>\n<li><span class=\"item hide d-block\">M\u1ef1c in: HP 680 Tri-color Ink Cartridge<\/span><\/li>\n<\/ul>\n","protected":false},"featured_media":30939,"comment_status":"open","ping_status":"closed","template":"","meta":[],"product_brand":[181],"product_cat":[91],"product_tag":[],"class_list":{"0":"post-30938","1":"product","2":"type-product","3":"status-publish","4":"has-post-thumbnail","6":"product_brand-may-in-laser-mau","7":"product_cat-thiet-bi-cntt","9":"first","10":"instock","11":"shipping-taxable","12":"product-type-simple"},"_links":{"self":[{"href":"https:\/\/108giahoa.com\/index.php?rest_route=\/wp\/v2\/product\/30938","targetHints":{"allow":["GET"]}}],"collection":[{"href":"https:\/\/108giahoa.com\/index.php?rest_route=\/wp\/v2\/product"}],"about":[{"href":"https:\/\/108giahoa.com\/index.php?rest_route=\/wp\/v2\/types\/product"}],"replies":[{"embeddable":true,"href":"https:\/\/108giahoa.com\/index.php?rest_route=%2Fwp%2Fv2%2Fcomments&post=30938"}],"version-history":[{"count":1,"href":"https:\/\/108giahoa.com\/index.php?rest_route=\/wp\/v2\/product\/30938\/revisions"}],"predecessor-version":[{"id":30940,"href":"https:\/\/108giahoa.com\/index.php?rest_route=\/wp\/v2\/product\/30938\/revisions\/30940"}],"wp:featuredmedia":[{"embeddable":true,"href":"https:\/\/108giahoa.com\/index.php?rest_route=\/wp\/v2\/media\/30939"}],"wp:attachment":[{"href":"https:\/\/108giahoa.com\/index.php?rest_route=%2Fwp%2Fv2%2Fmedia&parent=30938"}],"wp:term":[{"taxonomy":"product_brand","embeddable":true,"href":"https:\/\/108giahoa.com\/index.php?rest_route=%2Fwp%2Fv2%2Fproduct_brand&post=30938"},{"taxonomy":"product_cat","embeddable":true,"href":"https:\/\/108giahoa.com\/index.php?rest_route=%2Fwp%2Fv2%2Fproduct_cat&post=30938"},{"taxonomy":"product_tag","embeddable":true,"href":"https:\/\/108giahoa.com\/index.php?rest_route=%2Fwp%2Fv2%2Fproduct_tag&post=30938"}],"curies":[{"name":"wp","href":"https:\/\/api.w.org\/{rel}","templated":true}]}}