{"id":30980,"date":"2026-03-21T03:40:10","date_gmt":"2026-03-21T03:40:10","guid":{"rendered":"https:\/\/108giahoa.com\/?post_type=product&#038;p=30980"},"modified":"2026-03-21T03:40:11","modified_gmt":"2026-03-21T03:40:11","slug":"may-in-phun-mau-epson-l18050-in-a3-usb-wifi","status":"publish","type":"product","link":"https:\/\/108giahoa.com\/?product=may-in-phun-mau-epson-l18050-in-a3-usb-wifi","title":{"rendered":"M\u00e1y in phun m\u00e0u Epson L18050 (In, A3, USB, WIFI)"},"content":{"rendered":"<table>\n<tbody>\n<tr>\n<td>Ch\u1ee9c n\u0103ng<\/td>\n<td>In<\/td>\n<\/tr>\n<tr>\n<td>Ph\u01b0\u01a1ng th\u1ee9c n\u1ea1p gi\u1ea5y<\/td>\n<td>Friction feed<\/td>\n<\/tr>\n<tr>\n<td>S\u1ed1 khay gi\u1ea5y<\/td>\n<td>1<\/td>\n<\/tr>\n<tr>\n<td>S\u1ee9c ch\u1ee9a gi\u1ea5y v\u00e0o<\/td>\n<td>L\u00ean \u0111\u1ebfn 80 t\u1edd A3 gi\u1ea5y th\u01b0\u1eddng (80 g\/m\u00b2); 50 t\u1edd gi\u1ea5y \u1ea3nh b\u00f3ng cao c\u1ea5p<\/td>\n<\/tr>\n<tr>\n<td>S\u1ee9c ch\u1ee9a gi\u1ea5y ra<\/td>\n<td>L\u00ean \u0111\u1ebfn 100 t\u1edd A3 gi\u1ea5y th\u01b0\u1eddng; 30 t\u1edd gi\u1ea5y \u1ea3nh b\u00f3ng cao c\u1ea5p<\/td>\n<\/tr>\n<tr>\n<td>Kh\u1ed5 gi\u1ea5y h\u1ed7 tr\u1ee3<\/td>\n<td>A6, A5, A4, A3, A3+, B6, B5, B4, 8K, 16K, Indian-Legal, Letter, 8 x 10&#8243;, 8.5 x 13&#8243;, Legal, 5 x 7&#8243;, 4 x 6&#8243;, 16:9 Wide, 105 x 148 mm, 3.5 x 5&#8243;, 54 x 86 mm (ID card), Envelopes #10, DL, C6, C4<\/td>\n<\/tr>\n<tr>\n<td>Kh\u1ed5 gi\u1ea5y t\u1ed1i \u0111a<\/td>\n<td>215.9 x 1200 mm (8.5 x 47.24&#8243;)<\/td>\n<\/tr>\n<tr>\n<td>L\u1ec1 in<\/td>\n<td>0 mm (tr\u00ean, d\u01b0\u1edbi, tr\u00e1i, ph\u1ea3i \u2013 qua thi\u1ebft l\u1eadp t\u00f9y ch\u1ec9nh trong driver)<\/td>\n<\/tr>\n<tr>\n<td>In th\u1ebb PVC \/ th\u1ebb ID<\/td>\n<td>C\u00f3<\/td>\n<\/tr>\n<tr>\n<td>In CD\/DVD<\/td>\n<td>C\u00f3<\/td>\n<\/tr>\n<tr>\n<td>Gi\u1ea3i ph\u00e1p in di \u0111\u1ed9ng &amp; \u0111\u00e1m m\u00e2y<\/td>\n<td>Epson iPrint, Epson Email Print, Remote Print Driver<\/td>\n<\/tr>\n<tr>\n<td>\u1ee8ng d\u1ee5ng di \u0111\u1ed9ng kh\u00e1c<\/td>\n<td>Epson Smart Panel<\/td>\n<\/tr>\n<tr>\n<td>C\u00f4ng ngh\u1ec7 in<\/td>\n<td>\u0110\u1ea7u in MicroPiezo<\/td>\n<\/tr>\n<tr>\n<td>C\u1ea5u h\u00ecnh \u0111\u1ea7u phun<\/td>\n<td>\u0110en: 180 \u00d7 1 v\u00f2i phun;<\/p>\n<p>M\u1ed7i m\u00e0u (C, M, Y, LC, LM): 180 \u00d7 1 v\u00f2i phun<\/td>\n<\/tr>\n<tr>\n<td>H\u01b0\u1edbng in<\/td>\n<td>Bi-directional printing<\/td>\n<\/tr>\n<tr>\n<td>\u0110\u1ed9 ph\u00e2n gi\u1ea3i in t\u1ed1i \u0111a<\/td>\n<td>5760 \u00d7 1440 dpi (c\u00f4ng ngh\u1ec7 gi\u1ecdt m\u1ef1c bi\u1ebfn \u0111\u1ed5i k\u00edch th\u01b0\u1edbc)<\/td>\n<\/tr>\n<tr>\n<td>K\u00edch th\u01b0\u1edbc gi\u1ecdt m\u1ef1c nh\u1ecf nh\u1ea5t<\/td>\n<td>1.5 pl<\/td>\n<\/tr>\n<tr>\n<td>T\u1ed1c \u0111\u1ed9 in ISO (A4)<\/td>\n<td>\u0110en \/ M\u00e0u: L\u00ean \u0111\u1ebfn 8.0 \/ 8.0 ipm<\/td>\n<\/tr>\n<tr>\n<td>T\u1ed1c \u0111\u1ed9 in ISO (A3)<\/td>\n<td>\u0110en \/ M\u00e0u: L\u00ean \u0111\u1ebfn 3.0 \/ 3.0 ipm<\/td>\n<\/tr>\n<tr>\n<td>Th\u1eddi gian in trang \u0111\u1ea7u<\/td>\n<td>Kho\u1ea3ng 14 gi\u00e2y (\u0110en \/ M\u00e0u)<\/td>\n<\/tr>\n<tr>\n<td>In hai m\u1eb7t t\u1ef1 \u0111\u1ed9ng<\/td>\n<td>Kh\u00f4ng<\/td>\n<\/tr>\n<tr>\n<td>T\u1ed1c \u0111\u1ed9 in nh\u00e1p A4<\/td>\n<td>\u0110en \/ M\u00e0u: L\u00ean \u0111\u1ebfn 22 \/ 22 ppm<\/td>\n<\/tr>\n<tr>\n<td>Th\u1eddi gian in \u1ea3nh 10 \u00d7 15 cm<\/td>\n<td>Kho\u1ea3ng 27 gi\u00e2y (c\u00f3 \/ kh\u00f4ng vi\u1ec1n)<\/td>\n<\/tr>\n<tr>\n<td>Th\u1eddi gian in \u1ea3nh A4<\/td>\n<td>Kho\u1ea3ng 65 gi\u00e2y (c\u00f3 \/ kh\u00f4ng vi\u1ec1n)<\/td>\n<\/tr>\n<tr>\n<td>Th\u1eddi gian in \u1ea3nh A3<\/td>\n<td>Kho\u1ea3ng 110 \/ 115 gi\u00e2y (c\u00f3 \/ kh\u00f4ng vi\u1ec1n)<\/td>\n<\/tr>\n<tr>\n<td>H\u1ed9p m\u1ef1c \u0111en<\/td>\n<td>S\u1ea3n l\u01b0\u1ee3ng ~3.600 trang; M\u00e3 m\u1ef1c: 057<\/td>\n<\/tr>\n<tr>\n<td>H\u1ed9p m\u1ef1c m\u00e0u (C\/M\/Y\/LC\/LM)<\/td>\n<td>S\u1ea3n l\u01b0\u1ee3ng ~7.200 trang (composite); In \u1ea3nh 4R ~2.100 \u1ea3nh; M\u00e3 m\u1ef1c: 057<\/td>\n<\/tr>\n<tr>\n<td>\u0110i\u1ec7n \u00e1p \u0111\u1ecbnh m\u1ee9c<\/td>\n<td>AC 220 \u2013 240 V<\/td>\n<\/tr>\n<tr>\n<td>T\u1ea7n s\u1ed1<\/td>\n<td>50 \u2013 60 Hz<\/td>\n<\/tr>\n<tr>\n<td>C\u00f4ng su\u1ea5t ti\u00eau th\u1ee5<\/td>\n<td>Ho\u1ea1t \u0111\u1ed9ng: 19 W; Ch\u1edd: 4.4 W; Ng\u1ee7: 0.6 W; T\u1eaft ngu\u1ed3n: 0.2 W<\/td>\n<\/tr>\n<tr>\n<td>K\u1ebft n\u1ed1i USB<\/td>\n<td>USB 2.0<\/td>\n<\/tr>\n<tr>\n<td>K\u1ebft n\u1ed1i m\u1ea1ng<\/td>\n<td>Wi-Fi IEEE 802.11b\/g\/n; Wi-Fi Direct<\/td>\n<\/tr>\n<tr>\n<td>Giao th\u1ee9c m\u1ea1ng<\/td>\n<td>TCP\/IPv4, TCP\/IPv6<\/td>\n<\/tr>\n<tr>\n<td>H\u1ec7 \u0111i\u1ec1u h\u00e0nh h\u1ed7 tr\u1ee3<\/td>\n<td>Windows XP SP3 \u2192 Windows 11; Windows Server 2003 \u2192 2022 (ch\u1ec9 h\u1ed7 tr\u1ee3 in &amp; qu\u00e9t); macOS 10.9.5 tr\u1edf l\u00ean<\/td>\n<\/tr>\n<\/tbody>\n<\/table>\n","protected":false},"excerpt":{"rendered":"<ul>\n<li><span class=\"item \">C\u00f4ng ngh\u1ec7 in: In phun<\/span><\/li>\n<li><span class=\"item \"><i class=\"fa fa-check-circle\"><\/i>Kh\u1ed5 gi\u1ea5y t\u1ed1i \u0111a: A3<\/span><\/li>\n<li><span class=\"item \"><i class=\"fa fa-check-circle\"><\/i>Giao ti\u1ebfp: USB\/ WIFI<\/span><\/li>\n<li><span class=\"item \"><i class=\"fa fa-check-circle\"><\/i>M\u1ef1c in: M\u01af\u0323C IN EPSON 057<\/span><\/li>\n<\/ul>\n","protected":false},"featured_media":30981,"comment_status":"open","ping_status":"closed","template":"","meta":[],"product_brand":[115],"product_cat":[91],"product_tag":[],"class_list":{"0":"post-30980","1":"product","2":"type-product","3":"status-publish","4":"has-post-thumbnail","6":"product_brand-may-in-phun-mau","7":"product_cat-thiet-bi-cntt","9":"first","10":"instock","11":"shipping-taxable","12":"product-type-simple"},"_links":{"self":[{"href":"https:\/\/108giahoa.com\/index.php?rest_route=\/wp\/v2\/product\/30980","targetHints":{"allow":["GET"]}}],"collection":[{"href":"https:\/\/108giahoa.com\/index.php?rest_route=\/wp\/v2\/product"}],"about":[{"href":"https:\/\/108giahoa.com\/index.php?rest_route=\/wp\/v2\/types\/product"}],"replies":[{"embeddable":true,"href":"https:\/\/108giahoa.com\/index.php?rest_route=%2Fwp%2Fv2%2Fcomments&post=30980"}],"version-history":[{"count":1,"href":"https:\/\/108giahoa.com\/index.php?rest_route=\/wp\/v2\/product\/30980\/revisions"}],"predecessor-version":[{"id":30982,"href":"https:\/\/108giahoa.com\/index.php?rest_route=\/wp\/v2\/product\/30980\/revisions\/30982"}],"wp:featuredmedia":[{"embeddable":true,"href":"https:\/\/108giahoa.com\/index.php?rest_route=\/wp\/v2\/media\/30981"}],"wp:attachment":[{"href":"https:\/\/108giahoa.com\/index.php?rest_route=%2Fwp%2Fv2%2Fmedia&parent=30980"}],"wp:term":[{"taxonomy":"product_brand","embeddable":true,"href":"https:\/\/108giahoa.com\/index.php?rest_route=%2Fwp%2Fv2%2Fproduct_brand&post=30980"},{"taxonomy":"product_cat","embeddable":true,"href":"https:\/\/108giahoa.com\/index.php?rest_route=%2Fwp%2Fv2%2Fproduct_cat&post=30980"},{"taxonomy":"product_tag","embeddable":true,"href":"https:\/\/108giahoa.com\/index.php?rest_route=%2Fwp%2Fv2%2Fproduct_tag&post=30980"}],"curies":[{"name":"wp","href":"https:\/\/api.w.org\/{rel}","templated":true}]}}