{"id":31001,"date":"2026-03-21T06:34:30","date_gmt":"2026-03-21T06:34:30","guid":{"rendered":"https:\/\/108giahoa.com\/?post_type=product&#038;p=31001"},"modified":"2026-03-21T06:34:30","modified_gmt":"2026-03-21T06:34:30","slug":"may-in-da-chuc-nang-epson-l4150-in-phun-mau","status":"publish","type":"product","link":"https:\/\/108giahoa.com\/?product=may-in-da-chuc-nang-epson-l4150-in-phun-mau","title":{"rendered":"M\u00e1y in \u0111a ch\u1ee9c n\u0103ng Epson L4150 (In phun m\u00e0u)"},"content":{"rendered":"<ul>\n<li data-end=\"2344\" data-start=\"2301\"><strong data-end=\"2317\" data-start=\"2301\">C\u00f4ng ngh\u1ec7 in<\/strong>: PrecisionCore Printhead<\/li>\n<li data-end=\"2394\" data-start=\"2347\"><strong data-end=\"2373\" data-start=\"2347\">\u0110\u1ed9 ph\u00e2n gi\u1ea3i in t\u1ed1i \u0111a<\/strong>: 4.800 \u00d7 1.200 dpi<\/li>\n<li data-end=\"2443\" data-start=\"2397\"><strong data-end=\"2414\" data-start=\"2397\">T\u1ed1c \u0111\u1ed9 in ISO<\/strong>: 15 ipm (\u0111en), 8 ipm (m\u00e0u)<\/li>\n<li data-end=\"2481\" data-start=\"2446\"><strong data-end=\"2475\" data-start=\"2446\">In 2 m\u1eb7t t\u1ef1 \u0111\u1ed9ng (Duplex)<\/strong>: C\u00f3<\/li>\n<li data-end=\"2515\" data-start=\"2484\"><strong data-end=\"2497\" data-start=\"2484\">Ch\u1ee9c n\u0103ng<\/strong>: In, Scan, Copy<\/li>\n<li data-end=\"2571\" data-start=\"2518\"><strong data-end=\"2535\" data-start=\"2518\">Khay gi\u1ea5y n\u1ea1p<\/strong>: 100 t\u1edd A4 th\u01b0\u1eddng; 20 t\u1edd gi\u1ea5y \u1ea3nh<\/li>\n<li data-end=\"2618\" data-start=\"2574\"><strong data-end=\"2590\" data-start=\"2574\">Khay gi\u1ea5y ra<\/strong>: 30 t\u1edd A4; 20 t\u1edd gi\u1ea5y \u1ea3nh<\/li>\n<li data-end=\"2708\" data-start=\"2621\"><strong data-end=\"2647\" data-start=\"2621\">K\u00edch th\u01b0\u1edbc gi\u1ea5y h\u1ed7 tr\u1ee3<\/strong>: A4, A5, A6, B5, B6, Letter, Legal, phong b\u00ec (#10, DL, C6)<\/li>\n<li data-end=\"2795\" data-start=\"2711\"><strong data-end=\"2738\" data-start=\"2711\">Tr\u1ecdng l\u01b0\u1ee3ng gi\u1ea5y h\u1ed7 tr\u1ee3<\/strong>: 64 \u2013 90 g\/m\u00b2 (gi\u1ea5y th\u01b0\u1eddng), 102 \u2013 300 g\/m\u00b2 (gi\u1ea5y \u1ea3nh)<\/li>\n<li data-end=\"2846\" data-start=\"2798\"><strong data-end=\"2819\" data-start=\"2798\">\u0110\u1ed9 ph\u00e2n gi\u1ea3i scan<\/strong>: 1.200 \u00d7 2.400 dpi (CIS)<\/li>\n<li data-end=\"2929\" data-start=\"2849\"><strong data-end=\"2859\" data-start=\"2849\">M\u1ef1c in<\/strong>: Epson 001 \u2013 Black (8.500 trang), Cyan\/Magenta\/Yellow (6.500 trang)<\/li>\n<li data-end=\"2975\" data-start=\"2932\"><strong data-end=\"2943\" data-start=\"2932\">K\u1ebft n\u1ed1i<\/strong>: USB 2.0, Wi-Fi, Wi-Fi Direct<\/li>\n<li data-end=\"3018\" data-start=\"2978\"><strong data-end=\"3001\" data-start=\"2978\">M\u00e0n h\u00ecnh \u0111i\u1ec1u khi\u1ec3n<\/strong>: LCD m\u00e0u 1,44\u2033<\/li>\n<li data-end=\"3061\" data-start=\"3021\"><strong data-end=\"3039\" data-start=\"3021\">K\u00edch th\u01b0\u1edbc m\u00e1y<\/strong>: 375 \u00d7 347 \u00d7 179 mm<\/li>\n<li data-end=\"3090\" data-start=\"3064\"><strong data-end=\"3079\" data-start=\"3064\">Tr\u1ecdng l\u01b0\u1ee3ng<\/strong>: ~5,8 kg<\/li>\n<\/ul>\n","protected":false},"excerpt":{"rendered":"<p>C\u00f4ng ngh\u1ec7 in: PrecisionCore Printhead \u0110\u1ed9 ph\u00e2n gi\u1ea3i in t\u1ed1i \u0111a: 4.800 \u00d7 1.200 dpi T\u1ed1c \u0111\u1ed9 in ISO: 15<\/p>\n","protected":false},"featured_media":31002,"comment_status":"open","ping_status":"closed","template":"","meta":[],"product_brand":[115],"product_cat":[91],"product_tag":[],"class_list":{"0":"post-31001","1":"product","2":"type-product","3":"status-publish","4":"has-post-thumbnail","6":"product_brand-may-in-phun-mau","7":"product_cat-thiet-bi-cntt","9":"first","10":"instock","11":"shipping-taxable","12":"product-type-simple"},"_links":{"self":[{"href":"https:\/\/108giahoa.com\/index.php?rest_route=\/wp\/v2\/product\/31001","targetHints":{"allow":["GET"]}}],"collection":[{"href":"https:\/\/108giahoa.com\/index.php?rest_route=\/wp\/v2\/product"}],"about":[{"href":"https:\/\/108giahoa.com\/index.php?rest_route=\/wp\/v2\/types\/product"}],"replies":[{"embeddable":true,"href":"https:\/\/108giahoa.com\/index.php?rest_route=%2Fwp%2Fv2%2Fcomments&post=31001"}],"version-history":[{"count":2,"href":"https:\/\/108giahoa.com\/index.php?rest_route=\/wp\/v2\/product\/31001\/revisions"}],"predecessor-version":[{"id":31005,"href":"https:\/\/108giahoa.com\/index.php?rest_route=\/wp\/v2\/product\/31001\/revisions\/31005"}],"wp:featuredmedia":[{"embeddable":true,"href":"https:\/\/108giahoa.com\/index.php?rest_route=\/wp\/v2\/media\/31002"}],"wp:attachment":[{"href":"https:\/\/108giahoa.com\/index.php?rest_route=%2Fwp%2Fv2%2Fmedia&parent=31001"}],"wp:term":[{"taxonomy":"product_brand","embeddable":true,"href":"https:\/\/108giahoa.com\/index.php?rest_route=%2Fwp%2Fv2%2Fproduct_brand&post=31001"},{"taxonomy":"product_cat","embeddable":true,"href":"https:\/\/108giahoa.com\/index.php?rest_route=%2Fwp%2Fv2%2Fproduct_cat&post=31001"},{"taxonomy":"product_tag","embeddable":true,"href":"https:\/\/108giahoa.com\/index.php?rest_route=%2Fwp%2Fv2%2Fproduct_tag&post=31001"}],"curies":[{"name":"wp","href":"https:\/\/api.w.org\/{rel}","templated":true}]}}