{"id":31020,"date":"2026-03-21T06:58:49","date_gmt":"2026-03-21T06:58:49","guid":{"rendered":"https:\/\/108giahoa.com\/?post_type=product&#038;p=31020"},"modified":"2026-03-21T06:58:49","modified_gmt":"2026-03-21T06:58:49","slug":"may-scan-hp-scanjet-pro-3500-f1-l2741a","status":"publish","type":"product","link":"https:\/\/108giahoa.com\/?product=may-scan-hp-scanjet-pro-3500-f1-l2741a","title":{"rendered":"M\u00e1y Scan HP Scanjet Pro 3500 F1 &#8211; L2741A"},"content":{"rendered":"<ul>\n<li aria-level=\"1\">Lo\u1ea1i m\u00e1y scan: M\u0103\u0323t ki\u0301nh ph\u0103\u0309ng, ADF<\/li>\n<li aria-level=\"1\">\u0110\u1ecbnh d\u1ea1ng t\u1eadp tin scan: PDF, JPEG, PNG, BMP, TIFF, TXT (v\u0103n b\u1ea3n), RTF (v\u0103n b\u1ea3n \u0111a d\u1ea1ng th\u1ee9c) v\u00e0 PDF c\u00f3 th\u1ec3 t\u00ecm ki\u1ebfm<\/li>\n<li aria-level=\"1\">\u0110\u1ed9 ph\u00e2n gi\u1ea3i: L\u00ean \u0111\u1ebfn 600 dpi (m\u00e0u v\u00e0 \u0111en tr\u1eafng, khay n\u1ea1p t\u00e0i li\u1ec7u t\u1ef1 \u0111\u1ed9ng ADF); L\u00ean \u0111\u1ebfn 1200 dpi (m\u00e0u v\u00e0 \u0111en tr\u1eafng, m\u0103\u0323t ki\u0301nh ph\u0103\u0309ng)<\/li>\n<li aria-level=\"1\">Hi\u1ec7u su\u1ea5t l\u00e0m vi\u1ec7c: 3.000 trang\/ng\u00e0y<\/li>\n<li aria-level=\"1\">\u0110\u1ed9 s\u00e2u bit: 24 bit (b\u00ean ngo\u00e0i), 48 bit (n\u1ed9i b\u1ed9)<\/li>\n<li aria-level=\"1\">B\u1ea3ng \u0111i\u1ec1u khi\u1ec3n: LCD 2 d\u00f2ng, 5 n\u00fat (Simplex\/Duplex (M\u1ed9t m\u1eb7t\/\u0110\u1ea3o m\u1eb7t), Power (Ngu\u1ed3n), Cancel (H\u1ee7y), Back (Quay l\u1ea1i) v\u00e0 Tools\/Maintenance (C\u00f4ng c\u1ee5\/B\u1ea3o tr\u00ec))<\/li>\n<li aria-level=\"1\">C\u00f4ng su\u1ea5t khay n\u1ea1p t\u00e0i li\u1ec7u: Ti\u00eau chu\u1ea9n 50 t\u1edd<\/li>\n<li aria-level=\"1\">T\u1ed1c \u0111\u1ed9 scan: T\u1ed1i \u0111a 25 trang\/ph\u00fat ho\u1eb7c 50 \u1ea3nh\/ph\u00fat (300 dpi)<\/li>\n<li aria-level=\"1\">Tr\u1ecdng l\u01b0\u1ee3ng gi\u1ea5y: 45 \u0111\u1ebfn 120 g\/m\u00b2<\/li>\n<li aria-level=\"1\">H\u1ec7 \u0111i\u1ec1u h\u00e0nh t\u01b0\u01a1ng th\u00edch: Windows 10 (32-bit\/64-bit), Windows 8.1 (32-bit\/64-bit), Windows 8 (32-bit\/64-bit), Windows 7 (32-bit\/64-bit); macOS X Mavericks 10.9, OS X Yosemite 10.10<\/li>\n<li aria-level=\"1\">Chu\u1ea9n k\u1ebft n\u1ed1i: USB 2.0 v\u00e0 USB 3.0<\/li>\n<li aria-level=\"1\">\u0110i\u1ec7n \u00e1p \u0111\u1ea7u v\u00e0o: 90 t\u1edbi 264 VAC, 50\/ 60 Hz<\/li>\n<li aria-level=\"1\">\u0110i\u1ec7n n\u0103ng ti\u00eau th\u1ee5: 4,51 W (Ch\u1ebf \u0111\u1ed9 s\u1eb5n s\u00e0ng), 1,40 W (Ch\u1ebf \u0111\u1ed9 ng\u1ee7), 0,22 W (T\u1ef1 \u0111\u1ed9ng t\u1eaft), 0,22 W (T\u1eaft thu\u0309 c\u00f4ng)<\/li>\n<li aria-level=\"1\">K\u00edch th\u01b0\u1edbc: 460 x 387 x 145 mm<\/li>\n<li aria-level=\"1\">Tr\u1ecdng l\u01b0\u1ee3ng: 5,58 kg<\/li>\n<\/ul>\n","protected":false},"excerpt":{"rendered":"<ul>\n<li><span class=\"item \">M\u00e1y Scan HP Scanjet Pro 3500 F1 &#8211; L2741A<\/span><\/li>\n<li><span class=\"item \"><i class=\"fa fa-check-circle\"><\/i>Xu\u1ea5t x\u1ee9:\u00a0<b><span style=\"color: red;\">China<\/span><\/b><\/span><\/li>\n<li><span class=\"item \"><i class=\"fa fa-check-circle\"><\/i>Scan Flatbed, ADF, k\u00edch th\u01b0\u1edbc t\u1ed1i \u0111a A4, scan t\u1ef1 \u0111\u1ed9ng 2 m\u1eb7t.<\/span><\/li>\n<li><span class=\"item \"><i class=\"fa fa-check-circle\"><\/i>C\u00f4ng su\u1ea5t scan 3000 trang\/ng\u00e0y.<\/span><\/li>\n<li><span class=\"item hide d-block\"><i class=\"fa fa-check-circle\"><\/i>Ch\u1ea5t l\u01b0\u1ee3ng file scan: \u0111\u1ed9 ph\u00e2n gi\u1ea3i 600 x 1200 dpi, 24-bit m\u00e0u.<\/span><\/li>\n<li><span class=\"item hide d-block\"><i class=\"fa fa-check-circle\"><\/i>Khai n\u1ea1p gi\u1ea5y t\u1ef1 \u0111\u1ed9ng 50 trang.<\/span><\/li>\n<li><span class=\"item hide d-block\"><i class=\"fa fa-check-circle\"><\/i>T\u1ed1c \u0111\u1ed9: 10 x 15 cm (4 x6 in) Color Photo to file (200 dpi, 24-bit, TIFF): about 9.2 sec for single image scan; 10 x 15 cm (4 x 6 in) Color Photo to E-mail (150 dpi, 24-bit)<\/span><\/li>\n<\/ul>\n","protected":false},"featured_media":31021,"comment_status":"open","ping_status":"closed","template":"","meta":[],"product_brand":[116],"product_cat":[91],"product_tag":[],"class_list":{"0":"post-31020","1":"product","2":"type-product","3":"status-publish","4":"has-post-thumbnail","6":"product_brand-may-scan","7":"product_cat-thiet-bi-cntt","9":"first","10":"instock","11":"shipping-taxable","12":"product-type-simple"},"_links":{"self":[{"href":"https:\/\/108giahoa.com\/index.php?rest_route=\/wp\/v2\/product\/31020","targetHints":{"allow":["GET"]}}],"collection":[{"href":"https:\/\/108giahoa.com\/index.php?rest_route=\/wp\/v2\/product"}],"about":[{"href":"https:\/\/108giahoa.com\/index.php?rest_route=\/wp\/v2\/types\/product"}],"replies":[{"embeddable":true,"href":"https:\/\/108giahoa.com\/index.php?rest_route=%2Fwp%2Fv2%2Fcomments&post=31020"}],"version-history":[{"count":1,"href":"https:\/\/108giahoa.com\/index.php?rest_route=\/wp\/v2\/product\/31020\/revisions"}],"predecessor-version":[{"id":31022,"href":"https:\/\/108giahoa.com\/index.php?rest_route=\/wp\/v2\/product\/31020\/revisions\/31022"}],"wp:featuredmedia":[{"embeddable":true,"href":"https:\/\/108giahoa.com\/index.php?rest_route=\/wp\/v2\/media\/31021"}],"wp:attachment":[{"href":"https:\/\/108giahoa.com\/index.php?rest_route=%2Fwp%2Fv2%2Fmedia&parent=31020"}],"wp:term":[{"taxonomy":"product_brand","embeddable":true,"href":"https:\/\/108giahoa.com\/index.php?rest_route=%2Fwp%2Fv2%2Fproduct_brand&post=31020"},{"taxonomy":"product_cat","embeddable":true,"href":"https:\/\/108giahoa.com\/index.php?rest_route=%2Fwp%2Fv2%2Fproduct_cat&post=31020"},{"taxonomy":"product_tag","embeddable":true,"href":"https:\/\/108giahoa.com\/index.php?rest_route=%2Fwp%2Fv2%2Fproduct_tag&post=31020"}],"curies":[{"name":"wp","href":"https:\/\/api.w.org\/{rel}","templated":true}]}}