{"id":31029,"date":"2026-03-21T07:07:07","date_gmt":"2026-03-21T07:07:07","guid":{"rendered":"https:\/\/108giahoa.com\/?post_type=product&#038;p=31029"},"modified":"2026-03-21T07:07:08","modified_gmt":"2026-03-21T07:07:08","slug":"may-scan-epson-per-v39ii-a4-a5-usb","status":"publish","type":"product","link":"https:\/\/108giahoa.com\/?product=may-scan-epson-per-v39ii-a4-a5-usb","title":{"rendered":"M\u00e1y scan Epson PER-V39II (A4| A5| USB)"},"content":{"rendered":"<ul>\n<li><span class=\"item \">Lo\u1ea1i m\u00e1y qu\u00e9t: M\u00e1y qu\u00e9t h\u00ecnh \u1ea3nh m\u00e0u ph\u1eb3ng<\/span><\/li>\n<li><span class=\"item \"><i class=\"fa fa-check-circle\"><\/i>\u0110\u1ed9 ph\u00e2n gi\u1ea3i quang h\u1ecdc: 4800 dpi.<\/span><\/li>\n<li><span class=\"item \"><i class=\"fa fa-check-circle\"><\/i>\u0110\u1ed9 ph\u00e2n gi\u1ea3i ph\u1ea7n c\u1ee9ng: 4800 x 4800 dpi<\/span><\/li>\n<li><span class=\"item \"><i class=\"fa fa-check-circle\"><\/i>\u0110\u1ed9 s\u00e2u bit m\u00e0u: 48 bit tr\u00ean m\u1ed7i pixel b\u00ean trong \/ 24 bit tr\u00ean m\u1ed7i pixel b\u00ean ngo\u00e0i<\/span><\/li>\n<li><span class=\"item hide d-block\"><i class=\"fa fa-check-circle\"><\/i>C\u1ea3m bi\u1ebfn quang h\u1ecdc: CIS (C\u1ea3m bi\u1ebfn h\u00ecnh \u1ea3nh ti\u1ebfp x\u00fac)<\/span><\/li>\n<li><span class=\"item hide d-block\"><i class=\"fa fa-check-circle\"><\/i>\u0110\u1ed9 s\u00e2u bit thang \u0111\u1ed9 x\u00e1m:16 bit tr\u00ean m\u1ed7i pixel b\u00ean trong \/ 8 bit tr\u00ean m\u1ed7i pixel b\u00ean ngo\u00e0i<\/span><\/li>\n<li><span class=\"item hide d-block\"><i class=\"fa fa-check-circle\"><\/i>M\u1eadt \u0111\u1ed9 quang h\u1ecdc: CIS (C\u1ea3m bi\u1ebfn h\u00ecnh \u1ea3nh ti\u1ebfp x\u00fac)<\/span><\/li>\n<li><span class=\"item hide d-block\"><i class=\"fa fa-check-circle\"><\/i>Di\u1ec7n t\u00edch qu\u00e9t t\u1ed1i \u0111a: M\u1eb7t ph\u1eb3ng 8,5&#8243; x 11,7&#8243;<\/span><\/li>\n<li><span class=\"item hide d-block\"><i class=\"fa fa-check-circle\"><\/i>Ngu\u1ed3n s\u00e1ng: \u0110\u00e8n LED RGB ba m\u00e0u<\/span><\/li>\n<li><span class=\"item hide d-block\"><i class=\"fa fa-check-circle\"><\/i>T\u1ed1c \u0111\u1ed9 qu\u00e9t: A4 \u0110en tr\u1eafng 300 dpi kho\u1ea3ng 10 gi\u00e2y (qua USB 2.0), A4 M\u00e0u 300 dpi kho\u1ea3ng 10 gi\u00e2y (qua USB 2.0)<\/span><\/li>\n<li><span class=\"item hide d-block\"><i class=\"fa fa-check-circle\"><\/i>K\u1ebft n\u1ed1i ti\u00eau chu\u1ea9n: USB 2.0 t\u1ed1c \u0111\u1ed9 cao<\/span><\/li>\n<\/ul>\n","protected":false},"excerpt":{"rendered":"<p>Lo\u1ea1i m\u00e1y qu\u00e9t: M\u00e1y qu\u00e9t h\u00ecnh \u1ea3nh m\u00e0u ph\u1eb3ng \u0110\u1ed9 ph\u00e2n gi\u1ea3i quang h\u1ecdc: 4800 dpi. \u0110\u1ed9 ph\u00e2n gi\u1ea3i ph\u1ea7n<\/p>\n","protected":false},"featured_media":31030,"comment_status":"open","ping_status":"closed","template":"","meta":[],"product_brand":[116],"product_cat":[91],"product_tag":[],"class_list":{"0":"post-31029","1":"product","2":"type-product","3":"status-publish","4":"has-post-thumbnail","6":"product_brand-may-scan","7":"product_cat-thiet-bi-cntt","9":"first","10":"instock","11":"shipping-taxable","12":"product-type-simple"},"_links":{"self":[{"href":"https:\/\/108giahoa.com\/index.php?rest_route=\/wp\/v2\/product\/31029","targetHints":{"allow":["GET"]}}],"collection":[{"href":"https:\/\/108giahoa.com\/index.php?rest_route=\/wp\/v2\/product"}],"about":[{"href":"https:\/\/108giahoa.com\/index.php?rest_route=\/wp\/v2\/types\/product"}],"replies":[{"embeddable":true,"href":"https:\/\/108giahoa.com\/index.php?rest_route=%2Fwp%2Fv2%2Fcomments&post=31029"}],"version-history":[{"count":1,"href":"https:\/\/108giahoa.com\/index.php?rest_route=\/wp\/v2\/product\/31029\/revisions"}],"predecessor-version":[{"id":31031,"href":"https:\/\/108giahoa.com\/index.php?rest_route=\/wp\/v2\/product\/31029\/revisions\/31031"}],"wp:featuredmedia":[{"embeddable":true,"href":"https:\/\/108giahoa.com\/index.php?rest_route=\/wp\/v2\/media\/31030"}],"wp:attachment":[{"href":"https:\/\/108giahoa.com\/index.php?rest_route=%2Fwp%2Fv2%2Fmedia&parent=31029"}],"wp:term":[{"taxonomy":"product_brand","embeddable":true,"href":"https:\/\/108giahoa.com\/index.php?rest_route=%2Fwp%2Fv2%2Fproduct_brand&post=31029"},{"taxonomy":"product_cat","embeddable":true,"href":"https:\/\/108giahoa.com\/index.php?rest_route=%2Fwp%2Fv2%2Fproduct_cat&post=31029"},{"taxonomy":"product_tag","embeddable":true,"href":"https:\/\/108giahoa.com\/index.php?rest_route=%2Fwp%2Fv2%2Fproduct_tag&post=31029"}],"curies":[{"name":"wp","href":"https:\/\/api.w.org\/{rel}","templated":true}]}}