{"id":31041,"date":"2026-03-21T07:20:07","date_gmt":"2026-03-21T07:20:07","guid":{"rendered":"https:\/\/108giahoa.com\/?post_type=product&#038;p=31041"},"modified":"2026-03-21T07:20:23","modified_gmt":"2026-03-21T07:20:23","slug":"31041","status":"publish","type":"product","link":"https:\/\/108giahoa.com\/?product=31041","title":{"rendered":"M\u00e1y qu\u00e9t Ricoh SV600 (A3| A4| USB)"},"content":{"rendered":"<table class=\"tb-product-spec\">\n<tbody>\n<tr>\n<td class=\"spec-key\">Kh\u1ed5 gi\u1ea5y<\/td>\n<td class=\"spec-value\">A3\/A4<\/td>\n<\/tr>\n<tr>\n<td class=\"spec-key\">T\u1ed1c \u0111\u1ed9<\/td>\n<td class=\"spec-value\">&#8211; T\u1ed1c \u0111\u1ed9 qu\u00e9t trung b\u00ecnh: 3 gi\u00e2y\/trang, ch\u1ea5t l\u01b0\u1ee3ng qu\u00e9t m\u00e0u l\u00ean t\u1edbi 600dpi<\/td>\n<\/tr>\n<tr>\n<td class=\"spec-key\">Scan hai m\u1eb7t<\/td>\n<td class=\"spec-value\">Kh\u00f4ng<\/td>\n<\/tr>\n<tr>\n<td class=\"spec-key\">ADF<\/td>\n<td class=\"spec-value\">Kh\u00f4ng<\/td>\n<\/tr>\n<tr>\n<td class=\"spec-key\">\u0110\u1ed9 ph\u00e2n gi\u1ea3i<\/td>\n<td class=\"spec-value\">285 to 218 dpi or 283 to 152 dpi<\/td>\n<\/tr>\n<tr>\n<td class=\"spec-key\">C\u1ed5ng giao ti\u1ebfp<\/td>\n<td class=\"spec-value\">USB<\/td>\n<\/tr>\n<tr>\n<td class=\"spec-header\" colspan=\"2\">TH\u00d4NG TIN KH\u00c1C<\/td>\n<\/tr>\n<tr>\n<td class=\"spec-key\">M\u00f4 t\u1ea3 kh\u00e1c<\/td>\n<td class=\"spec-value\">C\u00e1c t\u00f9y ch\u1ecdn khi scan<br \/>\nQu\u00e9t th\u01b0\u1eddng: Nh\u1ea5n n\u00fat scan cho m\u1ed7i trang<br \/>\nQu\u00e9t v\u1edbi ch\u1ebf \u0111\u1ed9 h\u1eb9n gi\u1edd<br \/>\nT\u1ef1 ph\u00e1t hi\u1ec7n chuy\u1ec3n trang<br \/>\nT\u00ednh n\u0103ng<br \/>\nC\u00f3 th\u1ec3 qu\u00e9t danh thi\u1ebfp, th\u1ebb, m\u1ea9u h\u00ecnh \u1ea3nh c\u00f9ng l\u00fac &#8211; t\u1ed1i \u0111a 10 t\u00e0i li\u1ec7u c\u00f9ng l\u00fac. T\u1ef1 \u0111\u1ed9ng c\u1eaft t\u00e1ch c\u00e1c t\u00e0i li\u1ec7u n\u00e0y, ch\u1ec9nh s\u1eeda lo\u1ea1i b\u1ecf ph\u1ea7n th\u1eeba hay l\u1ec7ch h\u01b0\u1edbng<br \/>\nT\u1ef1 \u0111\u1ed9ng s\u1eeda ch\u1eefa s\u1ef1 bi\u1ebfn d\u1ea1ng do \u0111\u01b0\u1eddng cong c\u1ee7a s\u00e1ch\/t\u1ea1p ch\u00ed<br \/>\nABBYY FineReader Sprint &#8211; T\u00edch h\u1ee3p s\u1eb5n nh\u1eadn d\u1ea1ng ti\u1ebfng Vi\u1ec7t (OCR), chuy\u1ec3n \u0111\u1ed5i sang d\u1ea1ng v\u0103n b\u1ea3n c\u00f3 th\u1ec3 ch\u1ec9nh s\u1eeda (word, excel, powerpoint, PDF)<\/td>\n<\/tr>\n<tr>\n<td class=\"spec-key\">Ph\u1ea7n m\u1ec1m<\/td>\n<td class=\"spec-value\">&#8211; Software h\u1ed7 tr\u1ee3 : ScanSnap Manager , ScanSnap Organizer (ScanSnap Sync*14) , CardMinder\u2122 , Nuance\u00ae Power PDF Standard , ABBYY FineReader for ScanSnap\u2122 , ScanSnap Connect App (ScanSnap Sync*14)<\/td>\n<\/tr>\n<tr>\n<td class=\"spec-key\">K\u00edch th\u01b0\u1edbc<\/td>\n<td class=\"spec-value\">K\u00edch th\u01b0\u1edbc (R\u1ed8NG X S\u00c2U X CAO): 210 x 156 x 383 mm<\/td>\n<\/tr>\n<tr>\n<td class=\"spec-key\">Tr\u1ecdng l\u01b0\u1ee3ng<\/td>\n<td class=\"spec-value\">3 kg<\/td>\n<\/tr>\n<\/tbody>\n<\/table>\n","protected":false},"excerpt":{"rendered":"<p>Kh\u1ed5 gi\u1ea5y A3\/A4 T\u1ed1c \u0111\u1ed9 &#8211; T\u1ed1c \u0111\u1ed9 qu\u00e9t trung b\u00ecnh: 3 gi\u00e2y\/trang, ch\u1ea5t l\u01b0\u1ee3ng qu\u00e9t m\u00e0u l\u00ean t\u1edbi 600dpi<\/p>\n","protected":false},"featured_media":31042,"comment_status":"open","ping_status":"closed","template":"","meta":[],"product_brand":[116],"product_cat":[91],"product_tag":[],"class_list":{"0":"post-31041","1":"product","2":"type-product","3":"status-publish","4":"has-post-thumbnail","6":"product_brand-may-scan","7":"product_cat-thiet-bi-cntt","9":"first","10":"instock","11":"shipping-taxable","12":"product-type-simple"},"_links":{"self":[{"href":"https:\/\/108giahoa.com\/index.php?rest_route=\/wp\/v2\/product\/31041","targetHints":{"allow":["GET"]}}],"collection":[{"href":"https:\/\/108giahoa.com\/index.php?rest_route=\/wp\/v2\/product"}],"about":[{"href":"https:\/\/108giahoa.com\/index.php?rest_route=\/wp\/v2\/types\/product"}],"replies":[{"embeddable":true,"href":"https:\/\/108giahoa.com\/index.php?rest_route=%2Fwp%2Fv2%2Fcomments&post=31041"}],"version-history":[{"count":2,"href":"https:\/\/108giahoa.com\/index.php?rest_route=\/wp\/v2\/product\/31041\/revisions"}],"predecessor-version":[{"id":31044,"href":"https:\/\/108giahoa.com\/index.php?rest_route=\/wp\/v2\/product\/31041\/revisions\/31044"}],"wp:featuredmedia":[{"embeddable":true,"href":"https:\/\/108giahoa.com\/index.php?rest_route=\/wp\/v2\/media\/31042"}],"wp:attachment":[{"href":"https:\/\/108giahoa.com\/index.php?rest_route=%2Fwp%2Fv2%2Fmedia&parent=31041"}],"wp:term":[{"taxonomy":"product_brand","embeddable":true,"href":"https:\/\/108giahoa.com\/index.php?rest_route=%2Fwp%2Fv2%2Fproduct_brand&post=31041"},{"taxonomy":"product_cat","embeddable":true,"href":"https:\/\/108giahoa.com\/index.php?rest_route=%2Fwp%2Fv2%2Fproduct_cat&post=31041"},{"taxonomy":"product_tag","embeddable":true,"href":"https:\/\/108giahoa.com\/index.php?rest_route=%2Fwp%2Fv2%2Fproduct_tag&post=31041"}],"curies":[{"name":"wp","href":"https:\/\/api.w.org\/{rel}","templated":true}]}}