{"id":31045,"date":"2026-03-21T07:24:20","date_gmt":"2026-03-21T07:24:20","guid":{"rendered":"https:\/\/108giahoa.com\/?post_type=product&#038;p=31045"},"modified":"2026-03-21T07:24:21","modified_gmt":"2026-03-21T07:24:21","slug":"scanner-plustek-pn2040-scan-2-mat","status":"publish","type":"product","link":"https:\/\/108giahoa.com\/?product=scanner-plustek-pn2040-scan-2-mat","title":{"rendered":"Scanner Plustek PN2040 (Scan 2 m\u1eb7t)"},"content":{"rendered":"<ul>\n<li>\n<h2 id=\"thong-so-ky-thuat-may-scan-plustek-pn2040\"><u><strong>Th\u00f4ng s\u1ed1 k\u1ef9 thu\u1eadt m\u00e1y scan Plustek PN2040 :<\/strong><\/u><\/h2>\n<p>C\u1ea3m bi\u1ebfn h\u00ecnh \u1ea3nh: CIS x 2<\/p>\n<p>\u0110\u1ed9 ph\u00e2n gi\u1ea3i quang h\u1ecdc: 600 dpi<\/p>\n<p><u>\u0110\u1ed9 ph\u00e2n gi\u1ea3i ph\u1ea7n c\u1ee9ng:<\/u><\/p>\n<p>Flatbed: 600 x 1200 dpi<\/p>\n<p>ADF: 600 x 600 dpi<\/p>\n<p><u>Ch\u1ebf \u0111\u1ed9 qu\u00e9t:<\/u><\/p>\n<p>M\u00e0u: \u0111\u1ea7u v\u00e0o 48 bit, \u0111\u1ea7u ra 24 bit<\/p>\n<p>X\u00e1m: \u0111\u1ea7u v\u00e0o 16 bit, \u0111\u1ea7u ra 8 bit<\/p>\n<p>\u0110en tr\u1eafng: 1 bit<\/p>\n<p>Dung l\u01b0\u1ee3ng khay ADF: 50 t\u1edd (A4\/Letter, 70 g\/m\u00b2 ho\u1eb7c 18 Lbs), \u0111\u1ed9 d\u00e0y t\u1ed1i \u0111a d\u01b0\u1edbi 5mm (0,2&#8243;)<\/p>\n<p><u>T\u1ed1c \u0111\u1ed9 qu\u00e9t (ADF):<\/u><\/p>\n<p>9 t\u1edd\/ph\u00fat, 10 \u1ea3nh\/ph\u00fat (Ch\u1ebf \u0111\u1ed9 m\u1ea7u, 200 dpi, A4 \u0111\u1eb7t th\u1eb3ng)<\/p>\n<p>20 t\u1edd\/ph\u00fat, 40 \u1ea3nh\/ph\u00fat (Thang x\u00e1m, 200 dpi, A4 \u0111\u1eb7t th\u1eb3ng)<\/p>\n<p>20 t\u1edd\/ph\u00fat, 40 \u1ea3nh\/ph\u00fat (\u0110en tr\u1eafng, 200 dpi, A4 \u0111\u1eb7t th\u1eb3ng)<\/p>\n<p>V\u00f9ng qu\u00e9t (WxL) Flatbed: T\u1ed1i \u0111a: 216 x 297 mm (8,5\u201d x 11,69\u201d), t\u1ed1i thi\u1ec3u: 12,7 x 12,7 mm (0,5\u201d x 0,5\u201d)<\/p>\n<p>ADF: T\u1ed1i \u0111a: 216 x 356 mm (8,5\u201d x 14\u201d), t\u1ed1i thi\u1ec3u: 13,2 x 13,2 mm (0,52\u201d x 0,52\u201d)<\/p>\n<p><u>K\u00edch th\u01b0\u1edbc gi\u1ea5y cho ph\u00e9p (WxL):<\/u><\/p>\n<p>Flatbed: T\u1ed1i \u0111a: 216 x 297 mm (8,5\u201d x 11,69\u201d), t\u1ed1i thi\u1ec3u: 12,7 x 12,7 mm (0,5\u201d x 0,5\u201d).<\/p>\n<p>ADF: T\u1ed1i \u0111a: 220 x 356 mm (8,66\u201d x 14\u201d), t\u1ed1i thi\u1ec3u: 90 x 50,8 mm (3,55\u201d x 2\u201d).<\/p>\n<p>Tr\u1ecdng l\u01b0\u1ee3ng gi\u1ea5y cho ph\u00e9p (\u0111\u1ed9 d\u00e0y): 50 &#8211; 120 g\/m\u00b2.<\/p>\n<p>C\u00f4ng su\u1ea5t qu\u00e9t h\u00e0ng ng\u00e0y: 1.500 t\u1edd\/ng\u00e0y.<\/p>\n<p>Tu\u1ed5i th\u1ecd tr\u1ee5c cu\u1ed1n (Qu\u00e9t): 100.000 t\u1edd.<\/p>\n<p>Tu\u1ed5i th\u1ecd l\u1eaby t\u00e1ch gi\u1ea5y (Qu\u00e9t): 25.000 t\u1edd.<\/p>\n<p>N\u00fat ch\u1ee9c n\u0103ng: Scan, PDF, Custom<\/p>\n<p>Ngu\u1ed3n \u0111i\u1ec7n: 24 Vdc\/ 0,75 A<\/p>\n<p>Giao di\u1ec7n k\u1ebft n\u1ed1i: USB 2.0 \/ RJ45 LAN<\/p>\n<p>Tr\u1ecdng l\u01b0\u1ee3ng: 3,78 Kg.<\/p>\n<p>K\u00edch th\u01b0\u1edbc (W x D x H): 418 x 326 x 101 mm (16,45&#8243; x 12,83&#8243; x 4&#8243;)<\/li>\n<\/ul>\n","protected":false},"excerpt":{"rendered":"<p>Th\u00f4ng s\u1ed1 k\u1ef9 thu\u1eadt m\u00e1y scan Plustek PN2040 : C\u1ea3m bi\u1ebfn h\u00ecnh \u1ea3nh: CIS x 2 \u0110\u1ed9 ph\u00e2n gi\u1ea3i quang<\/p>\n","protected":false},"featured_media":31046,"comment_status":"open","ping_status":"closed","template":"","meta":[],"product_brand":[116],"product_cat":[91],"product_tag":[],"class_list":{"0":"post-31045","1":"product","2":"type-product","3":"status-publish","4":"has-post-thumbnail","6":"product_brand-may-scan","7":"product_cat-thiet-bi-cntt","9":"first","10":"instock","11":"shipping-taxable","12":"product-type-simple"},"_links":{"self":[{"href":"https:\/\/108giahoa.com\/index.php?rest_route=\/wp\/v2\/product\/31045","targetHints":{"allow":["GET"]}}],"collection":[{"href":"https:\/\/108giahoa.com\/index.php?rest_route=\/wp\/v2\/product"}],"about":[{"href":"https:\/\/108giahoa.com\/index.php?rest_route=\/wp\/v2\/types\/product"}],"replies":[{"embeddable":true,"href":"https:\/\/108giahoa.com\/index.php?rest_route=%2Fwp%2Fv2%2Fcomments&post=31045"}],"version-history":[{"count":1,"href":"https:\/\/108giahoa.com\/index.php?rest_route=\/wp\/v2\/product\/31045\/revisions"}],"predecessor-version":[{"id":31047,"href":"https:\/\/108giahoa.com\/index.php?rest_route=\/wp\/v2\/product\/31045\/revisions\/31047"}],"wp:featuredmedia":[{"embeddable":true,"href":"https:\/\/108giahoa.com\/index.php?rest_route=\/wp\/v2\/media\/31046"}],"wp:attachment":[{"href":"https:\/\/108giahoa.com\/index.php?rest_route=%2Fwp%2Fv2%2Fmedia&parent=31045"}],"wp:term":[{"taxonomy":"product_brand","embeddable":true,"href":"https:\/\/108giahoa.com\/index.php?rest_route=%2Fwp%2Fv2%2Fproduct_brand&post=31045"},{"taxonomy":"product_cat","embeddable":true,"href":"https:\/\/108giahoa.com\/index.php?rest_route=%2Fwp%2Fv2%2Fproduct_cat&post=31045"},{"taxonomy":"product_tag","embeddable":true,"href":"https:\/\/108giahoa.com\/index.php?rest_route=%2Fwp%2Fv2%2Fproduct_tag&post=31045"}],"curies":[{"name":"wp","href":"https:\/\/api.w.org\/{rel}","templated":true}]}}