{"id":31048,"date":"2026-03-21T07:26:40","date_gmt":"2026-03-21T07:26:40","guid":{"rendered":"https:\/\/108giahoa.com\/?post_type=product&#038;p=31048"},"modified":"2026-03-21T07:26:41","modified_gmt":"2026-03-21T07:26:41","slug":"may-quet-plustek-ps4080u-scan-2-mat-tu-dong","status":"publish","type":"product","link":"https:\/\/108giahoa.com\/?product=may-quet-plustek-ps4080u-scan-2-mat-tu-dong","title":{"rendered":"M\u00e1y qu\u00e9t Plustek PS4080U (Scan 2 m\u1eb7t t\u1ef1 \u0111\u1ed9ng)"},"content":{"rendered":"<ul>\n<li><span class=\"item \">M\u00e1y qu\u00e9t Plustek PS4080U (T\u00edch h\u1ee3p ABBY 12.0 Sprint)<\/span><\/li>\n<li><span class=\"item \"><i class=\"fa fa-check-circle\"><\/i>C\u1ea3m bi\u1ebfn h\u00ecnh \u1ea3nh CCD x 2<\/span><\/li>\n<li><span class=\"item \"><i class=\"fa fa-check-circle\"><\/i>\u0110\u1ed9 ph\u00e2n gi\u1ea3i 600 dpi<\/span><\/li>\n<li><span class=\"item \"><i class=\"fa fa-check-circle\"><\/i>Ki\u1ec3u qu\u00e9t ADF 2 m\u1eb7t<\/span><\/li>\n<li><span class=\"item hide d-block\"><i class=\"fa fa-check-circle\"><\/i>T\u1ed1c \u0111\u1ed9 qu\u00e9t 40 ppm (B&amp;W, x\u00e1m, 300 dpi, A4 40 ppm color , 200 dpi, A4)<\/span><\/li>\n<li><span class=\"item hide d-block\"><i class=\"fa fa-check-circle\"><\/i>C\u00f4ng su\u1ea5t ng\u00e0y 4000 t\u1edd<\/span><\/li>\n<li><span class=\"item hide d-block\"><i class=\"fa fa-check-circle\"><\/i>Khay gi\u1ea5y (ADF) 100 t\u1edd<\/span><\/li>\n<li><span class=\"item hide d-block\"><i class=\"fa fa-check-circle\"><\/i>Kh\u1ed5 gi\u1ea5y A4<\/span><\/li>\n<li><span class=\"item hide d-block\"><i class=\"fa fa-check-circle\"><\/i>Ph\u00edm ch\u1ee9c n\u0103ng 4 Ph\u00edm: up, down, scan, standby.<\/span><\/li>\n<li><span class=\"item hide d-block\">9 Ph\u00edm ch\u1ee9c n\u0103ng, c\u00f3 th\u1ec3 t\u00f9y ch\u1ec9nh<\/span><\/li>\n<li><span class=\"item hide d-block\"><i class=\"fa fa-check-circle\"><\/i>Ki\u1ec3u k\u1ebft n\u1ed1i USB 2.0<\/span><\/li>\n<li><span class=\"item hide d-block\"><i class=\"fa fa-check-circle\"><\/i>T\u01b0\u01a1ng th\u00edch H\u0110H Windows XP \/ Vista \/ 7 \/ 8 \/ 10<\/span><\/li>\n<li><span class=\"item hide d-block\"><i class=\"fa fa-check-circle\"><\/i>Ngu\u1ed3n \u0111i\u1ec7n 24 Vdc\/ 2.7 A<\/span><\/li>\n<li><span class=\"item hide d-block\"><i class=\"fa fa-check-circle\"><\/i>K\u00edch th\u01b0\u1edbc ( WxDxH) 318.7 x 230.7 x 228.3 mm<\/span><\/li>\n<li><span class=\"item hide d-block\"><i class=\"fa fa-check-circle\"><\/i>Tr\u1ecdng l\u01b0\u1ee3ng 2.7 Kgs<\/span><\/li>\n<\/ul>\n","protected":false},"excerpt":{"rendered":"<p>M\u00e1y qu\u00e9t Plustek PS4080U (T\u00edch h\u1ee3p ABBY 12.0 Sprint) C\u1ea3m bi\u1ebfn h\u00ecnh \u1ea3nh CCD x 2 \u0110\u1ed9 ph\u00e2n gi\u1ea3i 600<\/p>\n","protected":false},"featured_media":31049,"comment_status":"open","ping_status":"closed","template":"","meta":[],"product_brand":[116],"product_cat":[91],"product_tag":[],"class_list":{"0":"post-31048","1":"product","2":"type-product","3":"status-publish","4":"has-post-thumbnail","6":"product_brand-may-scan","7":"product_cat-thiet-bi-cntt","9":"first","10":"instock","11":"shipping-taxable","12":"product-type-simple"},"_links":{"self":[{"href":"https:\/\/108giahoa.com\/index.php?rest_route=\/wp\/v2\/product\/31048","targetHints":{"allow":["GET"]}}],"collection":[{"href":"https:\/\/108giahoa.com\/index.php?rest_route=\/wp\/v2\/product"}],"about":[{"href":"https:\/\/108giahoa.com\/index.php?rest_route=\/wp\/v2\/types\/product"}],"replies":[{"embeddable":true,"href":"https:\/\/108giahoa.com\/index.php?rest_route=%2Fwp%2Fv2%2Fcomments&post=31048"}],"version-history":[{"count":1,"href":"https:\/\/108giahoa.com\/index.php?rest_route=\/wp\/v2\/product\/31048\/revisions"}],"predecessor-version":[{"id":31050,"href":"https:\/\/108giahoa.com\/index.php?rest_route=\/wp\/v2\/product\/31048\/revisions\/31050"}],"wp:featuredmedia":[{"embeddable":true,"href":"https:\/\/108giahoa.com\/index.php?rest_route=\/wp\/v2\/media\/31049"}],"wp:attachment":[{"href":"https:\/\/108giahoa.com\/index.php?rest_route=%2Fwp%2Fv2%2Fmedia&parent=31048"}],"wp:term":[{"taxonomy":"product_brand","embeddable":true,"href":"https:\/\/108giahoa.com\/index.php?rest_route=%2Fwp%2Fv2%2Fproduct_brand&post=31048"},{"taxonomy":"product_cat","embeddable":true,"href":"https:\/\/108giahoa.com\/index.php?rest_route=%2Fwp%2Fv2%2Fproduct_cat&post=31048"},{"taxonomy":"product_tag","embeddable":true,"href":"https:\/\/108giahoa.com\/index.php?rest_route=%2Fwp%2Fv2%2Fproduct_tag&post=31048"}],"curies":[{"name":"wp","href":"https:\/\/api.w.org\/{rel}","templated":true}]}}