{"id":31250,"date":"2026-03-21T09:39:27","date_gmt":"2026-03-21T09:39:27","guid":{"rendered":"https:\/\/108giahoa.com\/?post_type=product&#038;p=31250"},"modified":"2026-03-21T09:39:27","modified_gmt":"2026-03-21T09:39:27","slug":"man-hinh-do-hoa-samsung-viewfinity-s7-s70d","status":"publish","type":"product","link":"https:\/\/108giahoa.com\/?product=man-hinh-do-hoa-samsung-viewfinity-s7-s70d","title":{"rendered":"M\u00e0n H\u00ecnh \u0110\u1ed3 H\u1ecda SAMSUNG ViewFinity S7 S70D"},"content":{"rendered":"","protected":false},"excerpt":{"rendered":"","protected":false},"featured_media":31251,"comment_status":"open","ping_status":"closed","template":"","meta":[],"product_brand":[132],"product_cat":[91],"product_tag":[],"class_list":{"0":"post-31250","1":"product","2":"type-product","3":"status-publish","4":"has-post-thumbnail","6":"product_brand-man-hinh-vi-tinh","7":"product_cat-thiet-bi-cntt","9":"first","10":"instock","11":"shipping-taxable","12":"product-type-simple"},"_links":{"self":[{"href":"https:\/\/108giahoa.com\/index.php?rest_route=\/wp\/v2\/product\/31250","targetHints":{"allow":["GET"]}}],"collection":[{"href":"https:\/\/108giahoa.com\/index.php?rest_route=\/wp\/v2\/product"}],"about":[{"href":"https:\/\/108giahoa.com\/index.php?rest_route=\/wp\/v2\/types\/product"}],"replies":[{"embeddable":true,"href":"https:\/\/108giahoa.com\/index.php?rest_route=%2Fwp%2Fv2%2Fcomments&post=31250"}],"version-history":[{"count":1,"href":"https:\/\/108giahoa.com\/index.php?rest_route=\/wp\/v2\/product\/31250\/revisions"}],"predecessor-version":[{"id":31252,"href":"https:\/\/108giahoa.com\/index.php?rest_route=\/wp\/v2\/product\/31250\/revisions\/31252"}],"wp:featuredmedia":[{"embeddable":true,"href":"https:\/\/108giahoa.com\/index.php?rest_route=\/wp\/v2\/media\/31251"}],"wp:attachment":[{"href":"https:\/\/108giahoa.com\/index.php?rest_route=%2Fwp%2Fv2%2Fmedia&parent=31250"}],"wp:term":[{"taxonomy":"product_brand","embeddable":true,"href":"https:\/\/108giahoa.com\/index.php?rest_route=%2Fwp%2Fv2%2Fproduct_brand&post=31250"},{"taxonomy":"product_cat","embeddable":true,"href":"https:\/\/108giahoa.com\/index.php?rest_route=%2Fwp%2Fv2%2Fproduct_cat&post=31250"},{"taxonomy":"product_tag","embeddable":true,"href":"https:\/\/108giahoa.com\/index.php?rest_route=%2Fwp%2Fv2%2Fproduct_tag&post=31250"}],"curies":[{"name":"wp","href":"https:\/\/api.w.org\/{rel}","templated":true}]}}