{"id":31272,"date":"2026-03-23T02:39:14","date_gmt":"2026-03-23T02:39:14","guid":{"rendered":"https:\/\/108giahoa.com\/?post_type=product&#038;p=31272"},"modified":"2026-03-23T02:39:14","modified_gmt":"2026-03-23T02:39:14","slug":"may-cham-cong-khuon-mat-ronald-jack-ai26-wifi","status":"publish","type":"product","link":"https:\/\/108giahoa.com\/?product=may-cham-cong-khuon-mat-ronald-jack-ai26-wifi","title":{"rendered":"M\u00e1y ch\u1ea5m c\u00f4ng khu\u00f4n m\u1eb7t Ronald Jack AI26 Wifi"},"content":{"rendered":"<table border=\"1\">\n<tbody>\n<tr>\n<td>Qu\u1ea3n l\u00fd<\/td>\n<td>5.000 khu\u00f4n m\u1eb7t, Th\u1ebb c\u1ea3m \u1ee9ng, Password<\/td>\n<\/tr>\n<tr>\n<td>B\u1ed9 nh\u1edb<\/td>\n<td>500.000 l\u1ea7n ch\u1ea5m c\u00f4ng<\/td>\n<\/tr>\n<tr>\n<td>Pin l\u01b0u \u0111i\u1ec7n<\/td>\n<td>Kh\u00f4ng<\/td>\n<\/tr>\n<tr>\n<td>T\u00ednh n\u0103ng<\/td>\n<td>\n<div>\n<div>Nh\u1eadn di\u1ec7n gi\u01b0\u01a1ng m\u1eb7t t\u1eeb 0.5 \u0111\u1ebfn 3 m\u00e9t<br \/>\n\u2022 \u00a0 \u00a0Camera h\u1ed3ng ngo\u1ea1i tr\u1ef1c ti\u1ebfp nh\u1eadn di\u1ec7n \u00e1nh s\u00e1ng m\u1ea1nh, \u00e1nh s\u00e1ng y\u1ebfu, nh\u1eadn di\u1ec7n tr\u1ef1c ti\u1ebfp \u1ea3nh th\u1eadt, t\u1eeb ch\u1ed1i \u1ea3nh ch\u1ee5p l\u1ea1i.<br \/>\n\u2022 \u00a0 \u00a0Ch\u1ea5m \u0111\u01b0\u1ee3c khu\u00f4n m\u1eb7t \u0111\u1ed9ng, \u0111eo kh\u1ea9u trang<br \/>\n\u2022 \u00a0 \u00a0K\u1ebft n\u1ed1i v\u1edbi m\u00e1y t\u00ednh:Wifi,Tcp\/Ip,Wiegand, USB<br \/>\n\u2022 \u00a0 \u00a0T\u00edch h\u1ee3p ki\u1ec3m so\u00e1t c\u1eeda ra v\u00e0o Access control<br \/>\n\u2022 \u00a0 \u00a0Th\u1eddi gian ch\u1ea5m c\u00f4ng &lt; 0.2 gi\u00e2y 9 x\u00e1c<br \/>\n\u2022 \u00a0 \u00a0L\u1ea5y d\u1eef li\u1ec7u t\u1eeb xa ( Adms, cloud )<br \/>\n\u2022 \u00a0 \u00a0M\u00e0n h\u00ecnh m\u00e0u c\u1ea3m \u1ee9ng \u0111i\u1ec7n dung 4,3 inches<br \/>\n\u2022 \u00a0 \u00a0CPU 800M Single-core, ARM cortex- A7<br \/>\n\u2022 \u00a0 \u00a0Ram, Rom 256 DDR3L, 4G EMMC, Linux 3.10<br \/>\n\u2022 \u00a0 \u00a0Ng\u00f4n Ng\u1eef: Anh \u2013 Vi\u1ec7t, Ng\u00f4n ng\u1eef kh\u00e1c<\/div>\n<\/div>\n<\/td>\n<\/tr>\n<tr>\n<td>K\u1ebft n\u1ed1i<\/td>\n<td>Wifi,Tcp\/Ip,Wiegand, USB<\/td>\n<\/tr>\n<tr>\n<td>Ng\u00f4n ng\u1eef<\/td>\n<td>\u00a0Anh \u2013 Vi\u1ec7t, Ng\u00f4n ng\u1eef kh\u00e1c<\/td>\n<\/tr>\n<tr>\n<td>\u0110i\u1ec7n \u00e1p<\/td>\n<td>S\u1eed d\u1ee5ng ngu\u1ed3n 12v, 1A.<\/p>\n<p>N\u1eb7ng 0.35kg<br \/>\n\u2022 \u00a0 \u00a0K\u00edch th\u01b0\u1edbc: 187.5x87x26mm.<\/td>\n<\/tr>\n<tr>\n<td>T\u00ednh n\u0103ng \u0111\u1eb7c bi\u1ec7t<\/td>\n<td>C\u00f4ng ngh\u1ec7 AI gi\u00fap m\u00e1y nhanh v\u00e0 ch\u00ednh x\u00e1c g\u1ea5p \u0111\u00f4i c\u00e1c c\u00f4ng ngh\u1ec7 kh\u00e1c<br \/>\nC\u00f4ng ngh\u1ec7 ch\u1ed1ng ng\u01b0\u1ee3c s\u00e1ng WDR gi\u00fap m\u00e1y trong m\u1ecdi \u0111i\u1ec1u ki\u1ec7n \u00e1nh s\u00e1ng<\/td>\n<\/tr>\n<tr>\n<td>Ph\u00f9 h\u1ee3p s\u1ed1 nh\u00e2n vi\u00ean<\/td>\n<td>5-150 nh\u00e2n vi\u00ean<\/td>\n<\/tr>\n<tr>\n<td>L\u01b0u \u00fd<\/td>\n<td>C\u00f4ng su\u1ea5t qu\u1ea3n l\u00fd t\u01b0\u01a1ng \u1ee9ng v\u1edbi v\u00f2ng \u0111\u1eddi m\u00e1y, kh\u00f4ng t\u01b0\u01a1ng \u1ee9ng v\u1edbi s\u1ed1 nh\u00e2n vi\u00ean qu\u1ea3n l\u00fd trong th\u00e1ng.<\/td>\n<\/tr>\n<\/tbody>\n<\/table>\n","protected":false},"excerpt":{"rendered":"<ul>\n<li><span class=\"item \">5.000 khu\u00f4n m\u1eb7t, Th\u1ebb c\u1ea3m \u1ee9ng, Password<\/span><\/li>\n<li><span class=\"item \"><i class=\"fa fa-check-circle\"><\/i>B\u1ed9 nh\u1edb : 500.000 l\u1ea7n ch\u1ea5m c\u00f4ng<\/span><\/li>\n<li><span class=\"item \"><i class=\"fa fa-check-circle\"><\/i>Nh\u1eadn di\u1ec7n gi\u01b0\u01a1ng m\u1eb7t t\u1eeb 0.5 \u0111\u1ebfn 3 m\u00e9t<\/span><\/li>\n<li><span class=\"item \"><i class=\"fa fa-check-circle\"><\/i>Camera h\u1ed3ng ngo\u1ea1i tr\u1ef1c ti\u1ebfp nh\u1eadn di\u1ec7n \u00e1nh s\u00e1ng m\u1ea1nh, \u00e1nh s\u00e1ng y\u1ebfu, nh\u1eadn di\u1ec7n tr\u1ef1c ti\u1ebfp \u1ea3nh th\u1eadt, t\u1eeb ch\u1ed1i \u1ea3nh ch\u1ee5p l\u1ea1i.<\/span><\/li>\n<li><span class=\"item hide d-block\"><i class=\"fa fa-check-circle\"><\/i>Ch\u1ea5m \u0111\u01b0\u1ee3c khu\u00f4n m\u1eb7t \u0111\u1ed9ng, \u0111eo kh\u1ea9u trang<\/span><\/li>\n<li><span class=\"item hide d-block\"><i class=\"fa fa-check-circle\"><\/i>K\u1ebft n\u1ed1i v\u1edbi m\u00e1y t\u00ednh:Wifi,Tcp\/Ip,Wiegand, USB<\/span><\/li>\n<li><span class=\"item hide d-block\"><i class=\"fa fa-check-circle\"><\/i>T\u00edch h\u1ee3p ki\u1ec3m so\u00e1t c\u1eeda ra v\u00e0o Access control<\/span><\/li>\n<li><span class=\"item hide d-block\"><i class=\"fa fa-check-circle\"><\/i>Th\u1eddi gian ch\u1ea5m c\u00f4ng &lt; 0.2 gi\u00e2y 9 x\u00e1c<\/span><\/li>\n<li><span class=\"item hide d-block\"><i class=\"fa fa-check-circle\"><\/i>L\u1ea5y d\u1eef li\u1ec7u t\u1eeb xa ( Adms, cloud )<\/span><\/li>\n<li><span class=\"item hide d-block\"><i class=\"fa fa-check-circle\"><\/i>M\u00e0n h\u00ecnh m\u00e0u c\u1ea3m \u1ee9ng \u0111i\u1ec7n dung 4,3 inches<\/span><\/li>\n<li><span class=\"item hide d-block\"><i class=\"fa fa-check-circle\"><\/i>CPU 800M Single-core, ARM cortex- A7<\/span><\/li>\n<li><span class=\"item hide d-block\"><i class=\"fa fa-check-circle\"><\/i>Ram, <\/span><span class=\"item hide d-block\">Rom 256 DDR3L, 4G EMMC, Linux 3.10<\/span><\/li>\n<li><span class=\"item hide d-block\"><i class=\"fa fa-check-circle\"><\/i>Ng\u00f4n Ng\u1eef: Anh \u2013 Vi\u1ec7t, Ng\u00f4n ng\u1eef kh\u00e1c<\/span><\/li>\n<li><span class=\"item hide d-block\"><i class=\"fa fa-check-circle\"><\/i>S\u1eeb d\u1ee5ng ngu\u1ed3n 12v, 1A. <\/span><\/li>\n<li><span class=\"item hide d-block\">N\u1eb7ng 0.35kg<\/span><\/li>\n<li><span class=\"item hide d-block\"><i class=\"fa fa-check-circle\"><\/i>K\u00edch th\u01b0\u1edbc: 187.5&#215;87.5x26mm.<\/span><\/li>\n<\/ul>\n","protected":false},"featured_media":31273,"comment_status":"open","ping_status":"closed","template":"","meta":[],"product_brand":[121],"product_cat":[91],"product_tag":[],"class_list":{"0":"post-31272","1":"product","2":"type-product","3":"status-publish","4":"has-post-thumbnail","6":"product_brand-may-cham-cong","7":"product_cat-thiet-bi-cntt","9":"first","10":"instock","11":"shipping-taxable","12":"product-type-simple"},"_links":{"self":[{"href":"https:\/\/108giahoa.com\/index.php?rest_route=\/wp\/v2\/product\/31272","targetHints":{"allow":["GET"]}}],"collection":[{"href":"https:\/\/108giahoa.com\/index.php?rest_route=\/wp\/v2\/product"}],"about":[{"href":"https:\/\/108giahoa.com\/index.php?rest_route=\/wp\/v2\/types\/product"}],"replies":[{"embeddable":true,"href":"https:\/\/108giahoa.com\/index.php?rest_route=%2Fwp%2Fv2%2Fcomments&post=31272"}],"version-history":[{"count":1,"href":"https:\/\/108giahoa.com\/index.php?rest_route=\/wp\/v2\/product\/31272\/revisions"}],"predecessor-version":[{"id":31274,"href":"https:\/\/108giahoa.com\/index.php?rest_route=\/wp\/v2\/product\/31272\/revisions\/31274"}],"wp:featuredmedia":[{"embeddable":true,"href":"https:\/\/108giahoa.com\/index.php?rest_route=\/wp\/v2\/media\/31273"}],"wp:attachment":[{"href":"https:\/\/108giahoa.com\/index.php?rest_route=%2Fwp%2Fv2%2Fmedia&parent=31272"}],"wp:term":[{"taxonomy":"product_brand","embeddable":true,"href":"https:\/\/108giahoa.com\/index.php?rest_route=%2Fwp%2Fv2%2Fproduct_brand&post=31272"},{"taxonomy":"product_cat","embeddable":true,"href":"https:\/\/108giahoa.com\/index.php?rest_route=%2Fwp%2Fv2%2Fproduct_cat&post=31272"},{"taxonomy":"product_tag","embeddable":true,"href":"https:\/\/108giahoa.com\/index.php?rest_route=%2Fwp%2Fv2%2Fproduct_tag&post=31272"}],"curies":[{"name":"wp","href":"https:\/\/api.w.org\/{rel}","templated":true}]}}