{"id":31275,"date":"2026-03-23T02:55:17","date_gmt":"2026-03-23T02:55:17","guid":{"rendered":"https:\/\/108giahoa.com\/?post_type=product&#038;p=31275"},"modified":"2026-03-23T02:55:17","modified_gmt":"2026-03-23T02:55:17","slug":"may-cham-cong-khuon-mat-iface-702","status":"publish","type":"product","link":"https:\/\/108giahoa.com\/?product=may-cham-cong-khuon-mat-iface-702","title":{"rendered":"M\u00e1y ch\u1ea5m c\u00f4ng khu\u00f4n m\u1eb7t Iface 702"},"content":{"rendered":"<table border=\"1\">\n<tbody>\n<tr>\n<td width=\"319\">Dung l\u01b0\u1ee3ng b\u1ed9 nh\u1edb<\/td>\n<td width=\"319\">500 khu\u00f4n m\u1eb7t\/ 10 000 v\u00e2n tay<\/td>\n<\/tr>\n<tr class=\"bg-tr\">\n<td width=\"319\">S\u1ed1 l\u01b0\u1ee3t ra v\u00e0o<\/td>\n<td width=\"319\">100 000 l\u01b0\u1ee3t<\/td>\n<\/tr>\n<tr>\n<td width=\"319\">Th\u01b0\u01a1ng hi\u1ec7u v\u00e0 xu\u1ea5t x\u1ee9<\/td>\n<td width=\"319\">H\u00e3ng Ronald Jack c\u1ee7a Malaysia<\/td>\n<\/tr>\n<tr class=\"bg-tr\">\n<td width=\"319\">Trang b\u1ecb chip x\u1eed l\u00fd<\/td>\n<td width=\"319\">Chip intel multi\u00a0 Bio 600 c\u1ee7a M\u1ef9<\/td>\n<\/tr>\n<tr>\n<td width=\"319\">Ng\u00f4n ng\u1eef s\u1eed d\u1ee5ng<\/td>\n<td width=\"319\">Ti\u1ebfng Anh<\/td>\n<\/tr>\n<tr class=\"bg-tr\">\n<td width=\"319\">Th\u1eddi gian m\u00e1y x\u00e1c nh\u1eadn<\/td>\n<td width=\"319\">T\u1eeb 1 \u0111\u1ebfn 2s<\/td>\n<\/tr>\n<tr>\n<td width=\"319\">Ngu\u1ed3n \u0111i\u1ec7n s\u1eed d\u1ee5ng<\/td>\n<td width=\"319\">12V v\u00e0 3A<\/td>\n<\/tr>\n<tr class=\"bg-tr\">\n<td width=\"319\">K\u00edch th\u01b0\u1edbc c\u1ee7a m\u00e1y<\/td>\n<td width=\"319\">193.6L x 165H x 111W mm<\/td>\n<\/tr>\n<tr>\n<td width=\"319\">Nhi\u1ec7t \u0111\u1ed9 ho\u1ea1t \u0111\u1ed9ng<\/td>\n<td width=\"319\">M\u1ecdi \u0111i\u1ec1u ki\u1ec7n th\u1eddi ti\u1ebft<\/td>\n<\/tr>\n<\/tbody>\n<\/table>\n","protected":false},"excerpt":{"rendered":"<ul>\n<li><span class=\"item \">Ronad Jack IFACE 702 l\u00e0 s\u1ef1 k\u1ebft h\u1ee3p ho\u00e0n h\u1ea3o gi\u1eefa c\u00f4ng ngh\u1ec7 x\u00e1c nh\u1eadn v\u00e2n tay v\u00e0 khu\u00f4n m\u1eb7t<\/span><\/li>\n<li><span class=\"item \"><i class=\"fa fa-check-circle\"><\/i>C\u00f3 trang b\u1ecb h\u1ec7 th\u1ed1ng camera gi\u00fap ghi l\u1ea1i h\u00ecnh \u1ea3nh nh\u00e2n vi\u00ean ch\u1ea5m c\u00f4ng<\/span><\/li>\n<li><span class=\"item \"><i class=\"fa fa-check-circle\"><\/i>An to\u00e0n v\u00e0 ti\u1ebft ki\u1ec7m khi c\u00f3 kh\u1ea3 n\u0103ng h\u1eb9n gi\u1edd \u0111\u1ec3 t\u1eaft, m\u1edf m\u00e1y<\/span><\/li>\n<li><span class=\"item \"><i class=\"fa fa-check-circle\"><\/i>C\u00f3 h\u1ec7 th\u1ed1ng Password \u0111\u1ec3 b\u1ea3o v\u1ec7 m\u00e1y kh\u1ecfi s\u1ef1 x\u00e2m nh\u1eadp t\u1eeb ng\u01b0\u1eddi ngo\u00e0i<\/span><\/li>\n<li><span class=\"item hide d-block\"><i class=\"fa fa-check-circle\"><\/i>Khi m\u1ea5t \u0111i\u1ec7n d\u1eef li\u1ec7u v\u1eabn \u0111\u01b0\u1ee3c \u0111\u1ea3m b\u1ea3o kh\u00f4ng b\u1ecb m\u1ea5t \u0111i<\/span><\/li>\n<li><span class=\"item hide d-block\"><i class=\"fa fa-check-circle\"><\/i>Ph\u1ea7n m\u1ec1m \u0111\u01b0\u1ee3c s\u1eed d\u1ee5ng mi\u1ec5n ph\u00ed tr\u1ecdn \u0111\u1eddi<\/span><\/li>\n<li><span class=\"item hide d-block\"><i class=\"fa fa-check-circle\"><\/i>C\u00f3 m\u1ed9t \u0111\u1ed9 x\u00e1c th\u1ef1c th\u00f4ng tin cao<\/span><\/li>\n<li><span class=\"item hide d-block\"><i class=\"fa fa-check-circle\"><\/i>Kh\u1ea3 n\u0103ng x\u1eed l\u00fd th\u00f4ng tin nhanh ch\u00f3ng v\u00ec th\u1ebf th\u1eddi gian ch\u1edd \u0111\u1ee3i k\u1ebft qu\u1ea3 ch\u1ea5m c\u00f4ng \u0111\u01b0\u1ee3c gi\u1ea3m thi\u1ec3u<\/span><\/li>\n<\/ul>\n","protected":false},"featured_media":31276,"comment_status":"open","ping_status":"closed","template":"","meta":[],"product_brand":[121],"product_cat":[91],"product_tag":[],"class_list":{"0":"post-31275","1":"product","2":"type-product","3":"status-publish","4":"has-post-thumbnail","6":"product_brand-may-cham-cong","7":"product_cat-thiet-bi-cntt","9":"first","10":"instock","11":"shipping-taxable","12":"product-type-simple"},"_links":{"self":[{"href":"https:\/\/108giahoa.com\/index.php?rest_route=\/wp\/v2\/product\/31275","targetHints":{"allow":["GET"]}}],"collection":[{"href":"https:\/\/108giahoa.com\/index.php?rest_route=\/wp\/v2\/product"}],"about":[{"href":"https:\/\/108giahoa.com\/index.php?rest_route=\/wp\/v2\/types\/product"}],"replies":[{"embeddable":true,"href":"https:\/\/108giahoa.com\/index.php?rest_route=%2Fwp%2Fv2%2Fcomments&post=31275"}],"version-history":[{"count":1,"href":"https:\/\/108giahoa.com\/index.php?rest_route=\/wp\/v2\/product\/31275\/revisions"}],"predecessor-version":[{"id":31277,"href":"https:\/\/108giahoa.com\/index.php?rest_route=\/wp\/v2\/product\/31275\/revisions\/31277"}],"wp:featuredmedia":[{"embeddable":true,"href":"https:\/\/108giahoa.com\/index.php?rest_route=\/wp\/v2\/media\/31276"}],"wp:attachment":[{"href":"https:\/\/108giahoa.com\/index.php?rest_route=%2Fwp%2Fv2%2Fmedia&parent=31275"}],"wp:term":[{"taxonomy":"product_brand","embeddable":true,"href":"https:\/\/108giahoa.com\/index.php?rest_route=%2Fwp%2Fv2%2Fproduct_brand&post=31275"},{"taxonomy":"product_cat","embeddable":true,"href":"https:\/\/108giahoa.com\/index.php?rest_route=%2Fwp%2Fv2%2Fproduct_cat&post=31275"},{"taxonomy":"product_tag","embeddable":true,"href":"https:\/\/108giahoa.com\/index.php?rest_route=%2Fwp%2Fv2%2Fproduct_tag&post=31275"}],"curies":[{"name":"wp","href":"https:\/\/api.w.org\/{rel}","templated":true}]}}