{"id":31283,"date":"2026-03-23T03:15:01","date_gmt":"2026-03-23T03:15:01","guid":{"rendered":"https:\/\/108giahoa.com\/?post_type=product&#038;p=31283"},"modified":"2026-03-23T03:15:03","modified_gmt":"2026-03-23T03:15:03","slug":"may-cham-cong-van-tay-ronald-jack-k88","status":"publish","type":"product","link":"https:\/\/108giahoa.com\/?product=may-cham-cong-van-tay-ronald-jack-k88","title":{"rendered":"M\u00e1y ch\u1ea5m c\u00f4ng v\u00e2n tay Ronald Jack K88"},"content":{"rendered":"<table>\n<tbody>\n<tr>\n<td>Th\u01b0\u01a1ng hi\u1ec7u<\/td>\n<td>Ronald Jack<\/td>\n<\/tr>\n<tr>\n<td>Model<\/td>\n<td>K88<\/td>\n<\/tr>\n<tr>\n<td>Lo\u1ea1i m\u00e1y<\/td>\n<td>Ch\u1ea5m c\u00f4ng Th\u1ebb c\u1ea3m \u1ee9ng, Password, v\u00e2n tay<\/td>\n<\/tr>\n<tr>\n<td colspan=\"2\">HI\u1ec6U N\u0102NG<\/td>\n<\/tr>\n<tr>\n<td>C\u00f4ng su\u1ea5t qu\u1ea3n l\u00fd<\/td>\n<td>\n<ul>\n<li>5.000 v\u00e2n tay, 5.000 th\u1ebb, Password<\/li>\n<\/ul>\n<\/td>\n<\/tr>\n<tr>\n<td>B\u1ed9 nh\u1edb<\/td>\n<td>100.000 l\u1ea7n ch\u1ea5m c\u00f4ng<\/td>\n<\/tr>\n<tr>\n<td colspan=\"2\">C\u00c1C TH\u00d4NG S\u1ed0 KH\u00c1C<\/td>\n<\/tr>\n<tr>\n<td>Ph\u00f9 h\u1ee3p m\u00f4 h\u00ecnh<\/td>\n<td>T\u1eeb 5-60 nh\u00e2n vi\u00ean<\/td>\n<\/tr>\n<tr>\n<td>Pin l\u01b0u \u0111i\u1ec7n<\/td>\n<td>Kh\u00f4ng<\/td>\n<\/tr>\n<tr>\n<td>T\u00ednh n\u0103ng<\/td>\n<td>\n<ul>\n<li>K\u1ebft n\u1ed1i v\u1edbi m\u00e1y t\u00ednh qua Tcp\/Ip, USB<\/li>\n<li>Th\u1eddi gian ch\u1ea5m c\u00f4ng &lt; 1 gi\u00e2y<\/li>\n<li>L\u1ea5y d\u1eef li\u1ec7u t\u1eeb xa ( Adms, cloud )<\/li>\n<li>M\u00e0n h\u00ecnh m\u00e0u 2,4 inches<\/li>\n<li>M\u1eaft \u0111\u1ecdc c\u1ea3m bi\u1ebfn quang h\u1ecdc<\/li>\n<li>Th\u1ebb s\u1eed d\u1ee5ng l\u00e0 th\u1ebb c\u1ea3m \u1ee9ng 125 Khz<\/li>\n<li>Ng\u00f4n Ng\u1eef: Anh \u2013 Vi\u1ec7t, Ng\u00f4n ng\u1eef kh\u00e1c<\/li>\n<li>Ngu\u1ed3n 5v, 1a. Adapter d\u00e0i 1 m\u00e9t<\/li>\n<li>K\u00edch th\u01b0\u1edbc: 198x140x40mm. N\u1eb7ng: 1kg<\/li>\n<\/ul>\n<\/td>\n<\/tr>\n<tr>\n<td>Xu\u1ea5t x\u1ee9<\/td>\n<td>Malaysia<\/td>\n<\/tr>\n<tr>\n<td>B\u1ea3o h\u00e0nh<\/td>\n<td>12 th\u00e1ng<\/td>\n<\/tr>\n<\/tbody>\n<\/table>\n","protected":false},"excerpt":{"rendered":"<ul>\n<li><span class=\"item \">5.000 v\u00e2n tay, 5.000 th\u1ebb, Password<\/span><\/li>\n<li><span class=\"item \"><i class=\"fa fa-check-circle\"><\/i>B\u1ed9 nh\u1edb : 100.000 l\u1ea7n ch\u1ea5m c\u00f4ng<\/span><\/li>\n<li><span class=\"item \"><i class=\"fa fa-check-circle\"><\/i>K\u1ebft n\u1ed1i v\u1edbi m\u00e1y t\u00ednh qua Tcp\/Ip, USB<\/span><\/li>\n<li><span class=\"item \"><i class=\"fa fa-check-circle\"><\/i>Th\u1eddi gian ch\u1ea5m c\u00f4ng &lt; 1 gi\u00e2y<\/span><\/li>\n<\/ul>\n","protected":false},"featured_media":31284,"comment_status":"open","ping_status":"closed","template":"","meta":[],"product_brand":[121],"product_cat":[91],"product_tag":[],"class_list":{"0":"post-31283","1":"product","2":"type-product","3":"status-publish","4":"has-post-thumbnail","6":"product_brand-may-cham-cong","7":"product_cat-thiet-bi-cntt","9":"first","10":"instock","11":"shipping-taxable","12":"product-type-simple"},"_links":{"self":[{"href":"https:\/\/108giahoa.com\/index.php?rest_route=\/wp\/v2\/product\/31283","targetHints":{"allow":["GET"]}}],"collection":[{"href":"https:\/\/108giahoa.com\/index.php?rest_route=\/wp\/v2\/product"}],"about":[{"href":"https:\/\/108giahoa.com\/index.php?rest_route=\/wp\/v2\/types\/product"}],"replies":[{"embeddable":true,"href":"https:\/\/108giahoa.com\/index.php?rest_route=%2Fwp%2Fv2%2Fcomments&post=31283"}],"version-history":[{"count":1,"href":"https:\/\/108giahoa.com\/index.php?rest_route=\/wp\/v2\/product\/31283\/revisions"}],"predecessor-version":[{"id":31285,"href":"https:\/\/108giahoa.com\/index.php?rest_route=\/wp\/v2\/product\/31283\/revisions\/31285"}],"wp:featuredmedia":[{"embeddable":true,"href":"https:\/\/108giahoa.com\/index.php?rest_route=\/wp\/v2\/media\/31284"}],"wp:attachment":[{"href":"https:\/\/108giahoa.com\/index.php?rest_route=%2Fwp%2Fv2%2Fmedia&parent=31283"}],"wp:term":[{"taxonomy":"product_brand","embeddable":true,"href":"https:\/\/108giahoa.com\/index.php?rest_route=%2Fwp%2Fv2%2Fproduct_brand&post=31283"},{"taxonomy":"product_cat","embeddable":true,"href":"https:\/\/108giahoa.com\/index.php?rest_route=%2Fwp%2Fv2%2Fproduct_cat&post=31283"},{"taxonomy":"product_tag","embeddable":true,"href":"https:\/\/108giahoa.com\/index.php?rest_route=%2Fwp%2Fv2%2Fproduct_tag&post=31283"}],"curies":[{"name":"wp","href":"https:\/\/api.w.org\/{rel}","templated":true}]}}