{"id":31296,"date":"2026-03-23T03:48:29","date_gmt":"2026-03-23T03:48:29","guid":{"rendered":"https:\/\/108giahoa.com\/?post_type=product&#038;p=31296"},"modified":"2026-03-23T03:48:29","modified_gmt":"2026-03-23T03:48:29","slug":"may-cham-cong-van-tay-ronald-jack-5000t-c-wifi","status":"publish","type":"product","link":"https:\/\/108giahoa.com\/?product=may-cham-cong-van-tay-ronald-jack-5000t-c-wifi","title":{"rendered":"M\u00e1y ch\u1ea5m c\u00f4ng v\u00e2n tay Ronald Jack 5000T-C Wifi"},"content":{"rendered":"<table>\n<tbody>\n<tr>\n<td>Th\u01b0\u01a1ng hi\u1ec7u<\/td>\n<td>Ronal Jack<\/td>\n<\/tr>\n<tr>\n<td>Model<\/td>\n<td>5000T-C<\/td>\n<\/tr>\n<tr>\n<td>Lo\u1ea1i m\u00e1y<\/td>\n<td>Ch\u1ea5m c\u00f4ng b\u1eb1ng v\u00e2n tay + k\u1ebft n\u1ed1i b\u1eb1ng wifi<\/td>\n<\/tr>\n<tr>\n<td colspan=\"2\">CHI TI\u1ebeT<\/td>\n<\/tr>\n<tr>\n<td>M\u00e0n h\u00ecnh hi\u1ec3n th\u1ecb<\/td>\n<td>2.8 &#8220;TFT<\/td>\n<\/tr>\n<tr>\n<td>B\u1ed9 nh\u1edb l\u01b0u tr\u1eef<\/td>\n<td>100.000 ch\u1ea5m c\u00f4ng<\/td>\n<\/tr>\n<tr>\n<td>C\u1ed5ng k\u1ebft n\u1ed1i<\/td>\n<td>TCP\/IP ho\u1eb7c RS232 v\u00e0 RS485<\/td>\n<\/tr>\n<tr>\n<td colspan=\"2\">HI\u1ec6U N\u0102NG<\/td>\n<\/tr>\n<tr>\n<td>C\u00f4ng su\u1ea5t qu\u1ea3n l\u00fd<\/td>\n<td>3000 d\u1ea5u v\u00e2n tay + password<\/td>\n<\/tr>\n<tr>\n<td>Th\u1eddi gian x\u00e1c minh<\/td>\n<td>&lt;1s<\/td>\n<\/tr>\n<tr>\n<td colspan=\"2\">C\u00c1C TH\u00d4NG S\u1ed0 KH\u00c1C<\/td>\n<\/tr>\n<tr>\n<td>Ph\u00f9 h\u1ee3p m\u00f4 h\u00ecnh<\/td>\n<td>T\u1eeb 5-150 nh\u00e2n vi\u00ean<\/td>\n<\/tr>\n<tr>\n<td>Pin l\u01b0u \u0111i\u1ec7n<\/td>\n<td>Kh\u00f4ng<\/td>\n<\/tr>\n<tr>\n<td>T\u00ednh n\u0103ng<\/td>\n<td>&#8211; \u0110\u1ea7u \u0111\u1ecdc ch\u1ed1ng tr\u1ea7y. Chip x\u1eed l\u00ed Intel \u0111\u1eddi m\u1edbi c\u1ee7a M\u1ef9<\/p>\n<p>&#8211; D\u1eef li\u1ec7u l\u01b0u trong m\u00e1y kh\u00f4ng b\u1ecb m\u1ea5t khi x\u00e3y ra c\u00fap \u0111i\u1ec7n.<\/p>\n<p>&#8211; K\u1ebft n\u1ed1i RS \u2013 232\/485, TCP\/IP, USB, Wifi<\/p>\n<p>&#8211; Hi\u1ec3n th\u1ecb t\u00ean ng\u01b0\u1eddi s\u1eed d\u1ee5ng khi \u0111\u1eb7t d\u1ea5u v\u00e2n tay l\u00ean m\u00e1y.<\/p>\n<p>&#8211; H\u1eb9n gi\u1edd t\u1ef1 \u0111\u1ed9ng t\u1eaft, m\u1edf, stand by. Password b\u1ea3o v\u1ec7 m\u00e1y<\/p>\n<p>&#8211; C\u00e0i \u0111\u1eb7t m\u1eadt kh\u1ea9u \u0111\u1ec3 b\u1ea3o v\u1ec7 d\u1eef li\u1ec7u<\/p>\n<p>&#8211; M\u00f4i tr\u01b0\u1eddng ho\u1ea1t \u0111\u1ed9ng : 0 \u2013 45 \u0111\u1ed9 C<\/p>\n<p>&#8211; \u0110i\u1ec7n th\u1ebf : 12 V DC@3A<\/p>\n<p>&#8211; Ng\u00f4n ng\u1eef hi\u1ec3n th\u1ecb : Ti\u1ebfng Anh &amp; Ti\u1ebfng vi\u1ec7t<\/p>\n<p>&#8211; K\u00edch Th\u01b0\u1edbc : 205 x 145 x 53 cm\u00a0 M\u00e0u \u0111en tuy\u1ec1n<\/p>\n<p>&#8211; Ki\u1ec3m so\u00e1t ra v\u00e0o : kh\u00f4ng<\/td>\n<\/tr>\n<tr>\n<td>Xu\u1ea5t x\u1ee9<\/td>\n<td>Malaysia<\/td>\n<\/tr>\n<tr>\n<td>B\u1ea3o h\u00e0nh<\/td>\n<td>12 th\u00e1ng<\/td>\n<\/tr>\n<\/tbody>\n<\/table>\n","protected":false},"excerpt":{"rendered":"<ul>\n<li><span class=\"item \">M\u00e1y ch\u1ea5m c\u00f4ng v\u00e2n tay 5000T-C l\u00e0 d\u00f2ng m\u00e1y ch\u1ea5m c\u00f4ng k\u1ebft n\u1ed1i wifi hi\u1ec7n \u0111\u1ea1i nh\u1ea5t hi\u1ec7n nay. <\/span><span class=\"item \">V\u1edbi thi\u1ebft k\u1ebf nh\u1ecf g\u1ecdn &amp; trang nh\u00e3, m\u00e1y ch\u1ea5m c\u00f4ng v\u00e2n tay 5000T-C \u0111em l\u1ea1i nh\u1ec1u ti\u1ec7n \u00edch v\u01b0\u1ee3t tr\u1ed9i nh\u01b0 l\u1ea5y d\u1eef li\u1ec7u nhanh qua USB, s\u1eed d\u1ee5ng \u0111\u1ea7u \u0111\u1ecdc ch\u1ed1ng tr\u1ea7y x\u01b0\u1edbc.<\/span><\/li>\n<li><span class=\"item \"><i class=\"fa fa-check-circle\"><\/i>Qu\u1ea3n l\u00fd \u0111\u1ebfn 3000 d\u1ea5u v\u00e2n tay + Wifi<\/span><\/li>\n<li><span class=\"item \"><i class=\"fa fa-check-circle\"><\/i>T\u1ed1c \u0111\u1ed9 x\u1eed l\u00fd nhanh &lt;1s\/1l\u1ea7n ch\u1ea5m c\u00f4ng.<\/span><\/li>\n<li><span class=\"item \"><i class=\"fa fa-check-circle\"><\/i>M\u1ed9t ng\u01b0\u1eddi c\u00f3 th\u1ec3 \u0111\u0103ng k\u00fd t\u1eeb 1 \u0111\u1ebfn 10 d\u1ea5u v\u00e2n tay &amp; password<\/span><\/li>\n<\/ul>\n","protected":false},"featured_media":31297,"comment_status":"open","ping_status":"closed","template":"","meta":[],"product_brand":[121],"product_cat":[91],"product_tag":[],"class_list":{"0":"post-31296","1":"product","2":"type-product","3":"status-publish","4":"has-post-thumbnail","6":"product_brand-may-cham-cong","7":"product_cat-thiet-bi-cntt","9":"first","10":"instock","11":"shipping-taxable","12":"product-type-simple"},"_links":{"self":[{"href":"https:\/\/108giahoa.com\/index.php?rest_route=\/wp\/v2\/product\/31296","targetHints":{"allow":["GET"]}}],"collection":[{"href":"https:\/\/108giahoa.com\/index.php?rest_route=\/wp\/v2\/product"}],"about":[{"href":"https:\/\/108giahoa.com\/index.php?rest_route=\/wp\/v2\/types\/product"}],"replies":[{"embeddable":true,"href":"https:\/\/108giahoa.com\/index.php?rest_route=%2Fwp%2Fv2%2Fcomments&post=31296"}],"version-history":[{"count":1,"href":"https:\/\/108giahoa.com\/index.php?rest_route=\/wp\/v2\/product\/31296\/revisions"}],"predecessor-version":[{"id":31298,"href":"https:\/\/108giahoa.com\/index.php?rest_route=\/wp\/v2\/product\/31296\/revisions\/31298"}],"wp:featuredmedia":[{"embeddable":true,"href":"https:\/\/108giahoa.com\/index.php?rest_route=\/wp\/v2\/media\/31297"}],"wp:attachment":[{"href":"https:\/\/108giahoa.com\/index.php?rest_route=%2Fwp%2Fv2%2Fmedia&parent=31296"}],"wp:term":[{"taxonomy":"product_brand","embeddable":true,"href":"https:\/\/108giahoa.com\/index.php?rest_route=%2Fwp%2Fv2%2Fproduct_brand&post=31296"},{"taxonomy":"product_cat","embeddable":true,"href":"https:\/\/108giahoa.com\/index.php?rest_route=%2Fwp%2Fv2%2Fproduct_cat&post=31296"},{"taxonomy":"product_tag","embeddable":true,"href":"https:\/\/108giahoa.com\/index.php?rest_route=%2Fwp%2Fv2%2Fproduct_tag&post=31296"}],"curies":[{"name":"wp","href":"https:\/\/api.w.org\/{rel}","templated":true}]}}