{"id":31299,"date":"2026-03-23T03:53:10","date_gmt":"2026-03-23T03:53:10","guid":{"rendered":"https:\/\/108giahoa.com\/?post_type=product&#038;p=31299"},"modified":"2026-03-23T03:53:11","modified_gmt":"2026-03-23T03:53:11","slug":"may-cham-cong-van-tay-va-the-zkteco-ua760-wifi","status":"publish","type":"product","link":"https:\/\/108giahoa.com\/?product=may-cham-cong-van-tay-va-the-zkteco-ua760-wifi","title":{"rendered":"M\u00e1y ch\u1ea5m c\u00f4ng v\u00e2n tay v\u00e0 th\u1ebb Zkteco UA760 &#8211; Wifi"},"content":{"rendered":"<ul>\n<li><span class=\"item \">Xu\u1ea5t x\u1ee9: Zkteco &#8211; China<\/span><\/li>\n<li><span class=\"item \"><i class=\"fa fa-check-circle\"><\/i>K\u1ebft n\u1ed1i v\u1edbi ph\u1ee5 ki\u1ec7n ki\u1ec3m so\u00e1t: kh\u00f3a, exit, door sensor,<\/span><\/li>\n<li><span class=\"item \"><i class=\"fa fa-check-circle\"><\/i>Ki\u1ec3u d\u00e1ng sang tr\u1ecdng<\/span><\/li>\n<li><span class=\"item \"><i class=\"fa fa-check-circle\"><\/i>Kh\u1ea3 n\u0103ng qu\u1ea3n l\u00fd 3.000 d\u1ea5u v\u00e2n tay<\/span><\/li>\n<li><span class=\"item hide d-block\"><i class=\"fa fa-check-circle\"><\/i>M\u1ed7i ng\u01b0\u1eddi c\u00f3 th\u1ec3 khai b\u00e1o 10 d\u1ea5u v\u00e2n tay<\/span><\/li>\n<li><span class=\"item hide d-block\"><i class=\"fa fa-check-circle\"><\/i>B\u1ed9 nh\u1edb: 50 000 b\u1ea3n ghi<\/span><span class=\"item hide d-block\"><i class=\"fa fa-check-circle\"><\/i>Giao ti\u1ebfp : TCP\/IP , USB<\/span><\/li>\n<li><span class=\"item hide d-block\"><i class=\"fa fa-check-circle\"><\/i>M\u00e0n h\u00ecnh LCD hi\u1ec3n th\u1ecb t\u00ean, ID<\/span><\/li>\n<li><span class=\"item hide d-block\"><i class=\"fa fa-check-circle\"><\/i>T\u00edch h\u1ee3p \u00e2m thanh v\u00e0 password b\u1ea3o v\u1ec7 m\u00e1y<\/span><\/li>\n<li><span class=\"item hide d-block\"><i class=\"fa fa-check-circle\"><\/i>Th\u1eddi gian \u0111\u1ecdc v\u00e2n tay: ~ 1 gi\u00e2y<\/span><\/li>\n<li><span class=\"item hide d-block\">B\u1ea3o to\u00e0n d\u1eef li\u1ec7u qu\u1eb9t th\u1ebb khi m\u1ea5t \u0111i\u1ec7n<\/span><\/li>\n<li><span class=\"item hide d-block\"><i class=\"fa fa-check-circle\"><\/i>Ngu\u1ed3n \u0111i\u1ec7n 5V, 2A<\/span><span class=\"item hide d-block\"><i class=\"fa fa-check-circle\"><\/i>K\u00edch th\u01b0\u1edbc: 180 x 135 x 37mm<\/span><\/li>\n<li><span class=\"item hide d-block\"><i class=\"fa fa-check-circle\"><\/i>C\u00f3 th\u1ec3 h\u1eb9n gi\u1edd m\u1edf \/ t\u1eaft m\u00e1y =&gt; An to\u00e0n v\u00e0 ti\u1ebft ki\u1ec7m \u0111i\u1ec7n<\/span><\/li>\n<li><span class=\"item hide d-block\"><i class=\"fa fa-check-circle\"><\/i>K\u00edch th\u01b0\u1edbc 180 \u00d7 135 \u00d7 37 mm<\/span><\/li>\n<\/ul>\n","protected":false},"excerpt":{"rendered":"<p>Xu\u1ea5t x\u1ee9: Zkteco &#8211; China K\u1ebft n\u1ed1i v\u1edbi ph\u1ee5 ki\u1ec7n ki\u1ec3m so\u00e1t: kh\u00f3a, exit, door sensor, Ki\u1ec3u d\u00e1ng sang tr\u1ecdng<\/p>\n","protected":false},"featured_media":31300,"comment_status":"open","ping_status":"closed","template":"","meta":[],"product_brand":[121],"product_cat":[91],"product_tag":[],"class_list":{"0":"post-31299","1":"product","2":"type-product","3":"status-publish","4":"has-post-thumbnail","6":"product_brand-may-cham-cong","7":"product_cat-thiet-bi-cntt","9":"first","10":"instock","11":"shipping-taxable","12":"product-type-simple"},"_links":{"self":[{"href":"https:\/\/108giahoa.com\/index.php?rest_route=\/wp\/v2\/product\/31299","targetHints":{"allow":["GET"]}}],"collection":[{"href":"https:\/\/108giahoa.com\/index.php?rest_route=\/wp\/v2\/product"}],"about":[{"href":"https:\/\/108giahoa.com\/index.php?rest_route=\/wp\/v2\/types\/product"}],"replies":[{"embeddable":true,"href":"https:\/\/108giahoa.com\/index.php?rest_route=%2Fwp%2Fv2%2Fcomments&post=31299"}],"version-history":[{"count":1,"href":"https:\/\/108giahoa.com\/index.php?rest_route=\/wp\/v2\/product\/31299\/revisions"}],"predecessor-version":[{"id":31301,"href":"https:\/\/108giahoa.com\/index.php?rest_route=\/wp\/v2\/product\/31299\/revisions\/31301"}],"wp:featuredmedia":[{"embeddable":true,"href":"https:\/\/108giahoa.com\/index.php?rest_route=\/wp\/v2\/media\/31300"}],"wp:attachment":[{"href":"https:\/\/108giahoa.com\/index.php?rest_route=%2Fwp%2Fv2%2Fmedia&parent=31299"}],"wp:term":[{"taxonomy":"product_brand","embeddable":true,"href":"https:\/\/108giahoa.com\/index.php?rest_route=%2Fwp%2Fv2%2Fproduct_brand&post=31299"},{"taxonomy":"product_cat","embeddable":true,"href":"https:\/\/108giahoa.com\/index.php?rest_route=%2Fwp%2Fv2%2Fproduct_cat&post=31299"},{"taxonomy":"product_tag","embeddable":true,"href":"https:\/\/108giahoa.com\/index.php?rest_route=%2Fwp%2Fv2%2Fproduct_tag&post=31299"}],"curies":[{"name":"wp","href":"https:\/\/api.w.org\/{rel}","templated":true}]}}