{"id":31317,"date":"2026-03-23T07:50:19","date_gmt":"2026-03-23T07:50:19","guid":{"rendered":"https:\/\/108giahoa.com\/?post_type=product&#038;p=31317"},"modified":"2026-03-23T07:50:20","modified_gmt":"2026-03-23T07:50:20","slug":"ipad-air-11-inch-m4-wifi-1tb-2026","status":"publish","type":"product","link":"https:\/\/108giahoa.com\/?product=ipad-air-11-inch-m4-wifi-1tb-2026","title":{"rendered":"iPad Air 11 inch M4 Wifi 1TB 2026"},"content":{"rendered":"<table class=\"technical-content\">\n<tbody>\n<tr class=\"technical-content-item\">\n<td>K\u00edch th\u01b0\u1edbc m\u00e0n h\u00ecnh<\/td>\n<td>11 inches<\/td>\n<\/tr>\n<tr class=\"technical-content-item\">\n<td>C\u00f4ng ngh\u1ec7 m\u00e0n h\u00ecnh<\/td>\n<td><a href=\"https:\/\/cellphones.com.vn\/sforum\/man-hinh-liquid-retina\" target=\"_blank\" rel=\"nofollow noopener\">Liquid Retina<\/a><\/td>\n<\/tr>\n<tr class=\"technical-content-item\">\n<td>Camera sau<\/td>\n<td>12MP, f\/1.8, \u0110\u1ed9 thu ph\u00f3ng k\u1ef9 thu\u1eadt s\u1ed1 l\u00ean \u0111\u1ebfn 5x<br \/>\nCh\u1ee5p \u1ea3nh to\u00e0n c\u1ea3nh Panorama (l\u00ean \u0111\u1ebfn 63MP)<\/td>\n<\/tr>\n<tr class=\"technical-content-item\">\n<td>Camera tr\u01b0\u1edbc<\/td>\n<td>12MP Center Stage, \u0192\/2.0<\/td>\n<\/tr>\n<tr class=\"technical-content-item\">\n<td>Chipset<\/td>\n<td>Chip Apple M4<\/td>\n<\/tr>\n<tr class=\"technical-content-item\">\n<td>Dung l\u01b0\u1ee3ng RAM<\/td>\n<td>8 GB<\/td>\n<\/tr>\n<tr class=\"technical-content-item\">\n<td>B\u1ed9 nh\u1edb trong<\/td>\n<td>1 TB<\/td>\n<\/tr>\n<tr class=\"technical-content-item\">\n<td>Pin<\/td>\n<td>T\u00edch h\u1ee3p pin s\u1ea1c Li-Po 28,93 watt\u2011gi\u1edd<\/td>\n<\/tr>\n<tr class=\"technical-content-item\">\n<td>H\u1ec7 \u0111i\u1ec1u h\u00e0nh<\/td>\n<td>iPadOS 26<\/td>\n<\/tr>\n<tr class=\"technical-content-item\">\n<td>\u0110\u1ed9 ph\u00e2n gi\u1ea3i m\u00e0n h\u00ecnh<\/td>\n<td>2360 x 1640 pixel<\/td>\n<\/tr>\n<tr class=\"technical-content-item\">\n<td>T\u00ednh n\u0103ng m\u00e0n h\u00ecnh<\/td>\n<td>M\u00e0n h\u00ecnh Multi-Touch v\u1edbi c\u00f4ng ngh\u1ec7 LED n\u1ec1n v\u00e0 IPS<br \/>\n\u0110\u1ed9 s\u00e1ng 500 nit<br \/>\n264 ppi<br \/>\nD\u1ea3i m\u00e0u r\u1ed9ng (P3)<br \/>\nTrue Tone<br \/>\nL\u1edbp ph\u1ee7 ch\u1ed1ng ph\u1ea3n chi\u1ebfu<br \/>\nC\u00f4ng ngh\u1ec7 \u00e9p k\u00edn<\/td>\n<\/tr>\n<tr class=\"technical-content-item\">\n<td>Lo\u1ea1i CPU<\/td>\n<td>8 l\u00f5i v\u1edbi 3 l\u00f5i hi\u1ec7u n\u0103ng v\u00e0 5 l\u00f5i ti\u1ebft ki\u1ec7m \u0111i\u1ec7n<\/td>\n<\/tr>\n<tr class=\"technical-content-item\">\n<td>T\u01b0\u01a1ng th\u00edch<\/td>\n<td>H\u1ed7 tr\u1ee3 Apple Pencil Pro<br \/>\nH\u1ed7 tr\u1ee3 Apple Pencil (USB-C)<br \/>\nH\u1ed7 tr\u1ee3 Magic Keyboard cho iPad Air<\/td>\n<\/tr>\n<\/tbody>\n<\/table>\n","protected":false},"excerpt":{"rendered":"<p>K\u00edch th\u01b0\u1edbc m\u00e0n h\u00ecnh 11 inches C\u00f4ng ngh\u1ec7 m\u00e0n h\u00ecnh Liquid Retina Camera sau 12MP, f\/1.8, \u0110\u1ed9 thu ph\u00f3ng k\u1ef9<\/p>\n","protected":false},"featured_media":31309,"comment_status":"open","ping_status":"closed","template":"","meta":[],"product_brand":[],"product_cat":[91],"product_tag":[],"class_list":{"0":"post-31317","1":"product","2":"type-product","3":"status-publish","4":"has-post-thumbnail","6":"product_cat-thiet-bi-cntt","8":"first","9":"instock","10":"shipping-taxable","11":"product-type-simple"},"_links":{"self":[{"href":"https:\/\/108giahoa.com\/index.php?rest_route=\/wp\/v2\/product\/31317","targetHints":{"allow":["GET"]}}],"collection":[{"href":"https:\/\/108giahoa.com\/index.php?rest_route=\/wp\/v2\/product"}],"about":[{"href":"https:\/\/108giahoa.com\/index.php?rest_route=\/wp\/v2\/types\/product"}],"replies":[{"embeddable":true,"href":"https:\/\/108giahoa.com\/index.php?rest_route=%2Fwp%2Fv2%2Fcomments&post=31317"}],"version-history":[{"count":1,"href":"https:\/\/108giahoa.com\/index.php?rest_route=\/wp\/v2\/product\/31317\/revisions"}],"predecessor-version":[{"id":31318,"href":"https:\/\/108giahoa.com\/index.php?rest_route=\/wp\/v2\/product\/31317\/revisions\/31318"}],"wp:featuredmedia":[{"embeddable":true,"href":"https:\/\/108giahoa.com\/index.php?rest_route=\/wp\/v2\/media\/31309"}],"wp:attachment":[{"href":"https:\/\/108giahoa.com\/index.php?rest_route=%2Fwp%2Fv2%2Fmedia&parent=31317"}],"wp:term":[{"taxonomy":"product_brand","embeddable":true,"href":"https:\/\/108giahoa.com\/index.php?rest_route=%2Fwp%2Fv2%2Fproduct_brand&post=31317"},{"taxonomy":"product_cat","embeddable":true,"href":"https:\/\/108giahoa.com\/index.php?rest_route=%2Fwp%2Fv2%2Fproduct_cat&post=31317"},{"taxonomy":"product_tag","embeddable":true,"href":"https:\/\/108giahoa.com\/index.php?rest_route=%2Fwp%2Fv2%2Fproduct_tag&post=31317"}],"curies":[{"name":"wp","href":"https:\/\/api.w.org\/{rel}","templated":true}]}}