{"id":31332,"date":"2026-03-23T08:25:23","date_gmt":"2026-03-23T08:25:23","guid":{"rendered":"https:\/\/108giahoa.com\/?post_type=product&#038;p=31332"},"modified":"2026-03-23T08:25:24","modified_gmt":"2026-03-23T08:25:24","slug":"ipad-pro-chip-m5-13-inch-wifi-256gb","status":"publish","type":"product","link":"https:\/\/108giahoa.com\/?product=ipad-pro-chip-m5-13-inch-wifi-256gb","title":{"rendered":"iPad Pro chip M5 13 inch Wifi 256GB"},"content":{"rendered":"<table class=\"technical-content\">\n<tbody>\n<tr class=\"technical-content-item\">\n<td>K\u00edch th\u01b0\u1edbc m\u00e0n h\u00ecnh<\/td>\n<td>13 inches<\/td>\n<\/tr>\n<tr class=\"technical-content-item\">\n<td>C\u00f4ng ngh\u1ec7 m\u00e0n h\u00ecnh<\/td>\n<td>Ultra Retina XDR<\/td>\n<\/tr>\n<tr class=\"technical-content-item\">\n<td>Chipset<\/td>\n<td>Apple M5<\/td>\n<\/tr>\n<tr class=\"technical-content-item\">\n<td>C\u00f4ng ngh\u1ec7 NFC<\/td>\n<td>Kh\u00f4ng<\/td>\n<\/tr>\n<tr class=\"technical-content-item\">\n<td>Dung l\u01b0\u1ee3ng RAM<\/td>\n<td>12 GB<\/td>\n<\/tr>\n<tr class=\"technical-content-item\">\n<td>B\u1ed9 nh\u1edb trong<\/td>\n<td>256 GB<\/td>\n<\/tr>\n<tr class=\"technical-content-item\">\n<td>Pin<\/td>\n<td>Pin s\u1ea1c Li-Po 38.99 Wh<\/td>\n<\/tr>\n<tr class=\"technical-content-item\">\n<td>H\u1ec7 \u0111i\u1ec1u h\u00e0nh<\/td>\n<td>iPadOS 26<\/td>\n<\/tr>\n<tr class=\"technical-content-item\">\n<td>\u0110\u1ed9 ph\u00e2n gi\u1ea3i m\u00e0n h\u00ecnh<\/td>\n<td>2752&#215;2064 pixels<\/td>\n<\/tr>\n<tr class=\"technical-content-item\">\n<td>T\u00ednh n\u0103ng m\u00e0n h\u00ecnh<\/td>\n<td>C\u00f4ng ngh\u1ec7 ProMotion<br \/>\n\u0110\u1ed9 s\u00e1ng 1000nits, 264 ppi<br \/>\nT\u1ea7n s\u1ed1 qu\u00e9t 120Hz<br \/>\nTrue Tone<br \/>\nL\u1edbp ph\u1ee7 kh\u00e1ng d\u1ea7u ch\u1ed1ng in d\u1ea5u v\u00e2n tay<br \/>\nC\u00f4ng ngh\u1ec7 \u00e9p k\u00edn<br \/>\nL\u1edbp ph\u1ee7 ch\u1ed1ng ph\u1ea3n chi\u1ebfu<\/td>\n<\/tr>\n<tr class=\"technical-content-item\">\n<td>Lo\u1ea1i CPU<\/td>\n<td>CPU 9 l\u00f5i v\u1edbi 3 l\u00f5i hi\u1ec7u n\u0103ng v\u00e0 6 l\u00f5i ti\u1ebft ki\u1ec7m \u0111i\u1ec7n<\/td>\n<\/tr>\n<tr class=\"technical-content-item\">\n<td>T\u01b0\u01a1ng th\u00edch<\/td>\n<td>H\u1ed7 tr\u1ee3 Apple Pencil Pro<br \/>\nH\u1ed7 tr\u1ee3 Apple Pencil (USB\u2011C)<br \/>\nT\u00ednh n\u0103ng l\u01b0\u1edbt Apple Pencil<\/td>\n<\/tr>\n<\/tbody>\n<\/table>\n","protected":false},"excerpt":{"rendered":"<p>K\u00edch th\u01b0\u1edbc m\u00e0n h\u00ecnh 13 inches C\u00f4ng ngh\u1ec7 m\u00e0n h\u00ecnh Ultra Retina XDR Chipset Apple M5 C\u00f4ng ngh\u1ec7 NFC Kh\u00f4ng<\/p>\n","protected":false},"featured_media":31333,"comment_status":"open","ping_status":"closed","template":"","meta":[],"product_brand":[161],"product_cat":[91],"product_tag":[],"class_list":{"0":"post-31332","1":"product","2":"type-product","3":"status-publish","4":"has-post-thumbnail","6":"product_brand-ipad","7":"product_cat-thiet-bi-cntt","9":"first","10":"instock","11":"shipping-taxable","12":"product-type-simple"},"_links":{"self":[{"href":"https:\/\/108giahoa.com\/index.php?rest_route=\/wp\/v2\/product\/31332","targetHints":{"allow":["GET"]}}],"collection":[{"href":"https:\/\/108giahoa.com\/index.php?rest_route=\/wp\/v2\/product"}],"about":[{"href":"https:\/\/108giahoa.com\/index.php?rest_route=\/wp\/v2\/types\/product"}],"replies":[{"embeddable":true,"href":"https:\/\/108giahoa.com\/index.php?rest_route=%2Fwp%2Fv2%2Fcomments&post=31332"}],"version-history":[{"count":1,"href":"https:\/\/108giahoa.com\/index.php?rest_route=\/wp\/v2\/product\/31332\/revisions"}],"predecessor-version":[{"id":31334,"href":"https:\/\/108giahoa.com\/index.php?rest_route=\/wp\/v2\/product\/31332\/revisions\/31334"}],"wp:featuredmedia":[{"embeddable":true,"href":"https:\/\/108giahoa.com\/index.php?rest_route=\/wp\/v2\/media\/31333"}],"wp:attachment":[{"href":"https:\/\/108giahoa.com\/index.php?rest_route=%2Fwp%2Fv2%2Fmedia&parent=31332"}],"wp:term":[{"taxonomy":"product_brand","embeddable":true,"href":"https:\/\/108giahoa.com\/index.php?rest_route=%2Fwp%2Fv2%2Fproduct_brand&post=31332"},{"taxonomy":"product_cat","embeddable":true,"href":"https:\/\/108giahoa.com\/index.php?rest_route=%2Fwp%2Fv2%2Fproduct_cat&post=31332"},{"taxonomy":"product_tag","embeddable":true,"href":"https:\/\/108giahoa.com\/index.php?rest_route=%2Fwp%2Fv2%2Fproduct_tag&post=31332"}],"curies":[{"name":"wp","href":"https:\/\/api.w.org\/{rel}","templated":true}]}}