{"id":31346,"date":"2026-03-23T08:42:34","date_gmt":"2026-03-23T08:42:34","guid":{"rendered":"https:\/\/108giahoa.com\/?post_type=product&#038;p=31346"},"modified":"2026-03-23T08:42:34","modified_gmt":"2026-03-23T08:42:34","slug":"ipad-pro-m4-11-inch-wifi-1tb-nano","status":"publish","type":"product","link":"https:\/\/108giahoa.com\/?product=ipad-pro-m4-11-inch-wifi-1tb-nano","title":{"rendered":"iPad Pro M4 11 inch Wifi 1TB Nano"},"content":{"rendered":"<table class=\"technical-content\">\n<tbody>\n<tr class=\"technical-content-item\">\n<td>K\u00edch th\u01b0\u1edbc m\u00e0n h\u00ecnh<\/td>\n<td>11 inches<\/td>\n<\/tr>\n<tr class=\"technical-content-item\">\n<td>C\u00f4ng ngh\u1ec7 m\u00e0n h\u00ecnh<\/td>\n<td>Ultra Retina XDR<\/td>\n<\/tr>\n<tr class=\"technical-content-item\">\n<td>Camera sau<\/td>\n<td>Camera g\u00f3c si\u00eau r\u1ed9ng 12MP, \u0192\/2.4<\/td>\n<\/tr>\n<tr class=\"technical-content-item\">\n<td>Camera tr\u01b0\u1edbc<\/td>\n<td>Camera g\u00f3c r\u1ed9ng: 12MP, \u0192\/1.8<\/td>\n<\/tr>\n<tr class=\"technical-content-item\">\n<td>Chipset<\/td>\n<td>Apple M4<\/td>\n<\/tr>\n<tr class=\"technical-content-item\">\n<td>C\u00f4ng ngh\u1ec7 NFC<\/td>\n<td>Kh\u00f4ng<\/td>\n<\/tr>\n<tr class=\"technical-content-item\">\n<td>Dung l\u01b0\u1ee3ng RAM<\/td>\n<td>16 GB<\/td>\n<\/tr>\n<tr class=\"technical-content-item\">\n<td>B\u1ed9 nh\u1edb trong<\/td>\n<td>1 TB<\/td>\n<\/tr>\n<tr class=\"technical-content-item\">\n<td>Pin<\/td>\n<td>31.29 Wh<\/td>\n<\/tr>\n<tr class=\"technical-content-item\">\n<td>H\u1ec7 \u0111i\u1ec1u h\u00e0nh<\/td>\n<td>iPadOS 17<\/td>\n<\/tr>\n<tr class=\"technical-content-item\">\n<td>\u0110\u1ed9 ph\u00e2n gi\u1ea3i m\u00e0n h\u00ecnh<\/td>\n<td>2420&#215;1668 pixel<\/td>\n<\/tr>\n<tr class=\"technical-content-item\">\n<td>T\u00ednh n\u0103ng m\u00e0n h\u00ecnh<\/td>\n<td>C\u00f4ng ngh\u1ec7 ProMotion<br \/>\n\u0110\u1ed9 s\u00e1ng 1000nits, 264 ppi<br \/>\nT\u1ea7n s\u1ed1 qu\u00e9t 120Hz<br \/>\nTrue Tone<br \/>\nC\u00f4ng ngh\u1ec7 \u00e9p k\u00edn<br \/>\nL\u1edbp k\u00ednh hi\u1ec3n th\u1ecb k\u1ebft c\u1ea5u Nano<\/td>\n<\/tr>\n<tr class=\"technical-content-item\">\n<td>T\u01b0\u01a1ng th\u00edch<\/td>\n<td>H\u1ed7 tr\u1ee3 Apple Pencil Pro<\/td>\n<\/tr>\n<\/tbody>\n<\/table>\n","protected":false},"excerpt":{"rendered":"<p>K\u00edch th\u01b0\u1edbc m\u00e0n h\u00ecnh 11 inches C\u00f4ng ngh\u1ec7 m\u00e0n h\u00ecnh Ultra Retina XDR Camera sau Camera g\u00f3c si\u00eau r\u1ed9ng 12MP,<\/p>\n","protected":false},"featured_media":31344,"comment_status":"open","ping_status":"closed","template":"","meta":[],"product_brand":[161],"product_cat":[91],"product_tag":[],"class_list":{"0":"post-31346","1":"product","2":"type-product","3":"status-publish","4":"has-post-thumbnail","6":"product_brand-ipad","7":"product_cat-thiet-bi-cntt","9":"first","10":"instock","11":"shipping-taxable","12":"product-type-simple"},"_links":{"self":[{"href":"https:\/\/108giahoa.com\/index.php?rest_route=\/wp\/v2\/product\/31346","targetHints":{"allow":["GET"]}}],"collection":[{"href":"https:\/\/108giahoa.com\/index.php?rest_route=\/wp\/v2\/product"}],"about":[{"href":"https:\/\/108giahoa.com\/index.php?rest_route=\/wp\/v2\/types\/product"}],"replies":[{"embeddable":true,"href":"https:\/\/108giahoa.com\/index.php?rest_route=%2Fwp%2Fv2%2Fcomments&post=31346"}],"version-history":[{"count":1,"href":"https:\/\/108giahoa.com\/index.php?rest_route=\/wp\/v2\/product\/31346\/revisions"}],"predecessor-version":[{"id":31347,"href":"https:\/\/108giahoa.com\/index.php?rest_route=\/wp\/v2\/product\/31346\/revisions\/31347"}],"wp:featuredmedia":[{"embeddable":true,"href":"https:\/\/108giahoa.com\/index.php?rest_route=\/wp\/v2\/media\/31344"}],"wp:attachment":[{"href":"https:\/\/108giahoa.com\/index.php?rest_route=%2Fwp%2Fv2%2Fmedia&parent=31346"}],"wp:term":[{"taxonomy":"product_brand","embeddable":true,"href":"https:\/\/108giahoa.com\/index.php?rest_route=%2Fwp%2Fv2%2Fproduct_brand&post=31346"},{"taxonomy":"product_cat","embeddable":true,"href":"https:\/\/108giahoa.com\/index.php?rest_route=%2Fwp%2Fv2%2Fproduct_cat&post=31346"},{"taxonomy":"product_tag","embeddable":true,"href":"https:\/\/108giahoa.com\/index.php?rest_route=%2Fwp%2Fv2%2Fproduct_tag&post=31346"}],"curies":[{"name":"wp","href":"https:\/\/api.w.org\/{rel}","templated":true}]}}