{"id":31348,"date":"2026-03-23T08:43:43","date_gmt":"2026-03-23T08:43:43","guid":{"rendered":"https:\/\/108giahoa.com\/?post_type=product&#038;p=31348"},"modified":"2026-03-23T08:43:43","modified_gmt":"2026-03-23T08:43:43","slug":"ipad-pro-m4-13-inch-wifi-1tb","status":"publish","type":"product","link":"https:\/\/108giahoa.com\/?product=ipad-pro-m4-13-inch-wifi-1tb","title":{"rendered":"iPad Pro M4 13 inch Wifi 1TB"},"content":{"rendered":"<table class=\"technical-content\">\n<tbody>\n<tr class=\"technical-content-item\">\n<td>K\u00edch th\u01b0\u1edbc m\u00e0n h\u00ecnh<\/td>\n<td>13 inches<\/td>\n<\/tr>\n<tr class=\"technical-content-item\">\n<td>C\u00f4ng ngh\u1ec7 m\u00e0n h\u00ecnh<\/td>\n<td>Ultra Retina XDR<\/td>\n<\/tr>\n<tr class=\"technical-content-item\">\n<td>Camera sau<\/td>\n<td>Camera g\u00f3c si\u00eau r\u1ed9ng 12MP, \u0192\/2.4<\/td>\n<\/tr>\n<tr class=\"technical-content-item\">\n<td>Camera tr\u01b0\u1edbc<\/td>\n<td>Camera g\u00f3c r\u1ed9ng: 12MP, \u0192\/1.8<\/td>\n<\/tr>\n<tr class=\"technical-content-item\">\n<td>Chipset<\/td>\n<td>Apple M4<\/td>\n<\/tr>\n<tr class=\"technical-content-item\">\n<td>C\u00f4ng ngh\u1ec7 NFC<\/td>\n<td>Kh\u00f4ng<\/td>\n<\/tr>\n<tr class=\"technical-content-item\">\n<td>Dung l\u01b0\u1ee3ng RAM<\/td>\n<td>16 GB<\/td>\n<\/tr>\n<tr class=\"technical-content-item\">\n<td>B\u1ed9 nh\u1edb trong<\/td>\n<td>1 TB<\/td>\n<\/tr>\n<tr class=\"technical-content-item\">\n<td>H\u1ec7 \u0111i\u1ec1u h\u00e0nh<\/td>\n<td>iPadOS 17<\/td>\n<\/tr>\n<tr class=\"technical-content-item\">\n<td>\u0110\u1ed9 ph\u00e2n gi\u1ea3i m\u00e0n h\u00ecnh<\/td>\n<td>2752&#215;2064 pixels<\/td>\n<\/tr>\n<tr class=\"technical-content-item\">\n<td>T\u00ednh n\u0103ng m\u00e0n h\u00ecnh<\/td>\n<td>C\u00f4ng ngh\u1ec7 ProMotion<br \/>\n\u0110\u1ed9 s\u00e1ng 1000nits, 264 ppi<br \/>\nT\u1ea7n s\u1ed1 qu\u00e9t 120hz<br \/>\nTrue Tone<br \/>\nC\u00f4ng ngh\u1ec7 \u00e9p k\u00edn<br \/>\nD\u1ea3i m\u00e0u r\u1ed9ng (P3)<\/td>\n<\/tr>\n<tr class=\"technical-content-item\">\n<td>Lo\u1ea1i CPU<\/td>\n<td>CPU 10 l\u00f5i v\u1edbi 4 l\u00f5i hi\u1ec7u n\u0103ng v\u00e0 6 l\u00f5i ti\u1ebft ki\u1ec7m \u0111i\u1ec7n<\/td>\n<\/tr>\n<tr class=\"technical-content-item\">\n<td>T\u01b0\u01a1ng th\u00edch<\/td>\n<td>Apple Pencil Pro<br \/>\nApple Pencil USB-C 2023<br \/>\nB\u00e0n ph\u00edm iPad Pro 13 M4 Apple Magic Keyboard + Trackpad<\/td>\n<\/tr>\n<\/tbody>\n<\/table>\n","protected":false},"excerpt":{"rendered":"<p>K\u00edch th\u01b0\u1edbc m\u00e0n h\u00ecnh 13 inches C\u00f4ng ngh\u1ec7 m\u00e0n h\u00ecnh Ultra Retina XDR Camera sau Camera g\u00f3c si\u00eau r\u1ed9ng 12MP,<\/p>\n","protected":false},"featured_media":31344,"comment_status":"open","ping_status":"closed","template":"","meta":[],"product_brand":[161],"product_cat":[91],"product_tag":[],"class_list":{"0":"post-31348","1":"product","2":"type-product","3":"status-publish","4":"has-post-thumbnail","6":"product_brand-ipad","7":"product_cat-thiet-bi-cntt","9":"first","10":"instock","11":"shipping-taxable","12":"product-type-simple"},"_links":{"self":[{"href":"https:\/\/108giahoa.com\/index.php?rest_route=\/wp\/v2\/product\/31348","targetHints":{"allow":["GET"]}}],"collection":[{"href":"https:\/\/108giahoa.com\/index.php?rest_route=\/wp\/v2\/product"}],"about":[{"href":"https:\/\/108giahoa.com\/index.php?rest_route=\/wp\/v2\/types\/product"}],"replies":[{"embeddable":true,"href":"https:\/\/108giahoa.com\/index.php?rest_route=%2Fwp%2Fv2%2Fcomments&post=31348"}],"version-history":[{"count":1,"href":"https:\/\/108giahoa.com\/index.php?rest_route=\/wp\/v2\/product\/31348\/revisions"}],"predecessor-version":[{"id":31349,"href":"https:\/\/108giahoa.com\/index.php?rest_route=\/wp\/v2\/product\/31348\/revisions\/31349"}],"wp:featuredmedia":[{"embeddable":true,"href":"https:\/\/108giahoa.com\/index.php?rest_route=\/wp\/v2\/media\/31344"}],"wp:attachment":[{"href":"https:\/\/108giahoa.com\/index.php?rest_route=%2Fwp%2Fv2%2Fmedia&parent=31348"}],"wp:term":[{"taxonomy":"product_brand","embeddable":true,"href":"https:\/\/108giahoa.com\/index.php?rest_route=%2Fwp%2Fv2%2Fproduct_brand&post=31348"},{"taxonomy":"product_cat","embeddable":true,"href":"https:\/\/108giahoa.com\/index.php?rest_route=%2Fwp%2Fv2%2Fproduct_cat&post=31348"},{"taxonomy":"product_tag","embeddable":true,"href":"https:\/\/108giahoa.com\/index.php?rest_route=%2Fwp%2Fv2%2Fproduct_tag&post=31348"}],"curies":[{"name":"wp","href":"https:\/\/api.w.org\/{rel}","templated":true}]}}