{"id":31362,"date":"2026-03-23T08:54:28","date_gmt":"2026-03-23T08:54:28","guid":{"rendered":"https:\/\/108giahoa.com\/?post_type=product&#038;p=31362"},"modified":"2026-03-23T08:54:29","modified_gmt":"2026-03-23T08:54:29","slug":"ipad-pro-chip-m5-11-inch-5g-512gb","status":"publish","type":"product","link":"https:\/\/108giahoa.com\/?product=ipad-pro-chip-m5-11-inch-5g-512gb","title":{"rendered":"iPad Pro chip M5 11 inch 5G 512GB"},"content":{"rendered":"<table class=\"technical-content\">\n<tbody>\n<tr class=\"technical-content-item\">\n<td>K\u00edch th\u01b0\u1edbc m\u00e0n h\u00ecnh<\/td>\n<td>11 inches<\/td>\n<\/tr>\n<tr class=\"technical-content-item\">\n<td>C\u00f4ng ngh\u1ec7 m\u00e0n h\u00ecnh<\/td>\n<td>Ultra Retina XDR<\/td>\n<\/tr>\n<tr class=\"technical-content-item\">\n<td>Camera sau<\/td>\n<td>12MP Wide, kh\u1ea9u \u0111\u1ed9 \u0192\/1.8<\/td>\n<\/tr>\n<tr class=\"technical-content-item\">\n<td>Camera tr\u01b0\u1edbc<\/td>\n<td>12MP, kh\u1ea9u \u0111\u1ed9 \u0192\/2.0, Center Stage (c\u1ea1nh ngang)<\/td>\n<\/tr>\n<tr class=\"technical-content-item\">\n<td>Chipset<\/td>\n<td>Apple M5<\/td>\n<\/tr>\n<tr class=\"technical-content-item\">\n<td>C\u00f4ng ngh\u1ec7 NFC<\/td>\n<td>Kh\u00f4ng<\/td>\n<\/tr>\n<tr class=\"technical-content-item\">\n<td>Dung l\u01b0\u1ee3ng RAM<\/td>\n<td>12 GB<\/td>\n<\/tr>\n<tr class=\"technical-content-item\">\n<td>B\u1ed9 nh\u1edb trong<\/td>\n<td>512 GB<\/td>\n<\/tr>\n<tr class=\"technical-content-item\">\n<td>Pin<\/td>\n<td>Pin Li-Po 31,29 watt-gi\u1edd, th\u1eddi gian s\u1eed d\u1ee5ng Wi-Fi \u0111\u1ebfn 10 gi\u1edd<\/td>\n<\/tr>\n<tr class=\"technical-content-item\">\n<td>Th\u1ebb SIM<\/td>\n<td>1 eSIM<\/td>\n<\/tr>\n<tr class=\"technical-content-item\">\n<td>H\u1ec7 \u0111i\u1ec1u h\u00e0nh<\/td>\n<td>iPadOS 26<\/td>\n<\/tr>\n<tr class=\"technical-content-item\">\n<td>\u0110\u1ed9 ph\u00e2n gi\u1ea3i m\u00e0n h\u00ecnh<\/td>\n<td>2420&#215;1668 pixel<\/td>\n<\/tr>\n<tr class=\"technical-content-item\">\n<td>T\u00ednh n\u0103ng m\u00e0n h\u00ecnh<\/td>\n<td>C\u00f4ng ngh\u1ec7 ProMotion0 \u2013120Hz<br \/>\nTrue Tone<br \/>\nD\u1ea3i m\u00e0u r\u1ed9ng (P3)<br \/>\nL\u1edbp ph\u1ee7 ch\u1ed1ng ph\u1ea3n chi\u1ebfu<br \/>\nKh\u00e1ng d\u1ea7u ch\u1ed1ng b\u00e1m v\u00e2n tay<\/td>\n<\/tr>\n<tr class=\"technical-content-item\">\n<td>Lo\u1ea1i CPU<\/td>\n<td>9 l\u00f5i (3 hi\u1ec7u n\u0103ng + 6 ti\u1ebft ki\u1ec7m \u0111i\u1ec7n)<\/td>\n<\/tr>\n<tr class=\"technical-content-item\">\n<td>T\u01b0\u01a1ng th\u00edch<\/td>\n<td>Apple Pencil Pro<br \/>\nApple Pencil (USB-C)<br \/>\nMagic Keyboard<\/td>\n<\/tr>\n<\/tbody>\n<\/table>\n","protected":false},"excerpt":{"rendered":"<p>K\u00edch th\u01b0\u1edbc m\u00e0n h\u00ecnh 11 inches C\u00f4ng ngh\u1ec7 m\u00e0n h\u00ecnh Ultra Retina XDR Camera sau 12MP Wide, kh\u1ea9u \u0111\u1ed9 \u0192\/1.8<\/p>\n","protected":false},"featured_media":31344,"comment_status":"open","ping_status":"closed","template":"","meta":[],"product_brand":[161],"product_cat":[91],"product_tag":[],"class_list":{"0":"post-31362","1":"product","2":"type-product","3":"status-publish","4":"has-post-thumbnail","6":"product_brand-ipad","7":"product_cat-thiet-bi-cntt","9":"first","10":"instock","11":"shipping-taxable","12":"product-type-simple"},"_links":{"self":[{"href":"https:\/\/108giahoa.com\/index.php?rest_route=\/wp\/v2\/product\/31362","targetHints":{"allow":["GET"]}}],"collection":[{"href":"https:\/\/108giahoa.com\/index.php?rest_route=\/wp\/v2\/product"}],"about":[{"href":"https:\/\/108giahoa.com\/index.php?rest_route=\/wp\/v2\/types\/product"}],"replies":[{"embeddable":true,"href":"https:\/\/108giahoa.com\/index.php?rest_route=%2Fwp%2Fv2%2Fcomments&post=31362"}],"version-history":[{"count":1,"href":"https:\/\/108giahoa.com\/index.php?rest_route=\/wp\/v2\/product\/31362\/revisions"}],"predecessor-version":[{"id":31363,"href":"https:\/\/108giahoa.com\/index.php?rest_route=\/wp\/v2\/product\/31362\/revisions\/31363"}],"wp:featuredmedia":[{"embeddable":true,"href":"https:\/\/108giahoa.com\/index.php?rest_route=\/wp\/v2\/media\/31344"}],"wp:attachment":[{"href":"https:\/\/108giahoa.com\/index.php?rest_route=%2Fwp%2Fv2%2Fmedia&parent=31362"}],"wp:term":[{"taxonomy":"product_brand","embeddable":true,"href":"https:\/\/108giahoa.com\/index.php?rest_route=%2Fwp%2Fv2%2Fproduct_brand&post=31362"},{"taxonomy":"product_cat","embeddable":true,"href":"https:\/\/108giahoa.com\/index.php?rest_route=%2Fwp%2Fv2%2Fproduct_cat&post=31362"},{"taxonomy":"product_tag","embeddable":true,"href":"https:\/\/108giahoa.com\/index.php?rest_route=%2Fwp%2Fv2%2Fproduct_tag&post=31362"}],"curies":[{"name":"wp","href":"https:\/\/api.w.org\/{rel}","templated":true}]}}