{"id":31364,"date":"2026-03-23T09:03:09","date_gmt":"2026-03-23T09:03:09","guid":{"rendered":"https:\/\/108giahoa.com\/?post_type=product&#038;p=31364"},"modified":"2026-03-23T09:03:10","modified_gmt":"2026-03-23T09:03:10","slug":"loa-cam-tay","status":"publish","type":"product","link":"https:\/\/108giahoa.com\/?product=loa-cam-tay","title":{"rendered":"Loa c\u1ea7m tay\u00a0"},"content":{"rendered":"<p>B\u1ea3o h\u00e0nh: 12 th\u00e1ng<br \/>\nC\u00f4ng su\u1ea5t \u0111\u1ea7u ra T\u1ed1i \u0111a: 15W<br \/>\nNgu\u1ed3n \u0111i\u1ec7n s\u1eed d\u1ee5ng: 6 X Type D<br \/>\nTh\u1eddi gian s\u1eed d\u1ee5ng pin: S\u1eed d\u1ee5ng ch\u1ebf \u0111\u1ed9 th\u01b0\u1eddng 10 gi\u1edd<br \/>\nKho\u1ea3ng c\u00e1ch ph\u00f3ng thanh (m): 800m ngo\u00e0i tr\u1eddi<br \/>\nK\u00edch th\u01b0\u1edbc (Chu vi ; \u0111\u1ed9 d\u00e0i): \u03a6200mm, L330mm<br \/>\n\u00c2m thanh (C\u00f2i h\u00fa): C\u00f2i h\u00fa<br \/>\nInpout: USB,SD, AUX<br \/>\nTh\u1eddi gian ghi \u00e2m (s): 20s ghi \u00e2m<\/p>\n","protected":false},"excerpt":{"rendered":"<p>B\u1ea3o h\u00e0nh: 12 th\u00e1ng C\u00f4ng su\u1ea5t \u0111\u1ea7u ra T\u1ed1i \u0111a: 15W Ngu\u1ed3n \u0111i\u1ec7n s\u1eed d\u1ee5ng: 6 X Type D Th\u1eddi<\/p>\n","protected":false},"featured_media":31365,"comment_status":"open","ping_status":"closed","template":"","meta":[],"product_brand":[183],"product_cat":[90],"product_tag":[],"class_list":{"0":"post-31364","1":"product","2":"type-product","3":"status-publish","4":"has-post-thumbnail","6":"product_brand-loa-cam-tay","7":"product_cat-thiet-bi-am-thanh","9":"first","10":"instock","11":"shipping-taxable","12":"product-type-simple"},"_links":{"self":[{"href":"https:\/\/108giahoa.com\/index.php?rest_route=\/wp\/v2\/product\/31364","targetHints":{"allow":["GET"]}}],"collection":[{"href":"https:\/\/108giahoa.com\/index.php?rest_route=\/wp\/v2\/product"}],"about":[{"href":"https:\/\/108giahoa.com\/index.php?rest_route=\/wp\/v2\/types\/product"}],"replies":[{"embeddable":true,"href":"https:\/\/108giahoa.com\/index.php?rest_route=%2Fwp%2Fv2%2Fcomments&post=31364"}],"version-history":[{"count":1,"href":"https:\/\/108giahoa.com\/index.php?rest_route=\/wp\/v2\/product\/31364\/revisions"}],"predecessor-version":[{"id":31366,"href":"https:\/\/108giahoa.com\/index.php?rest_route=\/wp\/v2\/product\/31364\/revisions\/31366"}],"wp:featuredmedia":[{"embeddable":true,"href":"https:\/\/108giahoa.com\/index.php?rest_route=\/wp\/v2\/media\/31365"}],"wp:attachment":[{"href":"https:\/\/108giahoa.com\/index.php?rest_route=%2Fwp%2Fv2%2Fmedia&parent=31364"}],"wp:term":[{"taxonomy":"product_brand","embeddable":true,"href":"https:\/\/108giahoa.com\/index.php?rest_route=%2Fwp%2Fv2%2Fproduct_brand&post=31364"},{"taxonomy":"product_cat","embeddable":true,"href":"https:\/\/108giahoa.com\/index.php?rest_route=%2Fwp%2Fv2%2Fproduct_cat&post=31364"},{"taxonomy":"product_tag","embeddable":true,"href":"https:\/\/108giahoa.com\/index.php?rest_route=%2Fwp%2Fv2%2Fproduct_tag&post=31364"}],"curies":[{"name":"wp","href":"https:\/\/api.w.org\/{rel}","templated":true}]}}