{"id":31376,"date":"2026-03-23T09:41:59","date_gmt":"2026-03-23T09:41:59","guid":{"rendered":"https:\/\/108giahoa.com\/?post_type=product&#038;p=31376"},"modified":"2026-03-23T09:42:00","modified_gmt":"2026-03-23T09:42:00","slug":"bang-vach-ngan","status":"publish","type":"product","link":"https:\/\/108giahoa.com\/?product=bang-vach-ngan","title":{"rendered":"B\u1ea3ng v\u00e1ch ng\u0103n"},"content":{"rendered":"<p>B\u1ea3ng v\u00e1ch ng\u0103n &#8211; THVG071218T226<br \/>\nB\u1ea3ng v\u00e1ch ng\u0103n Scala m\u1ed9t m\u1eb7t ghim n\u1ec9 + 1 m\u1eb7t t\u1eeb tr\u1eafng<br \/>\nK\u00edch th\u01b0\u1edbc: D1200 x C1800 mm<br \/>\nV\u1eadt li\u1ec7u: B\u1ec1 m\u1eb7t b\u1ea3ng: M\u1eb7t HQ tr\u1eafng vi\u1ebft b\u00fat d\u1ea1; B\u1ec1 m\u1eb7t ghim k\u1ebft h\u1ee3p ti\u00eau \u00e2m theo b\u1ed9 s\u01b0u t\u1eadp m\u00e0u v\u1ea3i trang nh\u00e3 m\u1edbi. C\u00f3 th\u1ec3 k\u1ebft h\u1ee3p 2 b\u1ec1 m\u1eb7t t\u1eeb HQ + 1 m\u1eb7t ti\u00eau \u00e2m ghim c\u00f3 t\u00e1c d\u1ee5ng ghim t\u00e0i li\u1ec7u \u0111\u1ed3ng th\u1eddi l\u00e0m ti\u00eau ti\u1ebfng \u1ed3n v\u00e0 \u00e2m thanh. B\u1ea3ng \u0111\u01b0\u1ee3c s\u1eed d\u1ee5ng c\u1ed1t ti\u00eau \u00e2m + cao su non 5mm d\u00e0y 20 mm \u0111\u1ea3m b\u1ea3o ch\u1eafc ch\u1eafn. B\u00e1nh xe chuy\u00ean d\u1ee5ng c\u00f3 ch\u1ed1t h\u00e3m \u0111\u1ecbnh v\u1ecb. S\u1ea3n ph\u1ea9m \u0111\u01b0\u1ee3c s\u1ea3n xu\u1ea5t b\u1edfi Nh\u00e0 s\u1ea3n xu\u1ea5t \u0111\u1ea1t ti\u00eau chu\u1ea9n ISO 9001:2015; ISO 14001:2015.<br \/>\nPh\u00f9 h\u1ee3p v\u1edbi kh\u00f4ng gian th\u01b0 vi\u1ec7n: v\u1eeba l\u00e0m b\u1ea3ng gi\u1edbi thi\u1ec7u s\u00e1ch, qu\u1ea3n l\u00ed s\u00e1ch theo y\u00eau c\u1ea7u, v\u1eeba gi\u00fap ti\u00eau \u00e2m, gi\u1ea3m ti\u1ebfng \u1ed3n<\/p>\n","protected":false},"excerpt":{"rendered":"<p>B\u1ea3ng v\u00e1ch ng\u0103n &#8211; THVG071218T226 B\u1ea3ng v\u00e1ch ng\u0103n Scala m\u1ed9t m\u1eb7t ghim n\u1ec9 + 1 m\u1eb7t t\u1eeb tr\u1eafng K\u00edch th\u01b0\u1edbc:<\/p>\n","protected":false},"featured_media":31377,"comment_status":"open","ping_status":"closed","template":"","meta":[],"product_brand":[184],"product_cat":[77],"product_tag":[],"class_list":{"0":"post-31376","1":"product","2":"type-product","3":"status-publish","4":"has-post-thumbnail","6":"product_brand-noi-that-phong-stem","7":"product_cat-noi-that-van-phong-truong-hoc","9":"first","10":"instock","11":"shipping-taxable","12":"product-type-simple"},"_links":{"self":[{"href":"https:\/\/108giahoa.com\/index.php?rest_route=\/wp\/v2\/product\/31376","targetHints":{"allow":["GET"]}}],"collection":[{"href":"https:\/\/108giahoa.com\/index.php?rest_route=\/wp\/v2\/product"}],"about":[{"href":"https:\/\/108giahoa.com\/index.php?rest_route=\/wp\/v2\/types\/product"}],"replies":[{"embeddable":true,"href":"https:\/\/108giahoa.com\/index.php?rest_route=%2Fwp%2Fv2%2Fcomments&post=31376"}],"version-history":[{"count":1,"href":"https:\/\/108giahoa.com\/index.php?rest_route=\/wp\/v2\/product\/31376\/revisions"}],"predecessor-version":[{"id":31389,"href":"https:\/\/108giahoa.com\/index.php?rest_route=\/wp\/v2\/product\/31376\/revisions\/31389"}],"wp:featuredmedia":[{"embeddable":true,"href":"https:\/\/108giahoa.com\/index.php?rest_route=\/wp\/v2\/media\/31377"}],"wp:attachment":[{"href":"https:\/\/108giahoa.com\/index.php?rest_route=%2Fwp%2Fv2%2Fmedia&parent=31376"}],"wp:term":[{"taxonomy":"product_brand","embeddable":true,"href":"https:\/\/108giahoa.com\/index.php?rest_route=%2Fwp%2Fv2%2Fproduct_brand&post=31376"},{"taxonomy":"product_cat","embeddable":true,"href":"https:\/\/108giahoa.com\/index.php?rest_route=%2Fwp%2Fv2%2Fproduct_cat&post=31376"},{"taxonomy":"product_tag","embeddable":true,"href":"https:\/\/108giahoa.com\/index.php?rest_route=%2Fwp%2Fv2%2Fproduct_tag&post=31376"}],"curies":[{"name":"wp","href":"https:\/\/api.w.org\/{rel}","templated":true}]}}