{"id":31390,"date":"2026-03-23T09:43:14","date_gmt":"2026-03-23T09:43:14","guid":{"rendered":"https:\/\/108giahoa.com\/?post_type=product&#038;p=31390"},"modified":"2026-03-23T09:43:15","modified_gmt":"2026-03-23T09:43:15","slug":"bang-flipchart-upsidedown-pro","status":"publish","type":"product","link":"https:\/\/108giahoa.com\/?product=bang-flipchart-upsidedown-pro","title":{"rendered":"B\u1ea3ng Flipchart UPSIDEDOWN Pro"},"content":{"rendered":"<p>K\u00edch th\u01b0\u1edbc b\u1ec1 m\u1eb7t b\u1ea3ng: 600\u00d71000 mm \u0111i k\u00e8m gi\u1ea5y A1<br \/>\nM\u00e0u s\u1eafc khung s\u01a1n: ghi nh\u1ea1t<br \/>\nLo\u1ea1i treo gi\u1ea5y: k\u1eb9p gi\u1ea5y<br \/>\nB\u1ec1 m\u1eb7t b\u1ea3ng: tr\u1eafng c\u00f3 d\u00f2ng k\u1ebb \/ kh\u00f4ng d\u00f2ng k\u1ebb<br \/>\nV\u1eadt li\u1ec7u: m\u1eb7t th\u00e9p ph\u1ee7 s\u01a1n, khung nh\u00f4m ph\u1ee7 anot, \u0111\u1ea7u b\u1ecbt nh\u1ef1a ABS, \u1ed1ng th\u00e9p s\u01a1n t\u0129nh \u0111i\u1ec7n, b\u00e1nh xe nh\u1ef1a<br \/>\nPh\u1ee5 ki\u1ec7n: 1 b\u00fat l\u00f4ng, 4 vi\u00ean nam ch\u00e2m xanh ng\u1ecdc, 10 t\u1edd gi\u1ea5y A1, 1 kh\u0103n lau nam ch\u00e2m<\/p>\n","protected":false},"excerpt":{"rendered":"<p>K\u00edch th\u01b0\u1edbc b\u1ec1 m\u1eb7t b\u1ea3ng: 600\u00d71000 mm \u0111i k\u00e8m gi\u1ea5y A1 M\u00e0u s\u1eafc khung s\u01a1n: ghi nh\u1ea1t Lo\u1ea1i treo gi\u1ea5y:<\/p>\n","protected":false},"featured_media":31378,"comment_status":"open","ping_status":"closed","template":"","meta":[],"product_brand":[184],"product_cat":[77],"product_tag":[],"class_list":{"0":"post-31390","1":"product","2":"type-product","3":"status-publish","4":"has-post-thumbnail","6":"product_brand-noi-that-phong-stem","7":"product_cat-noi-that-van-phong-truong-hoc","9":"first","10":"instock","11":"shipping-taxable","12":"product-type-simple"},"_links":{"self":[{"href":"https:\/\/108giahoa.com\/index.php?rest_route=\/wp\/v2\/product\/31390","targetHints":{"allow":["GET"]}}],"collection":[{"href":"https:\/\/108giahoa.com\/index.php?rest_route=\/wp\/v2\/product"}],"about":[{"href":"https:\/\/108giahoa.com\/index.php?rest_route=\/wp\/v2\/types\/product"}],"replies":[{"embeddable":true,"href":"https:\/\/108giahoa.com\/index.php?rest_route=%2Fwp%2Fv2%2Fcomments&post=31390"}],"version-history":[{"count":1,"href":"https:\/\/108giahoa.com\/index.php?rest_route=\/wp\/v2\/product\/31390\/revisions"}],"predecessor-version":[{"id":31391,"href":"https:\/\/108giahoa.com\/index.php?rest_route=\/wp\/v2\/product\/31390\/revisions\/31391"}],"wp:featuredmedia":[{"embeddable":true,"href":"https:\/\/108giahoa.com\/index.php?rest_route=\/wp\/v2\/media\/31378"}],"wp:attachment":[{"href":"https:\/\/108giahoa.com\/index.php?rest_route=%2Fwp%2Fv2%2Fmedia&parent=31390"}],"wp:term":[{"taxonomy":"product_brand","embeddable":true,"href":"https:\/\/108giahoa.com\/index.php?rest_route=%2Fwp%2Fv2%2Fproduct_brand&post=31390"},{"taxonomy":"product_cat","embeddable":true,"href":"https:\/\/108giahoa.com\/index.php?rest_route=%2Fwp%2Fv2%2Fproduct_cat&post=31390"},{"taxonomy":"product_tag","embeddable":true,"href":"https:\/\/108giahoa.com\/index.php?rest_route=%2Fwp%2Fv2%2Fproduct_tag&post=31390"}],"curies":[{"name":"wp","href":"https:\/\/api.w.org\/{rel}","templated":true}]}}