{"id":31392,"date":"2026-03-23T09:44:32","date_gmt":"2026-03-23T09:44:32","guid":{"rendered":"https:\/\/108giahoa.com\/?post_type=product&#038;p=31392"},"modified":"2026-03-23T09:44:33","modified_gmt":"2026-03-23T09:44:33","slug":"ban-yuno-th-hinh-chu-nhat","status":"publish","type":"product","link":"https:\/\/108giahoa.com\/?product=ban-yuno-th-hinh-chu-nhat","title":{"rendered":"B\u00e0n YUNO TH H\u00ccNH CH\u1eee NH\u1eacT"},"content":{"rendered":"<p>+B\u1ec1 m\u1eb7t l\u00e0m b\u1eb1ng g\u1ed7 MDF HMR V313 ph\u1ee7 Laminate d\u00e0y 18.2mm ch\u1ecbu tr\u1ea7y x\u01b0\u1edbc t\u1ed1t, c\u1ea1nh nh\u1ef1a PP \u0111\u00fac li\u1ec1n kh\u1ed1i b\u1ecdc k\u00edn an to\u00e0n, ng\u0103n ch\u1eb7n h\u01a1i \u1ea9m x\u00e2m nh\u1eadp v\u00e0o c\u1ed1t g\u1ed7 . Tr\u00ean m\u1eb7t b\u00e0n c\u00f3 khay \u0111\u1ef1ng b\u00fat.<br \/>\n&#8211; Dung sai \u0110\u1ed9 d\u00e0y (Thickness): \u00b1 0.3 mm<br \/>\n&#8211; Dung sai chi\u1ec1u d\u00e0i, r\u1ed9ng (Length &amp; Width Tolerance): 1220 \u00d7 2440 mm \u00b1 5.0 mm<br \/>\n&#8211; T\u1ef7 tr\u1ecdng (Density): 670-720 kg\/m\u00b3<br \/>\n&#8211; \u0110\u1ed9 b\u1ec1n u\u1ed1n (MOR \u2013 Modulus of Rupture): 24.0 N\/mm\u00b2<br \/>\n&#8211; M\u00f4 \u0111un \u0111\u00e0n h\u1ed3i (MOE \u2013 Modulus of Elasticity): 2400 N\/mm\u00b2<br \/>\n&#8211; Li\u00ean k\u1ebft n\u1ed9i (IB \u2013 Internal Bond): 0.75 N\/mm\u00b2<br \/>\n&#8211; H\u00e0m l\u01b0\u1ee3ng \u1ea9m (Moisture Content): 4.0 \u2013 11.0 %<br \/>\n&#8211; \u0110\u1ed9 tr\u01b0\u01a1ng n\u1edf (Swelling 24h): 8 %<br \/>\n&#8211; Li\u00ean k\u1ebft n\u1ed9i sau ki\u1ec3m tra chu k\u1ef3: \u2265 0.2N\/mm2<br \/>\n&#8211; \u0110\u1ed9 tr\u01b0\u01a1ng n\u1edf chi\u1ec1u d\u00e0y sau ki\u1ec3m tra chu k\u1ef3: \u2264 15%<br \/>\n&#8211; H\u00e0m l\u01b0\u1ee3ng formaldehyde: \u2264 8 mg\/100g v\u00e1n<br \/>\n+ C\u1ee7 l\u1eadt m\u1eb7t b\u00e0n \u0111\u00fac h\u1ee3p kim nh\u00f4m chuy\u00ean d\u1ee5ng gi\u1eef an to\u00e0n kh\u00f4ng t\u1ef1 \u0111\u1ed9ng l\u1eadt xu\u1ed1ng.<br \/>\n+ Ch\u00e2n b\u00e0n b\u1eb1ng s\u1eaft phi 50 d\u00e0y 1.4mm li\u00ean k\u1ebft v\u1edbi ch\u00e2n b\u00e0n b\u1eb1ng nh\u1ef1a PPGF \u0111\u00fac, s\u01a1n t\u0129nh \u0111i\u1ec7n m\u00e0u ghi.<br \/>\n+ 04 b\u00e1nh xe ch\u1ecbu t\u1ea3i tr\u1ecdng 250kg ( 2 b\u00e1nh xe c\u00f3 h\u00e3m, 2 b\u00e1nh xe kh\u00f4ng c\u00f3 h\u00e3m)<\/p>\n","protected":false},"excerpt":{"rendered":"<p>+B\u1ec1 m\u1eb7t l\u00e0m b\u1eb1ng g\u1ed7 MDF HMR V313 ph\u1ee7 Laminate d\u00e0y 18.2mm ch\u1ecbu tr\u1ea7y x\u01b0\u1edbc t\u1ed1t, c\u1ea1nh nh\u1ef1a PP \u0111\u00fac<\/p>\n","protected":false},"featured_media":31380,"comment_status":"open","ping_status":"closed","template":"","meta":[],"product_brand":[184],"product_cat":[77],"product_tag":[],"class_list":{"0":"post-31392","1":"product","2":"type-product","3":"status-publish","4":"has-post-thumbnail","6":"product_brand-noi-that-phong-stem","7":"product_cat-noi-that-van-phong-truong-hoc","9":"first","10":"instock","11":"shipping-taxable","12":"product-type-simple"},"_links":{"self":[{"href":"https:\/\/108giahoa.com\/index.php?rest_route=\/wp\/v2\/product\/31392","targetHints":{"allow":["GET"]}}],"collection":[{"href":"https:\/\/108giahoa.com\/index.php?rest_route=\/wp\/v2\/product"}],"about":[{"href":"https:\/\/108giahoa.com\/index.php?rest_route=\/wp\/v2\/types\/product"}],"replies":[{"embeddable":true,"href":"https:\/\/108giahoa.com\/index.php?rest_route=%2Fwp%2Fv2%2Fcomments&post=31392"}],"version-history":[{"count":1,"href":"https:\/\/108giahoa.com\/index.php?rest_route=\/wp\/v2\/product\/31392\/revisions"}],"predecessor-version":[{"id":31393,"href":"https:\/\/108giahoa.com\/index.php?rest_route=\/wp\/v2\/product\/31392\/revisions\/31393"}],"wp:featuredmedia":[{"embeddable":true,"href":"https:\/\/108giahoa.com\/index.php?rest_route=\/wp\/v2\/media\/31380"}],"wp:attachment":[{"href":"https:\/\/108giahoa.com\/index.php?rest_route=%2Fwp%2Fv2%2Fmedia&parent=31392"}],"wp:term":[{"taxonomy":"product_brand","embeddable":true,"href":"https:\/\/108giahoa.com\/index.php?rest_route=%2Fwp%2Fv2%2Fproduct_brand&post=31392"},{"taxonomy":"product_cat","embeddable":true,"href":"https:\/\/108giahoa.com\/index.php?rest_route=%2Fwp%2Fv2%2Fproduct_cat&post=31392"},{"taxonomy":"product_tag","embeddable":true,"href":"https:\/\/108giahoa.com\/index.php?rest_route=%2Fwp%2Fv2%2Fproduct_tag&post=31392"}],"curies":[{"name":"wp","href":"https:\/\/api.w.org\/{rel}","templated":true}]}}