{"id":31394,"date":"2026-03-23T09:45:39","date_gmt":"2026-03-23T09:45:39","guid":{"rendered":"https:\/\/108giahoa.com\/?post_type=product&#038;p=31394"},"modified":"2026-03-23T09:45:42","modified_gmt":"2026-03-23T09:45:42","slug":"ghe-ngoi-hoc-sinh","status":"publish","type":"product","link":"https:\/\/108giahoa.com\/?product=ghe-ngoi-hoc-sinh","title":{"rendered":"Gh\u1ebf ng\u1ed3i h\u1ecdc sinh"},"content":{"rendered":"<p><strong>Gh\u1ebf ng\u1ed3i h\u1ecdc sinh<\/strong><br \/>\n&#8211; T\u1ea3i tr\u1ecdng t\u1ed1i \u0111a: 120 kg<br \/>\n&#8211; M\u00e0u s\u1eafc : M\u00e0u xanh navy<br \/>\n&#8211; M\u1eb7t gh\u1ebf v\u00e0 l\u01b0ng gh\u1ebf: L\u00e0m t\u1eeb nh\u1ef1a PPGF (Polypropylene + Fiber Glass), \u0111\u1ed9 b\u1ec1n c\u01a1 h\u1ecdc cao, kh\u00f4ng cong v\u00eanh, ch\u1ed1ng bi\u1ebfn d\u1ea1ng. B\u1ec1 m\u1eb7t nh\u00e1m nh\u1eb9, ch\u1ed1ng tr\u1ea7y x\u01b0\u1edbc, ch\u1ed1ng b\u00e1m b\u1ee5i, d\u1ec5 v\u1ec7 sinh. C\u00e1c g\u00f3c \u0111\u01b0\u1ee3c bo tr\u00f2n an to\u00e0n, l\u01b0ng gh\u1ebf t\u00edch h\u1ee3p r\u00e3nh tho\u00e1ng kh\u00ed, t\u1ea1o s\u1ef1 tho\u1ea3i m\u00e1i khi ng\u1ed3i l\u00e2u.<br \/>\n&#8211; Khung gh\u1ebf: Th\u00e9p \u1ed1ng D25 d\u00e0y 1.4 mm, gia c\u00f4ng ch\u00ednh x\u00e1c, h\u00e0n ch\u1eafc ch\u1eafn. S\u01a1n t\u0129nh \u0111i\u1ec7n h\u1ec7 Epoxy ch\u1ed1ng tr\u1ea7y x\u01b0\u1edbc, ch\u1ed1ng g\u1ec9, b\u1ec1n b\u1ec9 trong m\u00f4i tr\u01b0\u1eddng \u1ea9m, m\u00e0u ghi<br \/>\n&#8211; Ch\u00e2n gh\u1ebf: Thi\u1ebft k\u1ebf linh ho\u1ea1t v\u1edbi l\u00f5i t\u1ef1 l\u1ef1a b\u1eb1ng nh\u1ef1a c\u00f3 t\u0103ng c\u1ee9ng b\u1eb1ng l\u00f5i th\u00e9p D8, gi\u00fap t\u1ef1 l\u1ef1a \u0111\u1ec3 c\u00e2n b\u1eb1ng tr\u00ean b\u1ec1 m\u1eb7t s\u00e0n. Ch\u1ea5t li\u1ec7u b\u1eb1ng PVC b\u00e1n c\u1ee9ng, b\u00e1m s\u00e0n t\u1ed1t, gi\u1ea3m ti\u1ebfng \u1ed3n v\u00e0 ch\u1ed1ng tr\u1ea7y s\u00e0n. Ch\u1ee5p \u1ed1ng ch\u00e2n gh\u1ebf b\u1eb1ng nh\u1ef1a \u0111\u1ed3ng m\u00e0u t\u0103ng th\u1ea9m m\u1ef9 v\u00e0 \u0111\u1ed3ng b\u1ed9 thi\u1ebft k\u1ebf.<br \/>\n&#8211; Xu\u1ea5t x\u1ee9: Vi\u1ec7t Nam<br \/>\n&#8211; S\u1ea3n ph\u1ea9m \u0111\u1ea1t ch\u1ee9ng ch\u1ec9 ANSI\/BIFMA X6.1-2018: Educational Seating<\/p>\n","protected":false},"excerpt":{"rendered":"<p>Gh\u1ebf ng\u1ed3i h\u1ecdc sinh &#8211; T\u1ea3i tr\u1ecdng t\u1ed1i \u0111a: 120 kg &#8211; M\u00e0u s\u1eafc : M\u00e0u xanh navy &#8211; M\u1eb7t<\/p>\n","protected":false},"featured_media":31382,"comment_status":"open","ping_status":"closed","template":"","meta":[],"product_brand":[184],"product_cat":[77],"product_tag":[],"class_list":{"0":"post-31394","1":"product","2":"type-product","3":"status-publish","4":"has-post-thumbnail","6":"product_brand-noi-that-phong-stem","7":"product_cat-noi-that-van-phong-truong-hoc","9":"first","10":"instock","11":"shipping-taxable","12":"product-type-simple"},"_links":{"self":[{"href":"https:\/\/108giahoa.com\/index.php?rest_route=\/wp\/v2\/product\/31394","targetHints":{"allow":["GET"]}}],"collection":[{"href":"https:\/\/108giahoa.com\/index.php?rest_route=\/wp\/v2\/product"}],"about":[{"href":"https:\/\/108giahoa.com\/index.php?rest_route=\/wp\/v2\/types\/product"}],"replies":[{"embeddable":true,"href":"https:\/\/108giahoa.com\/index.php?rest_route=%2Fwp%2Fv2%2Fcomments&post=31394"}],"version-history":[{"count":1,"href":"https:\/\/108giahoa.com\/index.php?rest_route=\/wp\/v2\/product\/31394\/revisions"}],"predecessor-version":[{"id":31395,"href":"https:\/\/108giahoa.com\/index.php?rest_route=\/wp\/v2\/product\/31394\/revisions\/31395"}],"wp:featuredmedia":[{"embeddable":true,"href":"https:\/\/108giahoa.com\/index.php?rest_route=\/wp\/v2\/media\/31382"}],"wp:attachment":[{"href":"https:\/\/108giahoa.com\/index.php?rest_route=%2Fwp%2Fv2%2Fmedia&parent=31394"}],"wp:term":[{"taxonomy":"product_brand","embeddable":true,"href":"https:\/\/108giahoa.com\/index.php?rest_route=%2Fwp%2Fv2%2Fproduct_brand&post=31394"},{"taxonomy":"product_cat","embeddable":true,"href":"https:\/\/108giahoa.com\/index.php?rest_route=%2Fwp%2Fv2%2Fproduct_cat&post=31394"},{"taxonomy":"product_tag","embeddable":true,"href":"https:\/\/108giahoa.com\/index.php?rest_route=%2Fwp%2Fv2%2Fproduct_tag&post=31394"}],"curies":[{"name":"wp","href":"https:\/\/api.w.org\/{rel}","templated":true}]}}