{"id":31396,"date":"2026-03-23T09:46:50","date_gmt":"2026-03-23T09:46:50","guid":{"rendered":"https:\/\/108giahoa.com\/?post_type=product&#038;p=31396"},"modified":"2026-03-23T09:46:50","modified_gmt":"2026-03-23T09:46:50","slug":"ban-giao-vien-kem-hoc-tu-di-dong","status":"publish","type":"product","link":"https:\/\/108giahoa.com\/?product=ban-giao-vien-kem-hoc-tu-di-dong","title":{"rendered":"B\u00e0n gi\u00e1o vi\u00ean k\u00e8m h\u1ed9c t\u1ee7 di \u0111\u1ed9ng"},"content":{"rendered":"<p><strong>B\u00e0n gi\u00e1o vi\u00ean k\u00e8m h\u1ed9c t\u1ee7 di \u0111\u1ed9ng<\/strong><br \/>\nK\u00edch th\u01b0\u1edbc t\u1ed5ng th\u1ec3: 1200 x 500 x 750 mm (DxRxC), sai s\u1ed1 \u00b13 mm<br \/>\n&#8211; C\u00f4ng n\u0103ng: B\u00e0n c\u1ed1 \u0111\u1ecbnh chi\u1ec1u cao, t\u00edch h\u1ee3p 2 m\u00f3c treo c\u1eb7p b\u1eb1ng th\u00e9p D5 mm, 2 h\u1ed9c \u0111\u1ec3 \u0111\u1ed3 b\u1eb1ng nh\u1ef1a d\u01b0\u1edbi m\u1eb7t b\u00e0n;<br \/>\n&#8211; M\u1eb7t b\u00e0n: b\u1eb1ng MDF d\u00e0y 25mm + ph\u1ee7 melamine hai l\u1edbp, b\u1ec1 m\u1eb7t ch\u00ednh c\u00f3 l\u1edbp overlay ch\u1ecbu m\u00e0i m\u00f2n cao + c\u1ea1nh \u00e9p phun PP, c\u00f3 r\u00e3nh b\u00fat ch\u00ec, m\u00e0u s\u1eafc vi\u1ec1n : v\u00e2n g\u1ed7 s\u1ed3i tr\u1eafng, c\u1ea1nh: x\u00e1m, ng\u0103n ng\u1eeba n\u01b0\u1edbc v\u00e0 h\u01a1i \u1ea9m x\u00e2m nh\u1eadp v\u00e0o l\u00f5i g\u1ed7.<br \/>\n&#8211; Khung b\u00e0n: Th\u00e9p \u1ed1ng D31.8 x 1.4 mm u\u1ed1n h\u00e0n \u0111\u1ecbnh h\u00ecnh<br \/>\n&#8211; Y\u1ebfm che ph\u00eda tr\u01b0\u1edbc b\u1eb1ng t\u00f4n g\u1ea5p \u0111\u1ed9t l\u1ed7 d\u00e0y 1.0 mm.<br \/>\n&#8211; Ch\u00e2n \u0111\u1ebf: C\u00e1c c\u1ee5m ch\u00e2n \u0111\u1ebf \u0111\u01b0\u1ee3c thi\u1ebft k\u1ebf \u00f4m kh\u00edt v\u1edbi th\u00e2n \u1ed1ng khung ch\u00e2n, ph\u00eda tr\u01b0\u1edbc v\u00e0 sau, ch\u1ea5t li\u1ec7u nh\u1ef1a PP v\u1edbi thi\u1ebft k\u1ebf v\u1eefng ch\u1eafc, ch\u1ed1ng tr\u01b0\u1ee3t, gi\u1ea3m \u1ed3n, b\u1ea3o v\u1ec7 s\u00e0n.<br \/>\n&#8211; S\u01a1n ho\u00e0n thi\u1ec7n: To\u00e0n b\u1ed9 khung v\u00e0 m\u00f3c treo s\u01a1n t\u0129nh \u0111i\u1ec7n Epoxy b\u1ec1n ch\u1eafc, ch\u1ed1ng<br \/>\ng\u1ec9 s\u00e9t, ch\u1ed1ng bong tr\u00f3c. M\u00e3 m\u00e0u s\u01a1n khung ch\u00e2n b\u00e0n: Ghi nh\u0169<br \/>\n&#8211; T\u1ee7 di \u0111\u1ed9ng c\u00e1 nh\u00e2n 2 ng\u0103n k\u00edch th\u01b0\u1edbc : W350 x D480 x H500 mm. Ph\u1ee5 ki\u1ec7n : Kho\u00e1 g\u1eadp, B\u1ea3n l\u1ec1 gi\u1ea3m ch\u1ea5n, B\u00e1nh xe ch\u1ecbu l\u1ef1c, Ray bi 3 l\u1edbp<\/p>\n","protected":false},"excerpt":{"rendered":"<p>B\u00e0n gi\u00e1o vi\u00ean k\u00e8m h\u1ed9c t\u1ee7 di \u0111\u1ed9ng K\u00edch th\u01b0\u1edbc t\u1ed5ng th\u1ec3: 1200 x 500 x 750 mm (DxRxC), sai<\/p>\n","protected":false},"featured_media":31387,"comment_status":"open","ping_status":"closed","template":"","meta":[],"product_brand":[184],"product_cat":[77],"product_tag":[],"class_list":{"0":"post-31396","1":"product","2":"type-product","3":"status-publish","4":"has-post-thumbnail","6":"product_brand-noi-that-phong-stem","7":"product_cat-noi-that-van-phong-truong-hoc","9":"first","10":"instock","11":"shipping-taxable","12":"product-type-simple"},"_links":{"self":[{"href":"https:\/\/108giahoa.com\/index.php?rest_route=\/wp\/v2\/product\/31396","targetHints":{"allow":["GET"]}}],"collection":[{"href":"https:\/\/108giahoa.com\/index.php?rest_route=\/wp\/v2\/product"}],"about":[{"href":"https:\/\/108giahoa.com\/index.php?rest_route=\/wp\/v2\/types\/product"}],"replies":[{"embeddable":true,"href":"https:\/\/108giahoa.com\/index.php?rest_route=%2Fwp%2Fv2%2Fcomments&post=31396"}],"version-history":[{"count":1,"href":"https:\/\/108giahoa.com\/index.php?rest_route=\/wp\/v2\/product\/31396\/revisions"}],"predecessor-version":[{"id":31397,"href":"https:\/\/108giahoa.com\/index.php?rest_route=\/wp\/v2\/product\/31396\/revisions\/31397"}],"wp:featuredmedia":[{"embeddable":true,"href":"https:\/\/108giahoa.com\/index.php?rest_route=\/wp\/v2\/media\/31387"}],"wp:attachment":[{"href":"https:\/\/108giahoa.com\/index.php?rest_route=%2Fwp%2Fv2%2Fmedia&parent=31396"}],"wp:term":[{"taxonomy":"product_brand","embeddable":true,"href":"https:\/\/108giahoa.com\/index.php?rest_route=%2Fwp%2Fv2%2Fproduct_brand&post=31396"},{"taxonomy":"product_cat","embeddable":true,"href":"https:\/\/108giahoa.com\/index.php?rest_route=%2Fwp%2Fv2%2Fproduct_cat&post=31396"},{"taxonomy":"product_tag","embeddable":true,"href":"https:\/\/108giahoa.com\/index.php?rest_route=%2Fwp%2Fv2%2Fproduct_tag&post=31396"}],"curies":[{"name":"wp","href":"https:\/\/api.w.org\/{rel}","templated":true}]}}