{"id":31398,"date":"2026-03-23T09:47:43","date_gmt":"2026-03-23T09:47:43","guid":{"rendered":"https:\/\/108giahoa.com\/?post_type=product&#038;p=31398"},"modified":"2026-03-23T09:47:43","modified_gmt":"2026-03-23T09:47:43","slug":"ban-stem-activity-gap-gon-robotics","status":"publish","type":"product","link":"https:\/\/108giahoa.com\/?product=ban-stem-activity-gap-gon-robotics","title":{"rendered":"B\u00c0N STEM ACTIVITY G\u1eacP G\u1eccN &#8211; ROBOTICS"},"content":{"rendered":"<p><strong>B\u00c0N STEM ACTIVITY G\u1eacP G\u1eccN &#8211; ROBOTICS<\/strong><br \/>\n&#8211; B\u00e0n STEM thi\u1ebft k\u1ebf l\u1eadt g\u1ea5p g\u1ecdn, gi\u00fap t\u1ed1i \u01b0u kh\u00f4ng gian v\u00e0 linh ho\u1ea1t trong b\u1ed1 tr\u00ed ph\u00f2ng h\u1ecdc.<br \/>\n&#8211; K\u1ebft c\u1ea5u khung th\u00e9p s\u01a1n t\u0129nh \u0111i\u1ec7n ch\u1eafc ch\u1eafn, m\u1eb7t b\u00e0n phenolic ch\u1ed1ng m\u00e0i m\u00f2n c\u00f3 g\u1edd ch\u1eafn an to\u00e0n khi thao t\u00e1c.<br \/>\n&#8211; Trang b\u1ecb h\u1ec7 b\u00e1nh xe ch\u1ecbu t\u1ea3i l\u1edbn, d\u1ec5 d\u00e0ng di chuy\u1ec3n, ph\u00f9 h\u1ee3p cho ph\u00f2ng STEM, Makerspace v\u00e0 kh\u00f4ng gian h\u1ecdc linh ho\u1ea1t.<br \/>\n&#8211; K\u00edch th\u01b0\u1edbc: 900 \u00d7 1700 \u00d7 900 mm<\/p>\n","protected":false},"excerpt":{"rendered":"<p>B\u00c0N STEM ACTIVITY G\u1eacP G\u1eccN &#8211; ROBOTICS &#8211; B\u00e0n STEM thi\u1ebft k\u1ebf l\u1eadt g\u1ea5p g\u1ecdn, gi\u00fap t\u1ed1i \u01b0u kh\u00f4ng gian<\/p>\n","protected":false},"featured_media":31383,"comment_status":"open","ping_status":"closed","template":"","meta":[],"product_brand":[184],"product_cat":[77],"product_tag":[],"class_list":{"0":"post-31398","1":"product","2":"type-product","3":"status-publish","4":"has-post-thumbnail","6":"product_brand-noi-that-phong-stem","7":"product_cat-noi-that-van-phong-truong-hoc","9":"first","10":"instock","11":"shipping-taxable","12":"product-type-simple"},"_links":{"self":[{"href":"https:\/\/108giahoa.com\/index.php?rest_route=\/wp\/v2\/product\/31398","targetHints":{"allow":["GET"]}}],"collection":[{"href":"https:\/\/108giahoa.com\/index.php?rest_route=\/wp\/v2\/product"}],"about":[{"href":"https:\/\/108giahoa.com\/index.php?rest_route=\/wp\/v2\/types\/product"}],"replies":[{"embeddable":true,"href":"https:\/\/108giahoa.com\/index.php?rest_route=%2Fwp%2Fv2%2Fcomments&post=31398"}],"version-history":[{"count":1,"href":"https:\/\/108giahoa.com\/index.php?rest_route=\/wp\/v2\/product\/31398\/revisions"}],"predecessor-version":[{"id":31399,"href":"https:\/\/108giahoa.com\/index.php?rest_route=\/wp\/v2\/product\/31398\/revisions\/31399"}],"wp:featuredmedia":[{"embeddable":true,"href":"https:\/\/108giahoa.com\/index.php?rest_route=\/wp\/v2\/media\/31383"}],"wp:attachment":[{"href":"https:\/\/108giahoa.com\/index.php?rest_route=%2Fwp%2Fv2%2Fmedia&parent=31398"}],"wp:term":[{"taxonomy":"product_brand","embeddable":true,"href":"https:\/\/108giahoa.com\/index.php?rest_route=%2Fwp%2Fv2%2Fproduct_brand&post=31398"},{"taxonomy":"product_cat","embeddable":true,"href":"https:\/\/108giahoa.com\/index.php?rest_route=%2Fwp%2Fv2%2Fproduct_cat&post=31398"},{"taxonomy":"product_tag","embeddable":true,"href":"https:\/\/108giahoa.com\/index.php?rest_route=%2Fwp%2Fv2%2Fproduct_tag&post=31398"}],"curies":[{"name":"wp","href":"https:\/\/api.w.org\/{rel}","templated":true}]}}