{"id":31403,"date":"2026-03-23T09:49:43","date_gmt":"2026-03-23T09:49:43","guid":{"rendered":"https:\/\/108giahoa.com\/?post_type=product&#038;p=31403"},"modified":"2026-03-23T09:49:43","modified_gmt":"2026-03-23T09:49:43","slug":"tu-dat-stem-3d","status":"publish","type":"product","link":"https:\/\/108giahoa.com\/?product=tu-dat-stem-3d","title":{"rendered":"T\u1ee6 \u0110\u1eb6T STEM 3D"},"content":{"rendered":"<p><strong>T\u1ee6 \u0110\u1eb6T STEM 3D<\/strong><br \/>\n&#8211; \u0110\u01b0\u1ee3c thi\u1ebft k\u1ebf gi\u00e0nh ri\u00eang cho m\u00e1y in 3D. C\u00f3 H\u1ed9c \u0111\u1ec3 ph\u1ee5 ki\u1ec7n \u0111i k\u00e8m, b\u00e1nh xe di chuy\u1ec3n d\u1ec5 d\u00e0ng tr\u00ean m\u1ecdi \u0111\u1ecba h\u00ecnh.<br \/>\n&#8211; K\u00edch th\u01b0\u1edbc: 500x1010x740mm.<br \/>\n&#8211; K\u00edch th\u01b0\u1edbc c\u1ee7a H\u1ed9c \u0111i k\u00e8m c\u00f3 th\u1ec3 l\u1ef1a ch\u1ecdn:<br \/>\n+) H\u1ed9c 01: 400x300x100mm.<br \/>\n+) H\u1ed9c 02: 400x300x150mm.<br \/>\n+) H\u1ed9c 03: 400x300x200mm.<\/p>\n","protected":false},"excerpt":{"rendered":"<p>T\u1ee6 \u0110\u1eb6T STEM 3D &#8211; \u0110\u01b0\u1ee3c thi\u1ebft k\u1ebf gi\u00e0nh ri\u00eang cho m\u00e1y in 3D. C\u00f3 H\u1ed9c \u0111\u1ec3 ph\u1ee5 ki\u1ec7n \u0111i<\/p>\n","protected":false},"featured_media":31385,"comment_status":"open","ping_status":"closed","template":"","meta":[],"product_brand":[184],"product_cat":[77],"product_tag":[],"class_list":{"0":"post-31403","1":"product","2":"type-product","3":"status-publish","4":"has-post-thumbnail","6":"product_brand-noi-that-phong-stem","7":"product_cat-noi-that-van-phong-truong-hoc","9":"first","10":"instock","11":"shipping-taxable","12":"product-type-simple"},"_links":{"self":[{"href":"https:\/\/108giahoa.com\/index.php?rest_route=\/wp\/v2\/product\/31403","targetHints":{"allow":["GET"]}}],"collection":[{"href":"https:\/\/108giahoa.com\/index.php?rest_route=\/wp\/v2\/product"}],"about":[{"href":"https:\/\/108giahoa.com\/index.php?rest_route=\/wp\/v2\/types\/product"}],"replies":[{"embeddable":true,"href":"https:\/\/108giahoa.com\/index.php?rest_route=%2Fwp%2Fv2%2Fcomments&post=31403"}],"version-history":[{"count":1,"href":"https:\/\/108giahoa.com\/index.php?rest_route=\/wp\/v2\/product\/31403\/revisions"}],"predecessor-version":[{"id":31404,"href":"https:\/\/108giahoa.com\/index.php?rest_route=\/wp\/v2\/product\/31403\/revisions\/31404"}],"wp:featuredmedia":[{"embeddable":true,"href":"https:\/\/108giahoa.com\/index.php?rest_route=\/wp\/v2\/media\/31385"}],"wp:attachment":[{"href":"https:\/\/108giahoa.com\/index.php?rest_route=%2Fwp%2Fv2%2Fmedia&parent=31403"}],"wp:term":[{"taxonomy":"product_brand","embeddable":true,"href":"https:\/\/108giahoa.com\/index.php?rest_route=%2Fwp%2Fv2%2Fproduct_brand&post=31403"},{"taxonomy":"product_cat","embeddable":true,"href":"https:\/\/108giahoa.com\/index.php?rest_route=%2Fwp%2Fv2%2Fproduct_cat&post=31403"},{"taxonomy":"product_tag","embeddable":true,"href":"https:\/\/108giahoa.com\/index.php?rest_route=%2Fwp%2Fv2%2Fproduct_tag&post=31403"}],"curies":[{"name":"wp","href":"https:\/\/api.w.org\/{rel}","templated":true}]}}