{"id":31405,"date":"2026-03-23T09:50:32","date_gmt":"2026-03-23T09:50:32","guid":{"rendered":"https:\/\/108giahoa.com\/?post_type=product&#038;p=31405"},"modified":"2026-03-23T09:50:33","modified_gmt":"2026-03-23T09:50:33","slug":"gia-dung-cu-steam-storage-12","status":"publish","type":"product","link":"https:\/\/108giahoa.com\/?product=gia-dung-cu-steam-storage-12","title":{"rendered":"GI\u00c1 D\u1ee4NG C\u1ee4 STEAM STORAGE 12"},"content":{"rendered":"<p><strong>GI\u00c1 D\u1ee4NG C\u1ee4 STEAM STORAGE 12<\/strong><br \/>\nThi\u1ebft k\u1ebf 12 h\u1ed9c nh\u1ef1a v\u00e0 1 b\u1ea3ng treo d\u1ee5ng c\u1ee5<br \/>\n&#8211; D\u1ec5 d\u00e0ng th\u00e1o l\u1eafp, thu\u1eadn ti\u1ec7n cho vi\u1ec7c di chuy\u1ec3n.<br \/>\n&#8211; 4 b\u00e1nh xe ,ch\u1ecbu t\u1ea3i cao<br \/>\nChi ti\u1ebft<br \/>\n&#8211; S\u1eaft h\u1ed9p 20x20x1.4mm s\u01a1n t\u0129nh \u0111i\u1ec7n m\u00e0u ghi b\u1ea1c<br \/>\n&#8211; T\u00f4n d\u00e0y 1.2mm \u0111\u1ee5c l\u1ed7 \u00d85 \u0111\u1ec3 c\u00e0i m\u00f3c treo<br \/>\n&#8211; M\u1eb7t g\u1ed7 c\u00f4ng nghi\u1ec7p MDF d\u00e0y 17mm 2 m\u1eb7t ph\u1ee7 melamin<br \/>\n&#8211; 3 h\u1ed9c nh\u1ef1a PP nguy\u00ean sinh 300x400x100mm<br \/>\n&#8211; 3 h\u1ed9c nh\u1ef1a PP nguy\u00ean sinh 300x400x150mm<br \/>\n&#8211; 3 h\u1ed9c nh\u1ef1a PP nguy\u00ean sinh 300x400x200mm<br \/>\n&#8211; 4 B\u00e1nh xe ch\u1ecbu t\u1ea1i tr\u1ecdng 250kg ( 2 b\u00e1nh k h\u00e3m &#8211; 2 b\u00e1nh xe c\u00f3 h\u00e3m)<\/p>\n","protected":false},"excerpt":{"rendered":"<p>GI\u00c1 D\u1ee4NG C\u1ee4 STEAM STORAGE 12 Thi\u1ebft k\u1ebf 12 h\u1ed9c nh\u1ef1a v\u00e0 1 b\u1ea3ng treo d\u1ee5ng c\u1ee5 &#8211; D\u1ec5 d\u00e0ng<\/p>\n","protected":false},"featured_media":31388,"comment_status":"open","ping_status":"closed","template":"","meta":[],"product_brand":[184],"product_cat":[77],"product_tag":[],"class_list":{"0":"post-31405","1":"product","2":"type-product","3":"status-publish","4":"has-post-thumbnail","6":"product_brand-noi-that-phong-stem","7":"product_cat-noi-that-van-phong-truong-hoc","9":"first","10":"instock","11":"shipping-taxable","12":"product-type-simple"},"_links":{"self":[{"href":"https:\/\/108giahoa.com\/index.php?rest_route=\/wp\/v2\/product\/31405","targetHints":{"allow":["GET"]}}],"collection":[{"href":"https:\/\/108giahoa.com\/index.php?rest_route=\/wp\/v2\/product"}],"about":[{"href":"https:\/\/108giahoa.com\/index.php?rest_route=\/wp\/v2\/types\/product"}],"replies":[{"embeddable":true,"href":"https:\/\/108giahoa.com\/index.php?rest_route=%2Fwp%2Fv2%2Fcomments&post=31405"}],"version-history":[{"count":1,"href":"https:\/\/108giahoa.com\/index.php?rest_route=\/wp\/v2\/product\/31405\/revisions"}],"predecessor-version":[{"id":31406,"href":"https:\/\/108giahoa.com\/index.php?rest_route=\/wp\/v2\/product\/31405\/revisions\/31406"}],"wp:featuredmedia":[{"embeddable":true,"href":"https:\/\/108giahoa.com\/index.php?rest_route=\/wp\/v2\/media\/31388"}],"wp:attachment":[{"href":"https:\/\/108giahoa.com\/index.php?rest_route=%2Fwp%2Fv2%2Fmedia&parent=31405"}],"wp:term":[{"taxonomy":"product_brand","embeddable":true,"href":"https:\/\/108giahoa.com\/index.php?rest_route=%2Fwp%2Fv2%2Fproduct_brand&post=31405"},{"taxonomy":"product_cat","embeddable":true,"href":"https:\/\/108giahoa.com\/index.php?rest_route=%2Fwp%2Fv2%2Fproduct_cat&post=31405"},{"taxonomy":"product_tag","embeddable":true,"href":"https:\/\/108giahoa.com\/index.php?rest_route=%2Fwp%2Fv2%2Fproduct_tag&post=31405"}],"curies":[{"name":"wp","href":"https:\/\/api.w.org\/{rel}","templated":true}]}}