{"id":31409,"date":"2026-03-23T09:52:32","date_gmt":"2026-03-23T09:52:32","guid":{"rendered":"https:\/\/108giahoa.com\/?post_type=product&#038;p=31409"},"modified":"2026-03-23T09:52:33","modified_gmt":"2026-03-23T09:52:33","slug":"he-bang-truot-ngang-nguyen-khoi-mositech-ss03","status":"publish","type":"product","link":"https:\/\/108giahoa.com\/?product=he-bang-truot-ngang-nguyen-khoi-mositech-ss03","title":{"rendered":"H\u1ec7 b\u1ea3ng tr\u01b0\u1ee3t ngang nguy\u00ean kh\u1ed1i Mositech SS03"},"content":{"rendered":"<p><strong>H\u1ec7 b\u1ea3ng tr\u01b0\u1ee3t ngang nguy\u00ean kh\u1ed1i Mositech SS03<\/strong> d\u00e0i 4m l\u1eafp v\u1eeba m\u00e0n h\u00ecnh 85in tr\u1edf xu\u1ed1ng<br \/>\nH\u1ec7 th\u1ed1ng tr\u01b0\u1ee3t g\u1ed3m 2 thanh ray: 1 ray tr\u00ean v\u00e0 1 ray d\u01b0\u1edbi \u0111\u01b0\u1ee3c l\u00e0m b\u1eb1ng h\u1ee3p kim nh\u00f4m \u0111\u00fac nguy\u00ean kh\u1ed1i d\u00e0y 1mm \u0111\u01b0\u1ee3c s\u01a1n t\u0129nh \u0111i\u1ec7n s\u1ea7n m\u00e0u ghi x\u00e1m v\u1eefng tr\u00e3i, ch\u1ed1ng x\u01b0\u1edbc, ch\u1ed1ng oxy h\u00f3a, si\u00eau b\u1ec1n, ki\u1ec3u d\u00e1ng H\u00e0n Qu\u1ed1c hi\u1ec7n \u0111\u1ea1i. K\u00edch th\u01b0\u1edbc t\u1ed5ng th\u1ec3 khung nh\u00f4m: 39.6 x26.4 x1mm. Chi\u1ec1u d\u00e0y t\u1ed5ng th\u1ec3 s\u1ea3n ph\u1ea9m 70mm, g\u1ed3m 2 l\u1edbp b\u1ea3ng :<br \/>\n+ L\u1edbp 1 g\u1ed3m: 2 b\u1ea3ng t\u1eeb H\u00e0n Qu\u1ed1c xanh c\u00f3 d\u00f2ng k\u1ebb m\u1edd 5x5cm ( tr\u00ean m\u1eb7t b\u1ea3ng c\u00f3 ch\u1eef in ch\u00ecm Dongkuk &#8211; Korea) k\u00edch th\u01b0\u1edbc 100x1200mm g\u1eafn c\u1ed1 \u0111\u1ecbnh 2 \u0111\u1ea7u ray tr\u01b0\u1ee3t. Khung nh\u00f4m b\u1ea3ng k\u00edch th\u01b0\u1edbc 39.6&#215;26.4x1mm.<br \/>\n+ L\u1edbp 2 g\u1ed3m: 2 b\u1ea3ng t\u1eeb H\u00e0n Qu\u1ed1c xanh c\u00f3 d\u00f2ng k\u1ebb m\u1edd 5x5cm ( tr\u00ean m\u1eb7t b\u1ea3ng c\u00f3 ch\u1eef in ch\u00ecm Dongkuk &#8211; Korea) k\u00edch th\u01b0\u1edbc 1000x1200mm tr\u01b0\u1ee3t tr\u00ean ray. Khung nh\u00f4m b\u1ea3ng s\u01a1n t\u0129nh \u0111i\u1ec7n s\u1ea7n ch\u1ed1ng x\u01b0\u1edbc m\u00e0u ghi x\u00e1m k\u00edch th\u01b0\u1edbc 31.9&#215;26.4x1mm.<br \/>\nM\u1eb7t b\u1ea3ng b\u1eb1ng th\u00e9p ch\u1ed1ng l\u00f3a \u0111\u00e1p \u1ee9ng ti\u00eau chu\u1ea9n JISG3312 CGCC \u0111\u01b0\u1ee3c ki\u1ec3m nghi\u1ec7m theo TCVN 6238-3:2011 &amp; US EPA Method 6020A v\u00e0 TCVN 6238-10:2010 &amp; TCVN 6238-10:2010 trong \u0111\u00f3 \u0111\u00e1p \u1ee9ng y\u00eau c\u1ea7u: kh\u00f4ng ph\u00e1t hi\u1ec7n th\u00f4i nhi\u1ec5m Cd, Pb. Hg, As v\u00e0 h\u00e0m l\u01b0\u1ee3ng Amin th\u01a1m, d\u1ea7y 0,3mm m\u00e0u xanh kh\u00f4ng lo\u00e1, d\u1ec5 vi\u1ebft, d\u1ec5 xo\u00e1 c\u00f3 \u0111\u1ed9 b\u1ec1n s\u1eed d\u1ee5ng l\u00e2u d\u00e0i. B\u1ec1 m\u1eb7t b\u1ea3ng \u0111\u01b0\u1ee3c b\u1ea3o v\u1ec7 b\u1eb1ng l\u1edbp m\u00e0ng m\u1ecfng Polime \u0111\u1ec3 tr\u00e1nh b\u1ecb x\u00e2y x\u01b0\u1edbc khi v\u1eadn chuy\u1ec3n v\u00e0 l\u1eafp \u0111\u1eb7t.<br \/>\nH\u1eadu b\u1ea3ng nguy\u00ean t\u1ea5m d\u00e0y 20mm b\u1eb1ng nh\u1ef1a RIGID PVC k\u1ebft c\u1ea5u d\u1ea1ng t\u1ed5 ong \u0111\u01b0\u1ee3c ki\u1ec3m nghi\u1ec7m theo ti\u00eau chu\u1ea9n ASTM D 570 &#8211; 22, ASTM E 575-05 v\u00e0 IEC 62262: 2002 ch\u1ee9ng minh kh\u1ea3 n\u0103ng ch\u1ecbu n\u01b0\u1edbc, ch\u1ecbu \u0111\u01b0\u1ee3c axit, ch\u1ecbu \u0111\u01b0\u1ee3c ki\u1ec1m, ch\u1ecbu \u0111\u01b0\u1ee3c va \u0111\u1eadp<br \/>\nG\u00f3c b\u1ecbt v\u00e0 khay \u0111\u1ef1ng ph\u1ea5n b\u1eb1ng nh\u1ef1a \u0111\u1ed3ng m\u00e0u v\u1edbi khung ch\u1ed1ng s\u1eafc nh\u1ecdn v\u00e0 th\u1ea9m m\u0129<br \/>\nB\u00e1nh xe \u0111\u00f4i m\u00e0u cam chuy\u00ean d\u1ee5ng \u0111\u01b0\u1ee3c \u0111\u00fac t\u1eeb nh\u1ef1a PA nguy\u00ean kh\u1ed1i ch\u1ecbu m\u00e0i m\u00f2n.<br \/>\nKho\u1ea3ng gi\u1eefa hai b\u1ea3ng c\u1ed1 \u0111\u1ecbnh, khung nh\u00f4m s\u1ebd \u0111\u01b0\u1ee3c gia c\u01b0\u1eddng b\u1eb1ng c\u00e1c thanh th\u00e9p h\u1ed9p 20*20 c\u00f3 s\u01a1n t\u0129nh \u0111i\u1ec7n \u0111\u1ed3ng m\u00e0u v\u00e0 \u0111\u01b0\u1ee3c b\u1eaft v\u00edt v\u1edbi khung nh\u00f4m t\u0103ng c\u1ee9ng cho c\u1ea5u t\u1ea1o c\u1ee7a khung ray tr\u01b0\u1ee3t. tr\u00e1nh nh\u1eefng b\u1ee5i b\u1ea9n r\u01a1i trong r\u00e3nh nh\u00f4m v\u00e0 \u0111\u1ea3m b\u1ea3o th\u1ea9m m\u1ef9 cho to\u00e0n b\u1ed9 h\u1ec7 b\u1ea3ng.<br \/>\nTr\u00ean hai \u0111\u1ea7u thanh ray tr\u01b0\u1ee3t tr\u00ean d\u01b0\u1edbi \u0111\u1ec1u c\u00f3 l\u1eafp 2 l\u1edbp con ch\u1eb7n gi\u1edbi h\u1ea1n b\u1eb1ng nh\u1ef1a d\u1ebbo c\u00f3 kh\u1ea3 n\u0103g h\u1ea5p th\u1ee5 l\u1ef1c khi va ch\u1ea1m v\u1edbi c\u1ee5m b\u00e1nh xe , \u0111\u1ea3m b\u1ea3o \u0111\u1ed9 b\u1ec1n, an to\u00e0n khi v\u1eadn h\u00e0nh. Con ch\u1eb7n c\u00f2n \u0111\u01b0\u1ee3c l\u1eafp tr\u00ean thanh ray tr\u01b0\u1ee3t t\u1ea1i v\u1ecb tr\u00ed \u0111\u1ecbnh v\u1ecb cho t\u1ea5m b\u1ea3ng tr\u01b0\u1ee3t s\u1ebd \u0111\u01b0\u1ee3c \u0111\u01b0a v\u00e0o ch\u00ednh gi\u1eefa h\u1ec7 b\u1ea3ng v\u00e0 tr\u00e1nh hai t\u1ea5m b\u1ea3ng tr\u01b0\u1ee3t va ch\u1ea1m tr\u1ef1c ti\u1ebfp v\u00e0o nhau khi s\u1eed d\u1ee5ng<br \/>\nCon s\u01a1n chuy\u00ean d\u1ee5ng treo b\u1ea3ng \u0111\u01b0\u1ee3c \u0111\u00fac b\u1eb1ng th\u00e9p ch\u1ebf t\u1ea1o m\u1ea1 k\u1ebdm nh\u00fang n\u00f3ng ch\u1ed1ng r\u1ec9 c\u00f3 th\u1ec3 t\u0103ng ch\u1ec9nh \u0111\u1ed9 d\u00e0i th\u00edch h\u1ee3p v\u1edbi m\u1ecdi lo\u1ea1i m\u00e0n h\u00ecnh<br \/>\nC\u00f3 kh\u00f3a ch\u1ed1t \u0111\u1ecbnh v\u1ecb b\u1ea3ng v\u00e0 v\u1ea3o v\u1ec7 m\u00e0n h\u00ecnh b\u00ean trong<br \/>\nB\u1ea3ng \u0111\u01b0\u1ee3c s\u1ea3n xu\u1ea5t v\u00e0 ki\u1ec3m so\u00e1t ch\u1ea5t l\u01b0\u1ee3ng theo ti\u00eau chu\u1ea9n ISO 9001:2015, ISO 14001:2015 v\u00e0 ISO 45001: 2018 ho\u1eb7c t\u01b0\u01a1ng \u0111\u01b0\u01a1ng<br \/>\nS\u1ea3n ph\u1ea9m \u0111\u01b0\u1ee3c c\u1ee5c s\u1edf h\u1eefu tr\u00ed tu\u1ec7 thu\u1ed9c b\u1ed9 khoa h\u1ecdc v\u00e0 c\u00f4ng ngh\u1ec7 c\u1ea5p ch\u1ee9ng nh\u1eadn v\u1ec1 gi\u1ea3i ph\u00e1p h\u1eefu \u00edch ho\u1eb7c t\u01b0\u01a1ng \u0111\u01b0\u01a1ng<\/p>\n","protected":false},"excerpt":{"rendered":"<p>H\u1ec7 b\u1ea3ng tr\u01b0\u1ee3t ngang nguy\u00ean kh\u1ed1i Mositech SS03 d\u00e0i 4m l\u1eafp v\u1eeba m\u00e0n h\u00ecnh 85in tr\u1edf xu\u1ed1ng H\u1ec7 th\u1ed1ng tr\u01b0\u1ee3t<\/p>\n","protected":false},"featured_media":31381,"comment_status":"open","ping_status":"closed","template":"","meta":[],"product_brand":[184],"product_cat":[77],"product_tag":[],"class_list":{"0":"post-31409","1":"product","2":"type-product","3":"status-publish","4":"has-post-thumbnail","6":"product_brand-noi-that-phong-stem","7":"product_cat-noi-that-van-phong-truong-hoc","9":"first","10":"instock","11":"shipping-taxable","12":"product-type-simple"},"_links":{"self":[{"href":"https:\/\/108giahoa.com\/index.php?rest_route=\/wp\/v2\/product\/31409","targetHints":{"allow":["GET"]}}],"collection":[{"href":"https:\/\/108giahoa.com\/index.php?rest_route=\/wp\/v2\/product"}],"about":[{"href":"https:\/\/108giahoa.com\/index.php?rest_route=\/wp\/v2\/types\/product"}],"replies":[{"embeddable":true,"href":"https:\/\/108giahoa.com\/index.php?rest_route=%2Fwp%2Fv2%2Fcomments&post=31409"}],"version-history":[{"count":1,"href":"https:\/\/108giahoa.com\/index.php?rest_route=\/wp\/v2\/product\/31409\/revisions"}],"predecessor-version":[{"id":31410,"href":"https:\/\/108giahoa.com\/index.php?rest_route=\/wp\/v2\/product\/31409\/revisions\/31410"}],"wp:featuredmedia":[{"embeddable":true,"href":"https:\/\/108giahoa.com\/index.php?rest_route=\/wp\/v2\/media\/31381"}],"wp:attachment":[{"href":"https:\/\/108giahoa.com\/index.php?rest_route=%2Fwp%2Fv2%2Fmedia&parent=31409"}],"wp:term":[{"taxonomy":"product_brand","embeddable":true,"href":"https:\/\/108giahoa.com\/index.php?rest_route=%2Fwp%2Fv2%2Fproduct_brand&post=31409"},{"taxonomy":"product_cat","embeddable":true,"href":"https:\/\/108giahoa.com\/index.php?rest_route=%2Fwp%2Fv2%2Fproduct_cat&post=31409"},{"taxonomy":"product_tag","embeddable":true,"href":"https:\/\/108giahoa.com\/index.php?rest_route=%2Fwp%2Fv2%2Fproduct_tag&post=31409"}],"curies":[{"name":"wp","href":"https:\/\/api.w.org\/{rel}","templated":true}]}}