{"id":31411,"date":"2026-03-23T09:53:23","date_gmt":"2026-03-23T09:53:23","guid":{"rendered":"https:\/\/108giahoa.com\/?post_type=product&#038;p=31411"},"modified":"2026-03-23T09:53:23","modified_gmt":"2026-03-23T09:53:23","slug":"tu-trung-bay","status":"publish","type":"product","link":"https:\/\/108giahoa.com\/?product=tu-trung-bay","title":{"rendered":"T\u1ee7 tr\u01b0ng b\u00e0y"},"content":{"rendered":"<p><strong>T\u1ee7 tr\u01b0ng b\u00e0y<\/strong><br \/>\nCh\u1ea5t li\u1ec7u: G\u1ed7 MDF ch\u1ed1ng \u1ea9m 17mm, ph\u1ee7 melamine, ti\u00eau chu\u1ea9n E1<br \/>\n&#8211; Dung sai \u0110\u1ed9 d\u00e0y (Thickness): \u00b1 0.3 mm<br \/>\n&#8211; Dung sai chi\u1ec1u d\u00e0i, r\u1ed9ng (Length &amp; Width Tolerance): 1220 \u00d7 2440 mm \u00b1 5.0 mm<br \/>\n&#8211; T\u1ef7 tr\u1ecdng (Density): 670-720 kg\/m\u00b3<br \/>\n&#8211; \u0110\u1ed9 b\u1ec1n u\u1ed1n (MOR \u2013 Modulus of Rupture): 24.0 N\/mm\u00b2<br \/>\n&#8211; M\u00f4 \u0111un \u0111\u00e0n h\u1ed3i (MOE \u2013 Modulus of Elasticity): 2400 N\/mm\u00b2<br \/>\n&#8211; Li\u00ean k\u1ebft n\u1ed9i (IB \u2013 Internal Bond): 0.75 N\/mm\u00b2<br \/>\n&#8211; H\u00e0m l\u01b0\u1ee3ng \u1ea9m (Moisture Content): 4.0 \u2013 11.0 %<br \/>\n&#8211; \u0110\u1ed9 tr\u01b0\u01a1ng n\u1edf (Swelling 24h): 8 %<br \/>\n&#8211; H\u00e0m l\u01b0\u1ee3ng formaldehyde: \u2264 8 mg\/100g v\u00e1n.<br \/>\n( k\u00edch th\u01b0\u1edbc t\u1ea1m t\u00ednh theo thi\u1ebft k\u1ebf \u0111\u1ec1 xu\u1ea5t)<\/p>\n","protected":false},"excerpt":{"rendered":"<p>T\u1ee7 tr\u01b0ng b\u00e0y Ch\u1ea5t li\u1ec7u: G\u1ed7 MDF ch\u1ed1ng \u1ea9m 17mm, ph\u1ee7 melamine, ti\u00eau chu\u1ea9n E1 &#8211; Dung sai \u0110\u1ed9 d\u00e0y<\/p>\n","protected":false},"featured_media":31379,"comment_status":"open","ping_status":"closed","template":"","meta":[],"product_brand":[184],"product_cat":[77],"product_tag":[],"class_list":{"0":"post-31411","1":"product","2":"type-product","3":"status-publish","4":"has-post-thumbnail","6":"product_brand-noi-that-phong-stem","7":"product_cat-noi-that-van-phong-truong-hoc","9":"first","10":"instock","11":"shipping-taxable","12":"product-type-simple"},"_links":{"self":[{"href":"https:\/\/108giahoa.com\/index.php?rest_route=\/wp\/v2\/product\/31411","targetHints":{"allow":["GET"]}}],"collection":[{"href":"https:\/\/108giahoa.com\/index.php?rest_route=\/wp\/v2\/product"}],"about":[{"href":"https:\/\/108giahoa.com\/index.php?rest_route=\/wp\/v2\/types\/product"}],"replies":[{"embeddable":true,"href":"https:\/\/108giahoa.com\/index.php?rest_route=%2Fwp%2Fv2%2Fcomments&post=31411"}],"version-history":[{"count":1,"href":"https:\/\/108giahoa.com\/index.php?rest_route=\/wp\/v2\/product\/31411\/revisions"}],"predecessor-version":[{"id":31412,"href":"https:\/\/108giahoa.com\/index.php?rest_route=\/wp\/v2\/product\/31411\/revisions\/31412"}],"wp:featuredmedia":[{"embeddable":true,"href":"https:\/\/108giahoa.com\/index.php?rest_route=\/wp\/v2\/media\/31379"}],"wp:attachment":[{"href":"https:\/\/108giahoa.com\/index.php?rest_route=%2Fwp%2Fv2%2Fmedia&parent=31411"}],"wp:term":[{"taxonomy":"product_brand","embeddable":true,"href":"https:\/\/108giahoa.com\/index.php?rest_route=%2Fwp%2Fv2%2Fproduct_brand&post=31411"},{"taxonomy":"product_cat","embeddable":true,"href":"https:\/\/108giahoa.com\/index.php?rest_route=%2Fwp%2Fv2%2Fproduct_cat&post=31411"},{"taxonomy":"product_tag","embeddable":true,"href":"https:\/\/108giahoa.com\/index.php?rest_route=%2Fwp%2Fv2%2Fproduct_tag&post=31411"}],"curies":[{"name":"wp","href":"https:\/\/api.w.org\/{rel}","templated":true}]}}