{"id":31413,"date":"2026-03-24T01:15:01","date_gmt":"2026-03-24T01:15:01","guid":{"rendered":"https:\/\/108giahoa.com\/?post_type=product&#038;p=31413"},"modified":"2026-03-24T01:15:03","modified_gmt":"2026-03-24T01:15:03","slug":"tu-tai-lieu-at1960-3k","status":"publish","type":"product","link":"https:\/\/108giahoa.com\/?product=tu-tai-lieu-at1960-3k","title":{"rendered":"T\u1ee7 t\u00e0i li\u1ec7u AT1960-3K"},"content":{"rendered":"<p><a href=\"https:\/\/theonecantho.vn\/tu-tai-lieu-go-athena-at1960-3k\" target=\"_blank\" rel=\"noopener noreferrer\">T\u1ee7 t\u00e0i li\u1ec7u g\u1ed7 ATHENA AT1960-3K<\/a>\u00a0l\u00e0 m\u1eabu\u00a0<a href=\"https:\/\/theonecantho.vn\/tu-ho-so-go\" target=\"_blank\" rel=\"noopener noreferrer\">t\u1ee7 h\u1ed3 s\u01a1 g\u1ed7<\/a>\u00a03 khoang, ch\u1ea5t li\u1ec7u g\u1ed7 c\u00f4ng nghi\u1ec7p ph\u1ee7 melamine, b\u00ean tr\u00ean g\u1ed3m 3 khoang khung c\u00e1nh k\u00ednh c\u00f3 kh\u00f3a, trong c\u00f3 2 \u0111\u1ee3t di \u0111\u1ed9ng.<\/p>\n<p>K\u00edch Th\u01b0\u1edbc: W1200 x D400 x H1960 mm (Dung sai k\u00edch th\u01b0\u1edbc: \u00b1 5mm)<\/p>\n<p>(<i>L\u01b0u \u00fd: M\u00e0u s\u1eafc hi\u1ec3n th\u1ecb tr\u00ean website c\u00f3 th\u1ec3 kh\u00f4ng ch\u00ednh x\u00e1c do ch\u1ee5p \u1ea3nh, ho\u1eb7c m\u00f4 ph\u1ecfng b\u1eb1ng \u1ea3nh 3D. Kh\u00e1ch h\u00e0ng vui l\u00f2ng ki\u1ec3m tra x\u00e1c nh\u1eadn m\u00e0u s\u1eafc tr\u01b0\u1edbc khi \u0111\u1eb7t h\u00e0ng<\/i>)<\/p>\n","protected":false},"excerpt":{"rendered":"<p>T\u1ee7 t\u00e0i li\u1ec7u g\u1ed7 ATHENA AT1960-3K\u00a0l\u00e0 m\u1eabu\u00a0t\u1ee7 h\u1ed3 s\u01a1 g\u1ed7\u00a03 khoang, ch\u1ea5t li\u1ec7u g\u1ed7 c\u00f4ng nghi\u1ec7p ph\u1ee7 melamine, b\u00ean tr\u00ean<\/p>\n","protected":false},"featured_media":31414,"comment_status":"open","ping_status":"closed","template":"","meta":[],"product_brand":[120],"product_cat":[77],"product_tag":[],"class_list":{"0":"post-31413","1":"product","2":"type-product","3":"status-publish","4":"has-post-thumbnail","6":"product_brand-tu-ho-so","7":"product_cat-noi-that-van-phong-truong-hoc","9":"first","10":"instock","11":"shipping-taxable","12":"product-type-simple"},"_links":{"self":[{"href":"https:\/\/108giahoa.com\/index.php?rest_route=\/wp\/v2\/product\/31413","targetHints":{"allow":["GET"]}}],"collection":[{"href":"https:\/\/108giahoa.com\/index.php?rest_route=\/wp\/v2\/product"}],"about":[{"href":"https:\/\/108giahoa.com\/index.php?rest_route=\/wp\/v2\/types\/product"}],"replies":[{"embeddable":true,"href":"https:\/\/108giahoa.com\/index.php?rest_route=%2Fwp%2Fv2%2Fcomments&post=31413"}],"version-history":[{"count":2,"href":"https:\/\/108giahoa.com\/index.php?rest_route=\/wp\/v2\/product\/31413\/revisions"}],"predecessor-version":[{"id":31417,"href":"https:\/\/108giahoa.com\/index.php?rest_route=\/wp\/v2\/product\/31413\/revisions\/31417"}],"wp:featuredmedia":[{"embeddable":true,"href":"https:\/\/108giahoa.com\/index.php?rest_route=\/wp\/v2\/media\/31414"}],"wp:attachment":[{"href":"https:\/\/108giahoa.com\/index.php?rest_route=%2Fwp%2Fv2%2Fmedia&parent=31413"}],"wp:term":[{"taxonomy":"product_brand","embeddable":true,"href":"https:\/\/108giahoa.com\/index.php?rest_route=%2Fwp%2Fv2%2Fproduct_brand&post=31413"},{"taxonomy":"product_cat","embeddable":true,"href":"https:\/\/108giahoa.com\/index.php?rest_route=%2Fwp%2Fv2%2Fproduct_cat&post=31413"},{"taxonomy":"product_tag","embeddable":true,"href":"https:\/\/108giahoa.com\/index.php?rest_route=%2Fwp%2Fv2%2Fproduct_tag&post=31413"}],"curies":[{"name":"wp","href":"https:\/\/api.w.org\/{rel}","templated":true}]}}